{"id":2067,"date":"2025-06-27T15:44:53","date_gmt":"2025-06-27T15:44:53","guid":{"rendered":"https:\/\/www.18verified.com\/blog\/"},"modified":"2025-09-12T05:46:13","modified_gmt":"2025-09-12T05:46:13","slug":"blog","status":"publish","type":"page","link":"https:\/\/www.18verified.com\/de\/blog\/","title":{"rendered":"Blog"},"content":{"rendered":"\t\t<div data-elementor-type=\"wp-page\" data-elementor-id=\"2067\" class=\"elementor elementor-2067 elementor-660\" data-elementor-post-type=\"page\">\n\t\t\t\t<div class=\"elementor-element elementor-element-4b663b5 e-flex e-con-boxed e-con e-parent\" data-id=\"4b663b5\" data-element_type=\"container\" data-settings=\"{&quot;background_background&quot;:&quot;classic&quot;}\">\n\t\t\t\t\t<div class=\"e-con-inner\">\n\t\t\t\t<div class=\"elementor-element elementor-element-6f0b091 elementor-widget elementor-widget-elementskit-heading\" data-id=\"6f0b091\" data-element_type=\"widget\" data-widget_type=\"elementskit-heading.default\">\n\t\t\t\t<div class=\"elementor-widget-container\">\n\t\t\t\t\t<div class=\"ekit-wid-con\" ><div class=\"ekit-heading elementskit-section-title-wraper text_center   ekit_heading_tablet-   ekit_heading_mobile-\"><h2 class=\"ekit-heading--title elementskit-section-title \">Blog &amp; Informationszentrum<\/h2><h3 class=\"ekit-heading--subtitle elementskit-section-subtitle  \">\n\t\t\t\t\t\tStartseite \/ Blogs\n\t\t\t\t\t<\/h3><\/div><\/div>\t\t\t\t<\/div>\n\t\t\t\t<\/div>\n\t\t\t\t\t<\/div>\n\t\t\t\t<\/div>\n\t\t<div class=\"elementor-element elementor-element-938aa68 e-flex e-con-boxed e-con e-parent\" data-id=\"938aa68\" data-element_type=\"container\">\n\t\t\t\t\t<div class=\"e-con-inner\">\n\t\t\t\t<div class=\"elementor-element elementor-element-998cb82 premium-blog-align-left elementor-widget elementor-widget-premium-addon-blog\" data-id=\"998cb82\" data-element_type=\"widget\" data-widget_type=\"premium-addon-blog.default\">\n\t\t\t\t<div class=\"elementor-widget-container\">\n\t\t\t\t\t\n\t\t\t\t<div class=\"premium-blog-wrap  premium-blog-list\" data-page=\"2067\">\n\t\t\t\t\t<div class=\"premium-blog-post-outer-container\" data-total=\"1\">\r\n\t\t\t<div class=\"premium-blog-post-container premium-blog-skin-side\">\r\n\t\t\t\t\t\t\t\t\t<div class=\"premium-blog-thumb-effect-wrapper\">\r\n\t\t\t\t\t\t<div class=\"premium-blog-thumbnail-container premium-blog-zoomout-effect\">\r\n\t\t\t\t\t\t\t<img fetchpriority=\"high\" decoding=\"async\" width=\"1152\" height=\"866\" src=\"https:\/\/www.18verified.com\/wp-content\/uploads\/2025\/08\/207e92be-94e7-49f1-9470-270f8604035e.webp\" class=\"attachment-full size-full wp-image-1869\" alt=\"\" srcset=\"https:\/\/www.18verified.com\/wp-content\/uploads\/2025\/08\/207e92be-94e7-49f1-9470-270f8604035e.webp 1152w, https:\/\/www.18verified.com\/wp-content\/uploads\/2025\/08\/207e92be-94e7-49f1-9470-270f8604035e-600x451.webp 600w, https:\/\/www.18verified.com\/wp-content\/uploads\/2025\/08\/207e92be-94e7-49f1-9470-270f8604035e-300x226.webp 300w, https:\/\/www.18verified.com\/wp-content\/uploads\/2025\/08\/207e92be-94e7-49f1-9470-270f8604035e-1024x770.webp 1024w, https:\/\/www.18verified.com\/wp-content\/uploads\/2025\/08\/207e92be-94e7-49f1-9470-270f8604035e-768x577.webp 768w\" sizes=\"(max-width: 1152px) 100vw, 1152px\" \/>\t\t\t\t\t\t<\/div>\r\n\t\t\t\t\t\t\t\t\t\t\t\t\t<div class=\"premium-blog-thumbnail-overlay\">\r\n\t\t\t\t\t\t\t\t<a class=\"elementor-icon\" href=\"https:\/\/www.18verified.com\/de\/private-altersverifizierung-18verified\/\" target=\"_blank\"><\/a>\r\n\t\t\t\t\t\t\t<\/div>\r\n\r\n\t\t\t\t\t\t\t\t\t\t\t\t\t\t\t\t\t\t<\/div>\r\n\t\t\t\t\t\t\t\t\t\t\t\t<div class=\"premium-blog-content-wrapper \">\r\n\r\n\t\t\t\t\t<div class=\"premium-blog-inner-container\">\r\n\r\n\t\t\t\t\t\t\t\t\t\t\t\t\t\t<h2 class=\"premium-blog-entry-title\">\r\n\t\t\t<a href=\"https:\/\/www.18verified.com\/de\/private-altersverifizierung-18verified\/\" target=\"_blank\">\r\n\t\t\t\tPrivate Altersverifizierung | 18Verified\t\t\t<\/a>\r\n\t\t<\/h2>\r\n\t\t\t\t<div class=\"premium-blog-entry-meta\">\r\n\t\t\t\r\n\t\t\t\r\n\t\t\t\r\n\t\t\t\t\t<\/div>\r\n\t\t\r\n\t\t\t\t\t<\/div>\r\n\r\n\t\t\t\t\t\t\t<div class=\"premium-blog-content-inner-wrapper\">\r\n\t\t<p class=\"premium-blog-post-content\">\ud83d\udd12 Private Altersverifizierung mit 18Verified: Kein Tracking, kein Fu\u00dfabdruck, 100 % vertraulich In einer digitalen Welt, in der jeder Klick, jedes Scrollen \u2026<\/p>\t\t<\/div>\r\n\t\t\t\t\t\t\t\r\n\t\t\t\t<\/div>\r\n\t\t\t<\/div>\r\n\t\t<\/div>\r\n\r\n\t\t\t\t<div class=\"premium-blog-post-outer-container\" data-total=\"1\">\r\n\t\t\t<div class=\"premium-blog-post-container premium-blog-skin-side\">\r\n\t\t\t\t\t\t\t\t\t<div class=\"premium-blog-thumb-effect-wrapper\">\r\n\t\t\t\t\t\t<div class=\"premium-blog-thumbnail-container premium-blog-zoomout-effect\">\r\n\t\t\t\t\t\t\t<img decoding=\"async\" width=\"1152\" height=\"866\" src=\"https:\/\/www.18verified.com\/wp-content\/uploads\/2025\/08\/83492be2-067a-4f25-a2c5-1869db21f3f9.webp\" class=\"attachment-full size-full wp-image-1836\" alt=\"\" srcset=\"https:\/\/www.18verified.com\/wp-content\/uploads\/2025\/08\/83492be2-067a-4f25-a2c5-1869db21f3f9.webp 1152w, https:\/\/www.18verified.com\/wp-content\/uploads\/2025\/08\/83492be2-067a-4f25-a2c5-1869db21f3f9-600x451.webp 600w, https:\/\/www.18verified.com\/wp-content\/uploads\/2025\/08\/83492be2-067a-4f25-a2c5-1869db21f3f9-300x226.webp 300w, https:\/\/www.18verified.com\/wp-content\/uploads\/2025\/08\/83492be2-067a-4f25-a2c5-1869db21f3f9-1024x770.webp 1024w, https:\/\/www.18verified.com\/wp-content\/uploads\/2025\/08\/83492be2-067a-4f25-a2c5-1869db21f3f9-768x577.webp 768w\" sizes=\"(max-width: 1152px) 100vw, 1152px\" \/>\t\t\t\t\t\t<\/div>\r\n\t\t\t\t\t\t\t\t\t\t\t\t\t<div class=\"premium-blog-thumbnail-overlay\">\r\n\t\t\t\t\t\t\t\t<a class=\"elementor-icon\" href=\"https:\/\/www.18verified.com\/de\/warum-die-partnerschaft-mit-18verified-ihnen-geld-spart-loesungen-zur-altersverifizierung\/\" target=\"_blank\"><\/a>\r\n\t\t\t\t\t\t\t<\/div>\r\n\r\n\t\t\t\t\t\t\t\t\t\t\t\t\t\t\t\t\t\t<\/div>\r\n\t\t\t\t\t\t\t\t\t\t\t\t<div class=\"premium-blog-content-wrapper \">\r\n\r\n\t\t\t\t\t<div class=\"premium-blog-inner-container\">\r\n\r\n\t\t\t\t\t\t\t\t\t\t\t\t\t\t<h2 class=\"premium-blog-entry-title\">\r\n\t\t\t<a href=\"https:\/\/www.18verified.com\/de\/warum-die-partnerschaft-mit-18verified-ihnen-geld-spart-loesungen-zur-altersverifizierung\/\" target=\"_blank\">\r\n\t\t\t\tWarum die Partnerschaft mit 18Verified Ihnen Geld spart | L\u00f6sungen zur Altersverifizierung\t\t\t<\/a>\r\n\t\t<\/h2>\r\n\t\t\t\t<div class=\"premium-blog-entry-meta\">\r\n\t\t\t\r\n\t\t\t\r\n\t\t\t\r\n\t\t\t\t\t<\/div>\r\n\t\t\r\n\t\t\t\t\t<\/div>\r\n\r\n\t\t\t\t\t\t\t<div class=\"premium-blog-content-inner-wrapper\">\r\n\t\t<p class=\"premium-blog-post-content\">\ud83d\udcbc Warum sich kluge Unternehmen f\u00fcr eine Partnerschaft mit 18Verified entscheiden \u2013 und warum die Pay-per-Verification-Methode Sie mehr kostet, als Sie denken \u2026<\/p>\t\t<\/div>\r\n\t\t\t\t\t\t\t\r\n\t\t\t\t<\/div>\r\n\t\t\t<\/div>\r\n\t\t<\/div>\r\n\r\n\t\t\t\t<div class=\"premium-blog-post-outer-container\" data-total=\"1\">\r\n\t\t\t<div class=\"premium-blog-post-container premium-blog-skin-side\">\r\n\t\t\t\t\t\t\t\t\t<div class=\"premium-blog-thumb-effect-wrapper\">\r\n\t\t\t\t\t\t<div class=\"premium-blog-thumbnail-container premium-blog-zoomout-effect\">\r\n\t\t\t\t\t\t\t<img decoding=\"async\" width=\"1152\" height=\"866\" src=\"https:\/\/www.18verified.com\/wp-content\/uploads\/2025\/08\/f2c6fc8c-db71-4cce-b5eb-fbbfae523149.webp\" class=\"attachment-full size-full wp-image-1787\" alt=\"\" srcset=\"https:\/\/www.18verified.com\/wp-content\/uploads\/2025\/08\/f2c6fc8c-db71-4cce-b5eb-fbbfae523149.webp 1152w, https:\/\/www.18verified.com\/wp-content\/uploads\/2025\/08\/f2c6fc8c-db71-4cce-b5eb-fbbfae523149-600x451.webp 600w, https:\/\/www.18verified.com\/wp-content\/uploads\/2025\/08\/f2c6fc8c-db71-4cce-b5eb-fbbfae523149-300x226.webp 300w, https:\/\/www.18verified.com\/wp-content\/uploads\/2025\/08\/f2c6fc8c-db71-4cce-b5eb-fbbfae523149-1024x770.webp 1024w, https:\/\/www.18verified.com\/wp-content\/uploads\/2025\/08\/f2c6fc8c-db71-4cce-b5eb-fbbfae523149-768x577.webp 768w\" sizes=\"(max-width: 1152px) 100vw, 1152px\" \/>\t\t\t\t\t\t<\/div>\r\n\t\t\t\t\t\t\t\t\t\t\t\t\t<div class=\"premium-blog-thumbnail-overlay\">\r\n\t\t\t\t\t\t\t\t<a class=\"elementor-icon\" href=\"https:\/\/www.18verified.com\/de\/loesungen-zur-altersverifikation-fuer-unternehmen-18verified\/\" target=\"_blank\"><\/a>\r\n\t\t\t\t\t\t\t<\/div>\r\n\r\n\t\t\t\t\t\t\t\t\t\t\t\t\t\t\t\t\t\t<\/div>\r\n\t\t\t\t\t\t\t\t\t\t\t\t<div class=\"premium-blog-content-wrapper \">\r\n\r\n\t\t\t\t\t<div class=\"premium-blog-inner-container\">\r\n\r\n\t\t\t\t\t\t\t\t\t\t\t\t\t\t<h2 class=\"premium-blog-entry-title\">\r\n\t\t\t<a href=\"https:\/\/www.18verified.com\/de\/loesungen-zur-altersverifikation-fuer-unternehmen-18verified\/\" target=\"_blank\">\r\n\t\t\t\tL\u00f6sungen zur Altersverifikation f\u00fcr Unternehmen | 18Verified\t\t\t<\/a>\r\n\t\t<\/h2>\r\n\t\t\t\t<div class=\"premium-blog-entry-meta\">\r\n\t\t\t\r\n\t\t\t\r\n\t\t\t\r\n\t\t\t\t\t<\/div>\r\n\t\t\r\n\t\t\t\t\t<\/div>\r\n\r\n\t\t\t\t\t\t\t<div class=\"premium-blog-content-inner-wrapper\">\r\n\t\t<p class=\"premium-blog-post-content\">\u2705 L\u00f6sungen zur Altersverifikation f\u00fcr Unternehmen: Bleiben Sie legal, bauen Sie Vertrauen auf und steigern Sie Ihre Gewinne im Jahr 2025 Angesichts \u2026<\/p>\t\t<\/div>\r\n\t\t\t\t\t\t\t\r\n\t\t\t\t<\/div>\r\n\t\t\t<\/div>\r\n\t\t<\/div>\r\n\r\n\t\t\t\t<div class=\"premium-blog-post-outer-container\" data-total=\"1\">\r\n\t\t\t<div class=\"premium-blog-post-container premium-blog-skin-side\">\r\n\t\t\t\t\t\t\t\t\t<div class=\"premium-blog-thumb-effect-wrapper\">\r\n\t\t\t\t\t\t<div class=\"premium-blog-thumbnail-container premium-blog-zoomout-effect\">\r\n\t\t\t\t\t\t\t<img loading=\"lazy\" decoding=\"async\" width=\"1152\" height=\"866\" src=\"https:\/\/www.18verified.com\/wp-content\/uploads\/2025\/07\/f5faa54e-3593-4ca8-8e78-752b0f642332.webp\" class=\"attachment-full size-full wp-image-1866\" alt=\"\" srcset=\"https:\/\/www.18verified.com\/wp-content\/uploads\/2025\/07\/f5faa54e-3593-4ca8-8e78-752b0f642332.webp 1152w, https:\/\/www.18verified.com\/wp-content\/uploads\/2025\/07\/f5faa54e-3593-4ca8-8e78-752b0f642332-600x451.webp 600w, https:\/\/www.18verified.com\/wp-content\/uploads\/2025\/07\/f5faa54e-3593-4ca8-8e78-752b0f642332-300x226.webp 300w, https:\/\/www.18verified.com\/wp-content\/uploads\/2025\/07\/f5faa54e-3593-4ca8-8e78-752b0f642332-1024x770.webp 1024w, https:\/\/www.18verified.com\/wp-content\/uploads\/2025\/07\/f5faa54e-3593-4ca8-8e78-752b0f642332-768x577.webp 768w\" sizes=\"(max-width: 1152px) 100vw, 1152px\" \/>\t\t\t\t\t\t<\/div>\r\n\t\t\t\t\t\t\t\t\t\t\t\t\t<div class=\"premium-blog-thumbnail-overlay\">\r\n\t\t\t\t\t\t\t\t<a class=\"elementor-icon\" href=\"https:\/\/www.18verified.com\/de\/warum-frankreich-pornhub-nicht-laenger-erlaubt-compliance-fuer-inhalte-fuer-erwachsene\/\" target=\"_blank\"><\/a>\r\n\t\t\t\t\t\t\t<\/div>\r\n\r\n\t\t\t\t\t\t\t\t\t\t\t\t\t\t\t\t\t\t<\/div>\r\n\t\t\t\t\t\t\t\t\t\t\t\t<div class=\"premium-blog-content-wrapper \">\r\n\r\n\t\t\t\t\t<div class=\"premium-blog-inner-container\">\r\n\r\n\t\t\t\t\t\t\t\t\t\t\t\t\t\t<h2 class=\"premium-blog-entry-title\">\r\n\t\t\t<a href=\"https:\/\/www.18verified.com\/de\/warum-frankreich-pornhub-nicht-laenger-erlaubt-compliance-fuer-inhalte-fuer-erwachsene\/\" target=\"_blank\">\r\n\t\t\t\tWarum Frankreich Pornhub nicht l\u00e4nger erlaubt | Compliance f\u00fcr Inhalte f\u00fcr Erwachsene\t\t\t<\/a>\r\n\t\t<\/h2>\r\n\t\t\t\t<div class=\"premium-blog-entry-meta\">\r\n\t\t\t\r\n\t\t\t\r\n\t\t\t\r\n\t\t\t\t\t<\/div>\r\n\t\t\r\n\t\t\t\t\t<\/div>\r\n\r\n\t\t\t\t\t\t\t<div class=\"premium-blog-content-inner-wrapper\">\r\n\t\t<p class=\"premium-blog-post-content\">Warum Frankreich Pornhub nicht l\u00e4nger erlaubt: Altersverifizierung, Zensur und juristisches Durchgreifen Schl\u00fcsselw\u00f6rter: Frankreich verbietet Pornhub, Gesetze zur Altersverifizierung Frankreich, Pornhub in Frankreich \u2026<\/p>\t\t<\/div>\r\n\t\t\t\t\t\t\t\r\n\t\t\t\t<\/div>\r\n\t\t\t<\/div>\r\n\t\t<\/div>\r\n\r\n\t\t\t\t<\/div>\n\n\t\t\t\t\t\t<\/div>\n\t\t\t\t<\/div>\n\t\t\t\t\t<\/div>\n\t\t\t\t<\/div>\n\t\t\t\t<\/div>\n\t\t","protected":false},"excerpt":{"rendered":"<p>Blog &amp; Informationszentrum Startseite \/ Blogs \ud83d\udc9c Why 18Verified is Different From Every Other Age Verification Solution The demand for online age verification is exploding worldwide as governments enforce stricter online safety laws. From the UK\u2019s Online Safety Act \u2026 \ud83d\udd12 18Verified \u2014 The Smarter, Privacy-First Age Verification Solution As online safety laws tighten worldwide, [&hellip;]<\/p>\n","protected":false},"author":1,"featured_media":0,"parent":0,"menu_order":0,"comment_status":"closed","ping_status":"closed","template":"elementor_header_footer","meta":{"postBodyCss":"","postBodyMargin":[],"postBodyPadding":[],"postBodyBackground":{"backgroundType":"classic","gradient":""},"footnotes":""},"class_list":["post-2067","page","type-page","status-publish","hentry"],"_links":{"self":[{"href":"https:\/\/www.18verified.com\/de\/wp-json\/wp\/v2\/pages\/2067","targetHints":{"allow":["GET"]}}],"collection":[{"href":"https:\/\/www.18verified.com\/de\/wp-json\/wp\/v2\/pages"}],"about":[{"href":"https:\/\/www.18verified.com\/de\/wp-json\/wp\/v2\/types\/page"}],"author":[{"embeddable":true,"href":"https:\/\/www.18verified.com\/de\/wp-json\/wp\/v2\/users\/1"}],"replies":[{"embeddable":true,"href":"https:\/\/www.18verified.com\/de\/wp-json\/wp\/v2\/comments?post=2067"}],"version-history":[{"count":1,"href":"https:\/\/www.18verified.com\/de\/wp-json\/wp\/v2\/pages\/2067\/revisions"}],"predecessor-version":[{"id":2068,"href":"https:\/\/www.18verified.com\/de\/wp-json\/wp\/v2\/pages\/2067\/revisions\/2068"}],"wp:attachment":[{"href":"https:\/\/www.18verified.com\/de\/wp-json\/wp\/v2\/media?parent=2067"}],"curies":[{"name":"wp","href":"https:\/\/api.w.org\/{rel}","templated":true}]}}