{"id":2144,"date":"2025-06-05T08:15:00","date_gmt":"2025-06-05T08:15:00","guid":{"rendered":"https:\/\/www.18verified.com\/welche-neuen-gesetze-gibt-es\/"},"modified":"2025-09-12T08:43:58","modified_gmt":"2025-09-12T08:43:58","slug":"welche-neuen-gesetze-gibt-es","status":"publish","type":"page","link":"https:\/\/www.18verified.com\/de\/welche-neuen-gesetze-gibt-es\/","title":{"rendered":"Welche neuen Gesetze gibt es?"},"content":{"rendered":"\t\t<div data-elementor-type=\"wp-page\" data-elementor-id=\"2144\" class=\"elementor elementor-2144 elementor-363\" data-elementor-post-type=\"page\">\n\t\t\t\t<div class=\"elementor-element elementor-element-7f92e790 e-flex e-con-boxed e-con e-parent\" data-id=\"7f92e790\" data-element_type=\"container\" data-settings=\"{&quot;background_background&quot;:&quot;classic&quot;}\">\n\t\t\t\t\t<div class=\"e-con-inner\">\n\t\t\t\t<div class=\"elementor-element elementor-element-78c46843 elementor-widget elementor-widget-elementskit-heading\" data-id=\"78c46843\" data-element_type=\"widget\" data-widget_type=\"elementskit-heading.default\">\n\t\t\t\t<div class=\"elementor-widget-container\">\n\t\t\t\t\t<div class=\"ekit-wid-con\" ><div class=\"ekit-heading elementskit-section-title-wraper text_center   ekit_heading_tablet-   ekit_heading_mobile-\"><h2 class=\"ekit-heading--title elementskit-section-title \">Welche neuen Gesetze gibt es?<\/h2><h3 class=\"ekit-heading--subtitle elementskit-section-subtitle  \">\n\t\t\t\t\t\tStartseite \/ Neue Gesetze\n\t\t\t\t\t<\/h3><\/div><\/div>\t\t\t\t<\/div>\n\t\t\t\t<\/div>\n\t\t\t\t\t<\/div>\n\t\t\t\t<\/div>\n\t\t<div class=\"elementor-element elementor-element-9f3228c e-flex e-con-boxed e-con e-parent\" data-id=\"9f3228c\" data-element_type=\"container\">\n\t\t\t\t\t<div class=\"e-con-inner\">\n\t\t\t\t<div class=\"elementor-element elementor-element-5bcccf8 elementor-widget elementor-widget-text-editor\" data-id=\"5bcccf8\" data-element_type=\"widget\" data-widget_type=\"text-editor.default\">\n\t\t\t\t<div class=\"elementor-widget-container\">\n\t\t\t\t\t\t\t\t\t<h1 data-pm-slice=\"1 1 []\">Neue Gesetze zur Altersverifizierung: Wie 18Verified die globale Compliance Ihrer Website gew\u00e4hrleistet<\/h1><p data-pm-slice=\"1 1 []\">Regierungen auf der ganzen Welt, darunter Gro\u00dfbritannien, die USA, Australien und Europa, haben strenge Gesetze zur Altersverifizierung eingef\u00fchrt, um Minderj\u00e4hrige vor dem Zugriff auf unangemessene Online-Inhalte und -Produkte zu sch\u00fctzen. Die Einhaltung dieser Gesetze ist jetzt von entscheidender Bedeutung f\u00fcr Websites, die in den Bereichen Erwachseneninhalte, Vaping, Gl\u00fccksspiel, CBD und anderen altersrelevanten Sektoren t\u00e4tig sind. <\/p><p>Hier erfahren Sie, was Sie \u00fcber die verschiedenen regionalen Vorschriften wissen m\u00fcssen und wie 18Verified Ihnen m\u00fchelos helfen kann, diese einzuhalten.<\/p><p> <\/p>\t\t\t\t\t\t\t\t<\/div>\n\t\t\t\t<\/div>\n\t\t\t\t<div class=\"elementor-element elementor-element-3cf082b elementor-widget elementor-widget-image\" data-id=\"3cf082b\" data-element_type=\"widget\" data-widget_type=\"image.default\">\n\t\t\t\t<div class=\"elementor-widget-container\">\n\t\t\t\t\t\t\t\t\t\t\t\t\t\t\t<img decoding=\"async\" width=\"300\" height=\"155\" src=\"https:\/\/www.18verified.com\/wp-content\/uploads\/2025\/07\/World_Map_300x150_Button-1-300x155.png\" class=\"attachment-medium size-medium wp-image-2065\" alt=\"\" srcset=\"https:\/\/www.18verified.com\/wp-content\/uploads\/2025\/07\/World_Map_300x150_Button-1-300x155.png 300w, https:\/\/www.18verified.com\/wp-content\/uploads\/2025\/07\/World_Map_300x150_Button-1.png 310w\" sizes=\"(max-width: 300px) 100vw, 300px\" \/>\t\t\t\t\t\t\t\t\t\t\t\t\t\t\t<\/div>\n\t\t\t\t<\/div>\n\t\t\t\t<div class=\"elementor-element elementor-element-27e44ae elementor-widget elementor-widget-text-editor\" data-id=\"27e44ae\" data-element_type=\"widget\" data-widget_type=\"text-editor.default\">\n\t\t\t\t<div class=\"elementor-widget-container\">\n\t\t\t\t\t\t\t\t\t<h2>Die verschiedenen Gesetze zur Altersverifizierung verstehen<\/h2><h3>Vereinigtes K\u00f6nigreich<\/h3><p>Der Online Safety Act des Vereinigten K\u00f6nigreichs erfordert eine robuste Altersverifizierung f\u00fcr Websites, die Inhalte f\u00fcr Erwachsene, Gl\u00fccksspielplattformen, Vaping-Produkte und CBD-H\u00e4ndler hosten. Websites m\u00fcssen sicherstellen, dass Besucher durch sichere und zuverl\u00e4ssige Verifizierungsmethoden als 18+ best\u00e4tigt werden. <\/p><h3>Vereinigte Staaten<\/h3><p>In den USA variieren die Gesetze je nach Bundesstaat, wobei viele Gerichtsbarkeiten strenge Ma\u00dfnahmen zur Altersverifizierung vorschreiben. Branchen wie Erwachsenenunterhaltung, Cannabis, Vaping-Produkte und Online-Gl\u00fccksspiel m\u00fcssen \u00fcberpr\u00fcfbare Methoden implementieren, um das Alter der Benutzer genau zu best\u00e4tigen. <\/p><h3>Australien<\/h3><p>Die australischen Bundes- und Landesvorschriften fordern strenge Online-Alterskontrollen, insbesondere f\u00fcr Websites mit Inhalten f\u00fcr Erwachsene, Online-Gl\u00fccksspielplattformen und die Vaping-Industrie. Nichteinhaltung zieht erhebliche Strafen nach sich, was eine genaue \u00dcberpr\u00fcfung unerl\u00e4sslich macht. <\/p><h3>Europa<\/h3><p>In der gesamten Europ\u00e4ischen Union erfordern digitale Sicherheitsbestimmungen wie die DSGVO Altersverifizierungsl\u00f6sungen, die nicht nur das Alter effektiv best\u00e4tigen, sondern auch die Privatsph\u00e4re der Benutzer rigoros sch\u00fctzen. Dies bedeutet, dass L\u00f6sungen Daten verantwortungsvoll behandeln und strikte Vertraulichkeit wahren m\u00fcssen. <\/p><h2>Wie 18Verified die Compliance sicherstellt<\/h2><p>18Verified vereinfacht die globale Compliance, indem es allgemein akzeptierte Verifizierungsmethoden anbietet, darunter:<\/p><ul data-spread=\"false\"><li><p><strong>Kreditkartenverifizierung<\/strong>: Eine schnelle, zuverl\u00e4ssige Methode, die das Alter eines Benutzers durch eine sichere, transaktionsfreie Verifizierung best\u00e4tigt.<\/p><\/li><li><p><strong>Foto-ID-Abgleich<\/strong>: Sichere \u00dcberpr\u00fcfung der Identit\u00e4t durch Hochladen eines Ausweises und eines Selfies durch die Benutzer.<\/p><\/li><\/ul><p> <\/p>\t\t\t\t\t\t\t\t<\/div>\n\t\t\t\t<\/div>\n\t\t\t\t<div class=\"elementor-element elementor-element-c9190db elementor-widget elementor-widget-image\" data-id=\"c9190db\" data-element_type=\"widget\" data-widget_type=\"image.default\">\n\t\t\t\t<div class=\"elementor-widget-container\">\n\t\t\t\t\t\t\t\t\t\t\t\t\t\t\t<img fetchpriority=\"high\" decoding=\"async\" width=\"300\" height=\"300\" src=\"https:\/\/www.18verified.com\/wp-content\/uploads\/2025\/07\/ChatGPT-Image-Jul-24-2025-11_08_29-AM-300x300.png\" class=\"attachment-medium size-medium wp-image-2066\" alt=\"\" srcset=\"https:\/\/www.18verified.com\/wp-content\/uploads\/2025\/07\/ChatGPT-Image-Jul-24-2025-11_08_29-AM-300x300.png 300w, https:\/\/www.18verified.com\/wp-content\/uploads\/2025\/07\/ChatGPT-Image-Jul-24-2025-11_08_29-AM-100x100.png 100w, https:\/\/www.18verified.com\/wp-content\/uploads\/2025\/07\/ChatGPT-Image-Jul-24-2025-11_08_29-AM-600x600.png 600w, https:\/\/www.18verified.com\/wp-content\/uploads\/2025\/07\/ChatGPT-Image-Jul-24-2025-11_08_29-AM-150x150.png 150w, https:\/\/www.18verified.com\/wp-content\/uploads\/2025\/07\/ChatGPT-Image-Jul-24-2025-11_08_29-AM-768x768.png 768w, https:\/\/www.18verified.com\/wp-content\/uploads\/2025\/07\/ChatGPT-Image-Jul-24-2025-11_08_29-AM.png 1024w\" sizes=\"(max-width: 300px) 100vw, 300px\" \/>\t\t\t\t\t\t\t\t\t\t\t\t\t\t\t<\/div>\n\t\t\t\t<\/div>\n\t\t\t\t<div class=\"elementor-element elementor-element-ecc53ac elementor-widget elementor-widget-text-editor\" data-id=\"ecc53ac\" data-element_type=\"widget\" data-widget_type=\"text-editor.default\">\n\t\t\t\t<div class=\"elementor-widget-container\">\n\t\t\t\t\t\t\t\t\t<h2>Warum 18Verified f\u00fcr internationale Compliance w\u00e4hlen?<\/h2><h3>Datenschutz geht vor<\/h3><p>18Verified h\u00e4lt sich an die h\u00f6chsten Datenschutzstandards und gew\u00e4hrleistet minimale Datenspeicherung, robuste Verschl\u00fcsselung und strikte Vertraulichkeit. Die Privatsph\u00e4re Ihrer Benutzer hat f\u00fcr uns immer oberste Priorit\u00e4t. <\/p><h3>Globale Kompatibilit\u00e4t<\/h3><p>Unsere L\u00f6sungen stimmen nahtlos mit den regulatorischen Anforderungen in Gro\u00dfbritannien, den USA, Australien, Europa und anderen globalen M\u00e4rkten \u00fcberein, sodass Ihr Unternehmen sicher und zuversichtlich expandieren kann.<\/p><h3>Einfache Integration<\/h3><p>Die L\u00f6sungen von 18Verified bieten eine einfache Implementierung entweder \u00fcber eine API oder eine Plug &amp; Play-Integration, was eine schnelle Bereitstellung unabh\u00e4ngig von Ihren technischen F\u00e4higkeiten oder Ihrer Unternehmensgr\u00f6\u00dfe erm\u00f6glicht.<\/p><h3>Kosteng\u00fcnstig<\/h3><p>Das einzigartige abonnementbasierte Modell von 18Verified \u00fcbertr\u00e4gt die Verifizierungskosten direkt auf die Benutzer, wodurch Ihre Gesch\u00e4ftskosten im Vergleich zu herk\u00f6mmlichen Pay-per-Verification-Modellen drastisch reduziert werden.<\/p><h2>Mit 18Verified den Vorschriften immer einen Schritt voraus<\/h2><p>Indem Sie sich f\u00fcr 18Verified entscheiden, stellen Sie nicht nur die Einhaltung der Vorschriften in mehreren Gerichtsbarkeiten sicher, sondern sch\u00fctzen auch die Privatsph\u00e4re der Benutzer, senken die Gesch\u00e4ftskosten und verbessern das Kundenerlebnis.<\/p><p>Sichern Sie noch heute die globale Compliance und sch\u00fctzen Sie Ihr Unternehmen f\u00fcr die Zukunft.<\/p><p><a href=\"https:\/\/www.18verified.com\/plans\/\">Treten Sie jetzt 18Verified bei<\/a>.<\/p>\t\t\t\t\t\t\t\t<\/div>\n\t\t\t\t<\/div>\n\t\t\t\t\t<\/div>\n\t\t\t\t<\/div>\n\t\t\t\t<\/div>\n\t\t","protected":false},"excerpt":{"rendered":"<p>Welche neuen Gesetze gibt es? Startseite \/ Neue Gesetze Neue Gesetze zur Altersverifizierung: Wie 18Verified die globale Compliance Ihrer Website gew\u00e4hrleistet Regierungen auf der ganzen Welt, darunter Gro\u00dfbritannien, die USA, Australien und Europa, haben strenge Gesetze zur Altersverifizierung eingef\u00fchrt, um Minderj\u00e4hrige vor dem Zugriff auf unangemessene Online-Inhalte und -Produkte zu sch\u00fctzen. Die Einhaltung dieser Gesetze [&hellip;]<\/p>\n","protected":false},"author":1,"featured_media":0,"parent":0,"menu_order":0,"comment_status":"closed","ping_status":"closed","template":"elementor_header_footer","meta":{"postBodyCss":"","postBodyMargin":[],"postBodyPadding":[],"postBodyBackground":{"backgroundType":"classic","gradient":""},"footnotes":""},"class_list":["post-2144","page","type-page","status-publish","hentry"],"_links":{"self":[{"href":"https:\/\/www.18verified.com\/de\/wp-json\/wp\/v2\/pages\/2144","targetHints":{"allow":["GET"]}}],"collection":[{"href":"https:\/\/www.18verified.com\/de\/wp-json\/wp\/v2\/pages"}],"about":[{"href":"https:\/\/www.18verified.com\/de\/wp-json\/wp\/v2\/types\/page"}],"author":[{"embeddable":true,"href":"https:\/\/www.18verified.com\/de\/wp-json\/wp\/v2\/users\/1"}],"replies":[{"embeddable":true,"href":"https:\/\/www.18verified.com\/de\/wp-json\/wp\/v2\/comments?post=2144"}],"version-history":[{"count":1,"href":"https:\/\/www.18verified.com\/de\/wp-json\/wp\/v2\/pages\/2144\/revisions"}],"predecessor-version":[{"id":2145,"href":"https:\/\/www.18verified.com\/de\/wp-json\/wp\/v2\/pages\/2144\/revisions\/2145"}],"wp:attachment":[{"href":"https:\/\/www.18verified.com\/de\/wp-json\/wp\/v2\/media?parent=2144"}],"curies":[{"name":"wp","href":"https:\/\/api.w.org\/{rel}","templated":true}]}}