{"id":2162,"date":"2025-07-24T10:15:33","date_gmt":"2025-07-24T10:15:33","guid":{"rendered":"https:\/\/www.18verified.com\/erfahrungsberichte\/"},"modified":"2025-09-12T09:08:31","modified_gmt":"2025-09-12T09:08:31","slug":"erfahrungsberichte","status":"publish","type":"page","link":"https:\/\/www.18verified.com\/de\/erfahrungsberichte\/","title":{"rendered":"Erfahrungsberichte"},"content":{"rendered":"\t\t<div data-elementor-type=\"wp-page\" data-elementor-id=\"2162\" class=\"elementor elementor-2162 elementor-1100\" data-elementor-post-type=\"page\">\n\t\t\t\t<div class=\"elementor-element elementor-element-30cb439 e-con-full e-flex e-con e-parent\" data-id=\"30cb439\" data-element_type=\"container\">\n\t\t<div class=\"elementor-element elementor-element-ef09f78 e-con-full e-flex e-con e-child\" data-id=\"ef09f78\" data-element_type=\"container\" data-settings=\"{&quot;background_background&quot;:&quot;classic&quot;}\">\n\t\t\t\t<div class=\"elementor-element elementor-element-982bf9e elementor-widget elementor-widget-heading\" data-id=\"982bf9e\" data-element_type=\"widget\" data-widget_type=\"heading.default\">\n\t\t\t\t<div class=\"elementor-widget-container\">\n\t\t\t\t\t<h2 class=\"elementor-heading-title elementor-size-default\">Erleben Sie zuverl\u00e4ssige Verifizierung mit Vertrauen<\/h2>\t\t\t\t<\/div>\n\t\t\t\t<\/div>\n\t\t\t\t<\/div>\n\t\t\t\t<\/div>\n\t\t<div class=\"elementor-element elementor-element-tEphrzi e-flex e-con-boxed e-con e-parent\" data-id=\"tEphrzi\" data-element_type=\"container\">\n\t\t\t\t\t<div class=\"e-con-inner\">\n\t\t<div class=\"elementor-element elementor-element-I8RK6AY e-con-full e-flex e-con e-child\" data-id=\"I8RK6AY\" data-element_type=\"container\">\n\t\t\t\t<div class=\"elementor-element elementor-element-DEwDjqG elementor-widget elementor-widget-text-editor\" data-id=\"DEwDjqG\" data-element_type=\"widget\" data-widget_type=\"text-editor.default\">\n\t\t\t\t<div class=\"elementor-widget-container\">\n\t\t\t\t\t\t\t\t\t<p>Bei 18verified stehen Vertrauen und Transparenz an erster Stelle. Unser Expertenteam arbeitet sorgf\u00e4ltig an gr\u00fcndlichen \u00dcberpr\u00fcfungen, damit Sie fundierte Entscheidungen treffen k\u00f6nnen. <\/p>\t\t\t\t\t\t\t\t<\/div>\n\t\t\t\t<\/div>\n\t\t\t\t<div class=\"elementor-element elementor-element-3a887c3 elementor-widget elementor-widget-heading\" data-id=\"3a887c3\" data-element_type=\"widget\" data-widget_type=\"heading.default\">\n\t\t\t\t<div class=\"elementor-widget-container\">\n\t\t\t\t\t<h2 class=\"elementor-heading-title elementor-size-default\">Erfahrungsberichte von Benutzern<\/h2>\t\t\t\t<\/div>\n\t\t\t\t<\/div>\n\t\t<div class=\"elementor-element elementor-element-Fra8Qto e-con-full e-flex e-con e-child\" data-id=\"Fra8Qto\" data-element_type=\"container\">\n\t\t\t\t<div class=\"elementor-element elementor-element-vqxLEfj elementor-tablet-position-top elementor-view-default elementor-position-top elementor-mobile-position-top elementor-widget elementor-widget-icon-box\" data-id=\"vqxLEfj\" data-element_type=\"widget\" data-widget_type=\"icon-box.default\">\n\t\t\t\t<div class=\"elementor-widget-container\">\n\t\t\t\t\t\t\t<div class=\"elementor-icon-box-wrapper\">\n\n\t\t\t\t\t\t<div class=\"elementor-icon-box-icon\">\n\t\t\t\t<span  class=\"elementor-icon\">\n\t\t\t\t<i aria-hidden=\"true\" class=\"icon icon-user-registration\"><\/i>\t\t\t\t<\/span>\n\t\t\t<\/div>\n\t\t\t\n\t\t\t\t\t\t<div class=\"elementor-icon-box-content\">\n\n\t\t\t\t\t\t\t\t\t<h3 class=\"elementor-icon-box-title\">\n\t\t\t\t\t\t<span  >\n\t\t\t\t\t\t\tVertrauensw\u00fcrdige Verifizierung\t\t\t\t\t\t<\/span>\n\t\t\t\t\t<\/h3>\n\t\t\t\t\n\t\t\t\t\t\t\t\t\t<p class=\"elementor-icon-box-description\">\n\t\t\t\t\t\t\"18Verified hat den gesamten Prozess so schnell und einfach gemacht. Ich habe mein Alter einmal verifiziert und kann jetzt mit nur einem Login auf alle ben\u00f6tigten Websites zugreifen. Kein wiederholtes Hochladen der ID oder umst\u00e4ndliche Schritte. Es ist sicher, diskret und funktioniert einfach. Ich kann es jedem w\u00e4rmstens empfehlen, der Wert auf Privatsph\u00e4re und Komfort legt!\u201c \n\u2013 Daniel W., verifizierter Nutzer\t\t\t\t\t<\/p>\n\t\t\t\t\n\t\t\t<\/div>\n\t\t\t\n\t\t<\/div>\n\t\t\t\t\t\t<\/div>\n\t\t\t\t<\/div>\n\t\t\t\t<\/div>\n\t\t\t\t<div class=\"elementor-element elementor-element-7636b9b elementor-widget elementor-widget-heading\" data-id=\"7636b9b\" data-element_type=\"widget\" data-widget_type=\"heading.default\">\n\t\t\t\t<div class=\"elementor-widget-container\">\n\t\t\t\t\t<h3 class=\"elementor-heading-title elementor-size-default\">Extrem privat<\/h3>\t\t\t\t<\/div>\n\t\t\t\t<\/div>\n\t\t\t\t<div class=\"elementor-element elementor-element-f20fd2c elementor-widget elementor-widget-text-editor\" data-id=\"f20fd2c\" data-element_type=\"widget\" data-widget_type=\"text-editor.default\">\n\t\t\t\t<div class=\"elementor-widget-container\">\n\t\t\t\t\t\t\t\t\t<p>&#8222;Was mir an 18Verified am besten gef\u00e4llt, ist die hohe Privatsph\u00e4re. Ich musste nicht mehr Informationen preisgeben als n\u00f6tig, und nach der Verifizierung war alles erledigt \u2013 kein Tracking, kein Spam und niemand wei\u00df, welche Websites ich besuche. Es ist die respektvollste und sicherste Alters\u00fcberpr\u00fcfung, die ich je genutzt habe.\u201c<br data-start=\"336\" data-end=\"339\"><em data-start=\"341\" data-end=\"366\">\u2013 Verifizierter Nutzer<\/em><\/p>\t\t\t\t\t\t\t\t<\/div>\n\t\t\t\t<\/div>\n\t\t\t\t<div class=\"elementor-element elementor-element-545e7a1 elementor-widget elementor-widget-heading\" data-id=\"545e7a1\" data-element_type=\"widget\" data-widget_type=\"heading.default\">\n\t\t\t\t<div class=\"elementor-widget-container\">\n\t\t\t\t\t<h3 class=\"elementor-heading-title elementor-size-default\">Einfaches Browsen<\/h3>\t\t\t\t<\/div>\n\t\t\t\t<\/div>\n\t\t\t\t<div class=\"elementor-element elementor-element-7518694 elementor-widget elementor-widget-text-editor\" data-id=\"7518694\" data-element_type=\"widget\" data-widget_type=\"text-editor.default\">\n\t\t\t\t<div class=\"elementor-widget-container\">\n\t\t\t\t\t\t\t\t\t<p>&#8222;Von allen verf\u00fcgbaren Altersverifizierungsoptionen ist 18Verified einfach die sinnvollste. Eine schnelle Verifizierung, ein Login und schon kann ich auf mehreren Websites surfen. Kein l\u00e4stiges Hin und Her oder wiederholtes Bezahlen. Es ist erschwinglich, intelligent und wirklich benutzerfreundlich entwickelt.\u201c \u2013 <em>Verifizierter Benutzer<\/em><\/p>\t\t\t\t\t\t\t\t<\/div>\n\t\t\t\t<\/div>\n\t\t<div class=\"elementor-element elementor-element-mJEwYU2 e-con-full e-flex e-con e-child\" data-id=\"mJEwYU2\" data-element_type=\"container\">\n\t\t\t\t<div class=\"elementor-element elementor-element-4TJP2nV elementor-widget__width-auto elementor-widget elementor-widget-button\" data-id=\"4TJP2nV\" data-element_type=\"widget\" data-widget_type=\"button.default\">\n\t\t\t\t<div class=\"elementor-widget-container\">\n\t\t\t\t\t\t\t\t\t<div class=\"elementor-button-wrapper\">\n\t\t\t\t\t<a class=\"elementor-button elementor-button-link elementor-size-sm\" href=\"#\">\n\t\t\t\t\t\t<span class=\"elementor-button-content-wrapper\">\n\t\t\t\t\t\t\t\t\t<span class=\"elementor-button-text\">Lassen Sie sich jetzt verifizieren<\/span>\n\t\t\t\t\t<\/span>\n\t\t\t\t\t<\/a>\n\t\t\t\t<\/div>\n\t\t\t\t\t\t\t\t<\/div>\n\t\t\t\t<\/div>\n\t\t\t\t<\/div>\n\t\t\t\t<div class=\"elementor-element elementor-element-6466561 elementor-widget elementor-widget-text-editor\" data-id=\"6466561\" data-element_type=\"widget\" data-widget_type=\"text-editor.default\">\n\t\t\t\t<div class=\"elementor-widget-container\">\n\t\t\t\t\t\t\t\t\t<p data-start=\"89\" data-end=\"500\"><strong data-start=\"89\" data-end=\"116\">Echte Benutzer. Echtes Vertrauen. <\/strong><br data-start=\"116\" data-end=\"119\">Tausende Nutzer weltweit vertrauen unserem <strong data-start=\"138\" data-end=\"172\">datenschutzorientierten<\/strong> Altersverifizierungssystem 18Verified. Von <strong data-start=\"229\" data-end=\"248\" data-is-only-node=\"\">nahtlosem Zugriff<\/strong> und <strong data-start=\"253\" data-end=\"281\">standort\u00fcbergreifender<\/strong> Kompatibilit\u00e4t bis hin zu <strong data-start=\"285\" data-end=\"318\">Anonymit\u00e4t und Datenschutz<\/strong> \u2013 <strong data-start=\"392\" data-end=\"411\">unsere verifizierten<\/strong> Mitglieder sch\u00e4tzen ein schnelles, sicheres und benutzerfreundliches System.<br data-start=\"420\" data-end=\"423\">Werden Sie Teil des wachsenden Netzwerks von Nutzern, die sagen: <strong data-start=\"466\" data-end=\"500\">&#8222;18Verified macht einfach Sinn.&#8220;<\/strong> <\/p><p data-start=\"502\" data-end=\"557\" data-is-last-node=\"\" data-is-only-node=\"\"><strong data-start=\"502\" data-end=\"557\" data-is-last-node=\"\">Get verified once. Access everything. Stay private.  <\/strong><\/p>\t\t\t\t\t\t\t\t<\/div>\n\t\t\t\t<\/div>\n\t\t\t\t<\/div>\n\t\t<div class=\"elementor-element elementor-element-qdnXOeP e-con-full e-flex e-con e-child\" data-id=\"qdnXOeP\" data-element_type=\"container\">\n\t\t\t\t<div class=\"elementor-element elementor-element-DBxniwk elementor-widget elementor-widget-video\" data-id=\"DBxniwk\" data-element_type=\"widget\" data-settings=\"{&quot;youtube_url&quot;:&quot;https:\\\/\\\/youtube.com\\\/shorts\\\/hSA4JXmrc3k?si=xxweIawuZcF-5GZl&quot;,&quot;video_type&quot;:&quot;youtube&quot;,&quot;controls&quot;:&quot;yes&quot;}\" data-widget_type=\"video.default\">\n\t\t\t\t<div class=\"elementor-widget-container\">\n\t\t\t\t\t\t\t<div class=\"elementor-wrapper elementor-open-inline\">\n\t\t\t<div class=\"elementor-video\"><\/div>\t\t<\/div>\n\t\t\t\t\t\t<\/div>\n\t\t\t\t<\/div>\n\t\t\t\t<\/div>\n\t\t\t\t\t<\/div>\n\t\t\t\t<\/div>\n\t\t\t\t<\/div>\n\t\t","protected":false},"excerpt":{"rendered":"<p>Erleben Sie zuverl\u00e4ssige Verifizierung mit Vertrauen Bei 18verified stehen Vertrauen und Transparenz an erster Stelle. Unser Expertenteam arbeitet sorgf\u00e4ltig an gr\u00fcndlichen \u00dcberpr\u00fcfungen, damit Sie fundierte Entscheidungen treffen k\u00f6nnen. Erfahrungsberichte von Benutzern Vertrauensw\u00fcrdige Verifizierung &#8222;18Verified hat den gesamten Prozess so schnell und einfach gemacht. Ich habe mein Alter einmal verifiziert und kann jetzt mit nur einem [&hellip;]<\/p>\n","protected":false},"author":1,"featured_media":0,"parent":0,"menu_order":0,"comment_status":"closed","ping_status":"closed","template":"elementor_header_footer","meta":{"postBodyCss":"","postBodyMargin":[],"postBodyPadding":[],"postBodyBackground":{"backgroundType":"classic","gradient":""},"footnotes":""},"class_list":["post-2162","page","type-page","status-publish","hentry"],"_links":{"self":[{"href":"https:\/\/www.18verified.com\/de\/wp-json\/wp\/v2\/pages\/2162","targetHints":{"allow":["GET"]}}],"collection":[{"href":"https:\/\/www.18verified.com\/de\/wp-json\/wp\/v2\/pages"}],"about":[{"href":"https:\/\/www.18verified.com\/de\/wp-json\/wp\/v2\/types\/page"}],"author":[{"embeddable":true,"href":"https:\/\/www.18verified.com\/de\/wp-json\/wp\/v2\/users\/1"}],"replies":[{"embeddable":true,"href":"https:\/\/www.18verified.com\/de\/wp-json\/wp\/v2\/comments?post=2162"}],"version-history":[{"count":1,"href":"https:\/\/www.18verified.com\/de\/wp-json\/wp\/v2\/pages\/2162\/revisions"}],"predecessor-version":[{"id":2163,"href":"https:\/\/www.18verified.com\/de\/wp-json\/wp\/v2\/pages\/2162\/revisions\/2163"}],"wp:attachment":[{"href":"https:\/\/www.18verified.com\/de\/wp-json\/wp\/v2\/media?parent=2162"}],"curies":[{"name":"wp","href":"https:\/\/api.w.org\/{rel}","templated":true}]}}