{"id":2173,"date":"2025-07-23T07:31:37","date_gmt":"2025-07-23T07:31:37","guid":{"rendered":"https:\/\/www.18verified.com\/wie-wir-verifizieren\/"},"modified":"2025-09-12T10:49:34","modified_gmt":"2025-09-12T10:49:34","slug":"wie-wir-verifizieren","status":"publish","type":"page","link":"https:\/\/www.18verified.com\/de\/wie-wir-verifizieren\/","title":{"rendered":"Wie wir verifizieren"},"content":{"rendered":"\t\t<div data-elementor-type=\"wp-page\" data-elementor-id=\"2173\" class=\"elementor elementor-2173 elementor-1043\" data-elementor-post-type=\"page\">\n\t\t\t\t<div class=\"elementor-element elementor-element-7f92e790 e-flex e-con-boxed e-con e-parent\" data-id=\"7f92e790\" data-element_type=\"container\" data-settings=\"{&quot;background_background&quot;:&quot;classic&quot;}\">\n\t\t\t\t\t<div class=\"e-con-inner\">\n\t\t\t\t<div class=\"elementor-element elementor-element-78c46843 elementor-widget elementor-widget-elementskit-heading\" data-id=\"78c46843\" data-element_type=\"widget\" data-widget_type=\"elementskit-heading.default\">\n\t\t\t\t<div class=\"elementor-widget-container\">\n\t\t\t\t\t<div class=\"ekit-wid-con\" ><div class=\"ekit-heading elementskit-section-title-wraper text_center   ekit_heading_tablet-   ekit_heading_mobile-\"><h2 class=\"ekit-heading--title elementskit-section-title \">Wie wir verifizieren<\/h2><h3 class=\"ekit-heading--subtitle elementskit-section-subtitle  \">\n\t\t\t\t\t\tStartseite \/ So \u00fcberpr\u00fcfen wir\n\t\t\t\t\t<\/h3><\/div><\/div>\t\t\t\t<\/div>\n\t\t\t\t<\/div>\n\t\t\t\t\t<\/div>\n\t\t\t\t<\/div>\n\t\t<div class=\"elementor-element elementor-element-9f3228c e-flex e-con-boxed e-con e-parent\" data-id=\"9f3228c\" data-element_type=\"container\">\n\t\t\t\t\t<div class=\"e-con-inner\">\n\t\t\t\t<div class=\"elementor-element elementor-element-f2c5338 elementor-widget elementor-widget-heading\" data-id=\"f2c5338\" data-element_type=\"widget\" data-widget_type=\"heading.default\">\n\t\t\t\t<div class=\"elementor-widget-container\">\n\t\t\t\t\t<h1 class=\"elementor-heading-title elementor-size-default\">St\u00e4ndige Weiterentwicklung f\u00fcr globale Compliance<\/h1>\t\t\t\t<\/div>\n\t\t\t\t<\/div>\n\t\t\t\t<div class=\"elementor-element elementor-element-271f1b9 elementor-widget elementor-widget-text-editor\" data-id=\"271f1b9\" data-element_type=\"widget\" data-widget_type=\"text-editor.default\">\n\t\t\t\t<div class=\"elementor-widget-container\">\n\t\t\t\t\t\t\t\t\t<p data-start=\"43\" data-end=\"496\" data-is-last-node=\"\" data-is-only-node=\"\">Bei 18Verified arbeiten wir st\u00e4ndig an Innovationen, um die Altersverifizierung so einfach, sicher und reibungslos wie m\u00f6glich zu gestalten. Unsere Plattform ist so konzipiert, dass sie sich an st\u00e4ndig \u00e4ndernde Gesetze und Nutzeranforderungen anpasst und flexible Verifizierungsmethoden bietet, die den Compliance-Anforderungen verschiedener L\u00e4nder weltweit gerecht werden. Ob Ausweispr\u00fcfung, Kreditkartenvalidierung oder Altersbestimmung per Gesichtserkennung \u2013 18Verified sorgt daf\u00fcr, dass Ihre Nutzer schnell und sicher verifiziert werden \u2013 egal, wo sie sich befinden.  <\/p>\t\t\t\t\t\t\t\t<\/div>\n\t\t\t\t<\/div>\n\t\t\t\t<div class=\"elementor-element elementor-element-0579162 elementor-widget-divider--view-line elementor-widget elementor-widget-divider\" data-id=\"0579162\" data-element_type=\"widget\" data-widget_type=\"divider.default\">\n\t\t\t\t<div class=\"elementor-widget-container\">\n\t\t\t\t\t\t\t<div class=\"elementor-divider\">\n\t\t\t<span class=\"elementor-divider-separator\">\n\t\t\t\t\t\t<\/span>\n\t\t<\/div>\n\t\t\t\t\t\t<\/div>\n\t\t\t\t<\/div>\n\t\t\t\t<div class=\"elementor-element elementor-element-01b7eaf elementor-widget elementor-widget-heading\" data-id=\"01b7eaf\" data-element_type=\"widget\" data-widget_type=\"heading.default\">\n\t\t\t\t<div class=\"elementor-widget-container\">\n\t\t\t\t\t<h2 class=\"elementor-heading-title elementor-size-default\">\u00dcberpr\u00fcfung des Lichtbildausweises<\/h2>\t\t\t\t<\/div>\n\t\t\t\t<\/div>\n\t\t\t\t<div class=\"elementor-element elementor-element-d462a69 elementor-widget elementor-widget-text-editor\" data-id=\"d462a69\" data-element_type=\"widget\" data-widget_type=\"text-editor.default\">\n\t\t\t\t<div class=\"elementor-widget-container\">\n\t\t\t\t\t\t\t\t\t<article class=\"text-token-text-primary w-full\" dir=\"auto\" data-testid=\"conversation-turn-24\" data-scroll-anchor=\"false\">\n<div class=\"text-base my-auto mx-auto [--thread-content-margin:--spacing(4)] @[37rem]:[--thread-content-margin:--spacing(6)] @[72rem]:[--thread-content-margin:--spacing(16)] px-(--thread-content-margin)\">\n<div class=\"[--thread-content-max-width:32rem] @[34rem]:[--thread-content-max-width:40rem] @[64rem]:[--thread-content-max-width:48rem] mx-auto max-w-(--thread-content-max-width) flex-1 group\/turn-messages focus-visible:outline-hidden relative flex w-full min-w-0 flex-col agent-turn\" tabindex=\"-1\">\n<div class=\"flex max-w-full flex-col grow\">\n<div class=\"min-h-8 text-message relative flex w-full flex-col items-end gap-2 text-start break-words whitespace-normal [.text-message+&amp;]:mt-5\" dir=\"auto\" data-message-author-role=\"assistant\" data-message-id=\"80e251b9-b6c8-4594-af25-80ae7432962b\" data-message-model-slug=\"gpt-4-5\">\n<div class=\"flex w-full flex-col gap-1 empty:hidden first:pt-[3px]\">\n<div class=\"markdown prose dark:prose-invert w-full break-words light\">\n<p data-start=\"0\" data-end=\"91\">Eine genaue Methode zur Alters\u00fcberpr\u00fcfung mithilfe eines sicheren ID-Scans, um das genaue Alter eines Benutzers zu best\u00e4tigen.<\/p>\n<p><strong>So funktioniert es<\/strong><br>Der Nutzer wird aufgefordert, seinen Ausweis mit der Kamera seines Ger\u00e4ts zu scannen. Das Bild wird sicher an den 18Verified-Server \u00fcbermittelt und mithilfe k\u00fcnstlicher Intelligenz analysiert. Das System extrahiert anschlie\u00dfend wichtige Details aus dem Ausweis, um festzustellen, ob der Nutzer das Mindestalter erf\u00fcllt.  <\/p>\n<p><\/p>\n<p>Bei erfolgreicher Verifizierung kann der Nutzer fortfahren. Andernfalls werden ihm alternative Methoden zur Altersverifizierung angeboten. <\/p>\n<p data-start=\"93\" data-end=\"306\" data-is-last-node=\"\" data-is-only-node=\"\"><strong data-start=\"93\" data-end=\"117\">Unterst\u00fctzte L\u00e4nder:<\/strong> Weltweit<br data-start=\"124\" data-end=\"127\" data-is-only-node=\"\"><strong data-start=\"127\" data-end=\"149\">Verifizierungsart: <\/strong>Altersverifizierung<br data-start=\"166\" data-end=\"169\"><strong data-start=\"169\" data-end=\"188\">Altersgrenzen:<\/strong> Alle Altersgruppen<br data-start=\"203\" data-end=\"206\"><strong data-start=\"206\" data-end=\"224\">Erfasste Daten:<\/strong> Ausweisbild und -informationen<br data-start=\"249\" data-end=\"252\"><strong data-start=\"252\" data-end=\"275\">Verifizierungsgeschwindigkeit: <\/strong>Sofortige Ergebnisse innerhalb von Sekunden<\/p>\n<\/div>\n<\/div>\n<\/div>\n<\/div>\n<div class=\"mx-[var(--mini-thread-content-inset)]\">\n<div class=\"flex min-h-[46px] justify-start\">\n<div class=\"touch:-me-2 touch:-ms-3.5 -ms-2.5 -me-1 flex flex-wrap items-center gap-y-4 p-1 select-none touch:w-[calc(100%+--spacing(3.5))] -mt-1 w-[calc(100%+--spacing(2.5))] duration-[1.5s] focus-within:transition-none hover:transition-none pointer-events-none [mask-image:linear-gradient(to_right,black_33%,transparent_66%)] [mask-size:300%_100%] [mask-position:100%_0%] motion-safe:transition-[mask-position] group-hover\/turn-messages:pointer-events-auto group-hover\/turn-messages:[mask-position:0_0] group-focus-within\/turn-messages:pointer-events-auto group-focus-within\/turn-messages:[mask-position:0_0] has-data-[state=open]:pointer-events-auto has-data-[state=open]:[mask-position:0_0]\"> <\/div>\n<\/div>\n<\/div>\n<\/div>\n<\/div>\n<\/article>\n<article class=\"text-token-text-primary w-full\" dir=\"auto\" data-testid=\"conversation-turn-25\" data-scroll-anchor=\"false\">\n<h5 class=\"sr-only\"> <\/h5>\n<\/article>\t\t\t\t\t\t\t\t<\/div>\n\t\t\t\t<\/div>\n\t\t\t\t<div class=\"elementor-element elementor-element-48f74b3 elementor-widget elementor-widget-image\" data-id=\"48f74b3\" data-element_type=\"widget\" data-widget_type=\"image.default\">\n\t\t\t\t<div class=\"elementor-widget-container\">\n\t\t\t\t\t\t\t\t\t\t\t\t\t\t\t<img fetchpriority=\"high\" decoding=\"async\" width=\"640\" height=\"427\" src=\"https:\/\/www.18verified.com\/wp-content\/uploads\/2025\/07\/image-1024x683.png\" class=\"attachment-large size-large wp-image-1789\" alt=\"\" srcset=\"https:\/\/www.18verified.com\/wp-content\/uploads\/2025\/07\/image-1024x683.png 1024w, https:\/\/www.18verified.com\/wp-content\/uploads\/2025\/07\/image-600x400.png 600w, https:\/\/www.18verified.com\/wp-content\/uploads\/2025\/07\/image-300x200.png 300w, https:\/\/www.18verified.com\/wp-content\/uploads\/2025\/07\/image-768x512.png 768w, https:\/\/www.18verified.com\/wp-content\/uploads\/2025\/07\/image.png 1536w\" sizes=\"(max-width: 640px) 100vw, 640px\" \/>\t\t\t\t\t\t\t\t\t\t\t\t\t\t\t<\/div>\n\t\t\t\t<\/div>\n\t\t\t\t<div class=\"elementor-element elementor-element-dfd2468 elementor-widget elementor-widget-heading\" data-id=\"dfd2468\" data-element_type=\"widget\" data-widget_type=\"heading.default\">\n\t\t\t\t<div class=\"elementor-widget-container\">\n\t\t\t\t\t<h2 class=\"elementor-heading-title elementor-size-default\">Kreditkarten\u00fcberpr\u00fcfung <\/h2>\t\t\t\t<\/div>\n\t\t\t\t<\/div>\n\t\t\t\t<div class=\"elementor-element elementor-element-4a9869b elementor-widget elementor-widget-text-editor\" data-id=\"4a9869b\" data-element_type=\"widget\" data-widget_type=\"text-editor.default\">\n\t\t\t\t<div class=\"elementor-widget-container\">\n\t\t\t\t\t\t\t\t\t<div class=\"wp-block-gutenkit-container alignfull\">\n<div class=\"gkit-block__inner\">\n<p><\/p>\n<div class=\"wp-block-group\">\n<p><\/p>\n<div class=\"wp-block-group\">\n<p><\/p>\n<details class=\"wp-block-details\" open=\"open\">\n<p><strong>So funktioniert es:<\/strong> <br>Der Nutzer gibt seine Kreditkartennummer, das Ablaufdatum und den CVC\/CVV ein.<\/p>\n<p><\/p>\n<p>Diese Informationen werden von unserem Zahlungsanbieter sicher verarbeitet, der best\u00e4tigt, dass es sich um eine Kreditkarte handelt und die Karte aktiv und g\u00fcltig ist.<\/p>\n<p><\/p>\n<p>18Verified speichert oder greift zu keinem Zeitpunkt auf Kartendetails zu.<\/p>\n<summary><strong><br><br><\/strong><\/summary>\n<\/details><\/div>\n<\/div>\n<\/div>\n<\/div>\n<p>Eine sichere Methode zur Alters\u00fcberpr\u00fcfung, die das Alter eines Benutzers durch Kreditkartenautorisierung best\u00e4tigt.<\/p>\n<p><\/p>\n<p><strong>Unterst\u00fctzte L\u00e4nder<\/strong>: Global<br><strong>Verifizierungsart:<\/strong> Altersverifizierung<br><strong>Altersgrenze:<\/strong> 18+<br><strong>Erfasste Daten:<\/strong> Kreditkartendaten (keine Geb\u00fchren)<br><strong>Verifizierungsgeschwindigkeit<\/strong>: Sofortige Ergebnisse innerhalb von Sekunden<\/p>\n<p><\/p>\n<figure class=\"wp-block-image size-large\"><img decoding=\"async\" width=\"1024\" height=\"683\" class=\"wp-image-1029\" src=\"https:\/\/www.18verified.com\/wp-content\/uploads\/2025\/07\/image-1-1024x683.png\" alt=\"\" srcset=\"https:\/\/www.18verified.com\/wp-content\/uploads\/2025\/07\/image-1-1024x683.png 1024w, https:\/\/www.18verified.com\/wp-content\/uploads\/2025\/07\/image-1-600x400.png 600w, https:\/\/www.18verified.com\/wp-content\/uploads\/2025\/07\/image-1-300x200.png 300w, https:\/\/www.18verified.com\/wp-content\/uploads\/2025\/07\/image-1-768x512.png 768w, https:\/\/www.18verified.com\/wp-content\/uploads\/2025\/07\/image-1.png 1536w\" sizes=\"(max-width: 1024px) 100vw, 1024px\" \/><\/figure>\n<p><\/p>\n<p> <\/p>\n<p><\/p>\n<p><\/p>\t\t\t\t\t\t\t\t<\/div>\n\t\t\t\t<\/div>\n\t\t\t\t<div class=\"elementor-element elementor-element-94463a2 elementor-widget elementor-widget-heading\" data-id=\"94463a2\" data-element_type=\"widget\" data-widget_type=\"heading.default\">\n\t\t\t\t<div class=\"elementor-widget-container\">\n\t\t\t\t\t<h2 class=\"elementor-heading-title elementor-size-default\">Gesichtserkennung \u2013 in K\u00fcrze verf\u00fcgbar <\/h2>\t\t\t\t<\/div>\n\t\t\t\t<\/div>\n\t\t\t\t<div class=\"elementor-element elementor-element-f1845a4 elementor-widget elementor-widget-text-editor\" data-id=\"f1845a4\" data-element_type=\"widget\" data-widget_type=\"text-editor.default\">\n\t\t\t\t<div class=\"elementor-widget-container\">\n\t\t\t\t\t\t\t\t\t<p>Machen Sie sich bereit f\u00fcr eine noch schnellere M\u00f6glichkeit, das Alter Ihrer Benutzer zu verifizieren. Unsere neue Gesichtserkennungsfunktion startet in K\u00fcrze und bietet eine sichere, private und m\u00fchelose M\u00f6glichkeit, Ihre Vollj\u00e4hrigkeit nachzuweisen. Kein Hochladen, kein Aufwand \u2013 nur ein kurzer Scan und die Verifizierung ist abgeschlossen. Bleiben Sie dran!   <\/p>\n<p><strong>Unterst\u00fctzte L\u00e4nder<\/strong>: Global<br><strong>Verifizierungstyp<\/strong>: Gesichtserkennung<br><strong>Altersgrenze<\/strong>: 18+<br><strong>Erfasste Daten:<\/strong> Livebild\/Video<br>Verifizierungsgeschwindigkeit: Sofortige Ergebnisse innerhalb von Sekunden<\/p>\n<p> <\/p>\t\t\t\t\t\t\t\t<\/div>\n\t\t\t\t<\/div>\n\t\t\t\t<div class=\"elementor-element elementor-element-6b03121 elementor-widget elementor-widget-image\" data-id=\"6b03121\" data-element_type=\"widget\" data-widget_type=\"image.default\">\n\t\t\t\t<div class=\"elementor-widget-container\">\n\t\t\t\t\t\t\t\t\t\t\t\t\t\t\t<img decoding=\"async\" width=\"640\" height=\"427\" src=\"https:\/\/www.18verified.com\/wp-content\/uploads\/2025\/07\/jfld-1024x683.jpg\" class=\"attachment-large size-large wp-image-1790\" alt=\"\" srcset=\"https:\/\/www.18verified.com\/wp-content\/uploads\/2025\/07\/jfld-1024x683.jpg 1024w, https:\/\/www.18verified.com\/wp-content\/uploads\/2025\/07\/jfld-600x400.jpg 600w, https:\/\/www.18verified.com\/wp-content\/uploads\/2025\/07\/jfld-300x200.jpg 300w, https:\/\/www.18verified.com\/wp-content\/uploads\/2025\/07\/jfld-768x512.jpg 768w, https:\/\/www.18verified.com\/wp-content\/uploads\/2025\/07\/jfld.jpg 1536w\" sizes=\"(max-width: 640px) 100vw, 640px\" \/>\t\t\t\t\t\t\t\t\t\t\t\t\t\t\t<\/div>\n\t\t\t\t<\/div>\n\t\t\t\t<div class=\"elementor-element elementor-element-b1ccc03 elementor-widget elementor-widget-heading\" data-id=\"b1ccc03\" data-element_type=\"widget\" data-widget_type=\"heading.default\">\n\t\t\t\t<div class=\"elementor-widget-container\">\n\t\t\t\t\t<h2 class=\"elementor-heading-title elementor-size-default\">App wird bald gestartet!<\/h2>\t\t\t\t<\/div>\n\t\t\t\t<\/div>\n\t\t\t\t<div class=\"elementor-element elementor-element-1f23daa elementor-widget elementor-widget-text-editor\" data-id=\"1f23daa\" data-element_type=\"widget\" data-widget_type=\"text-editor.default\">\n\t\t\t\t<div class=\"elementor-widget-container\">\n\t\t\t\t\t\t\t\t\t<p>Die 18Verified-App kommt bald!<br>Mit der neuen 18Verified-App k\u00f6nnen Nutzer ihre Altersverifizierung ganz einfach von unterwegs verwalten. Anmelden, einmal verifizieren und mit nur einem Login auf alle teilnehmenden Websites zugreifen. Einfach, sicher und nahtlos.  <\/p>\t\t\t\t\t\t\t\t<\/div>\n\t\t\t\t<\/div>\n\t\t\t\t<div class=\"elementor-element elementor-element-9b590d3 elementor-widget elementor-widget-image\" data-id=\"9b590d3\" data-element_type=\"widget\" data-widget_type=\"image.default\">\n\t\t\t\t<div class=\"elementor-widget-container\">\n\t\t\t\t\t\t\t\t\t\t\t\t\t\t\t<img loading=\"lazy\" decoding=\"async\" width=\"640\" height=\"640\" src=\"https:\/\/www.18verified.com\/wp-content\/uploads\/2025\/07\/app-image--768x768.jpg\" class=\"attachment-medium_large size-medium_large wp-image-1791\" alt=\"\" srcset=\"https:\/\/www.18verified.com\/wp-content\/uploads\/2025\/07\/app-image--768x768.jpg 768w, https:\/\/www.18verified.com\/wp-content\/uploads\/2025\/07\/app-image--300x300.jpg 300w, https:\/\/www.18verified.com\/wp-content\/uploads\/2025\/07\/app-image--100x100.jpg 100w, https:\/\/www.18verified.com\/wp-content\/uploads\/2025\/07\/app-image--600x600.jpg 600w, https:\/\/www.18verified.com\/wp-content\/uploads\/2025\/07\/app-image--150x150.jpg 150w, https:\/\/www.18verified.com\/wp-content\/uploads\/2025\/07\/app-image-.jpg 1024w\" sizes=\"(max-width: 640px) 100vw, 640px\" \/>\t\t\t\t\t\t\t\t\t\t\t\t\t\t\t<\/div>\n\t\t\t\t<\/div>\n\t\t\t\t<div class=\"elementor-element elementor-element-a38f8f7 elementor-widget elementor-widget-text-editor\" data-id=\"a38f8f7\" data-element_type=\"widget\" data-widget_type=\"text-editor.default\">\n\t\t\t\t<div class=\"elementor-widget-container\">\n\t\t\t\t\t\t\t\t\t<p><strong data-start=\"0\" data-end=\"66\" data-is-only-node=\"\">Age Verification Methods | ID, Credit Card &amp; More | 18Verified<\/strong><br data-start=\"66\" data-end=\"69\">Explore the full range of secure, compliant age verification solutions from 18Verified. We offer fast and privacy-focused verification options including photo ID matching, credit card verification, facial age estimation, mobile carrier checks, and digital identity authentication. Designed to meet the age verification laws in the UK, USA, Australia, and Europe, our technology helps adult content sites, vape retailers, gambling platforms, and CBD sellers stay fully compliant. Choose 18Verified for simple integration, global coverage, and reliable protection against underage access.   <\/p>\t\t\t\t\t\t\t\t<\/div>\n\t\t\t\t<\/div>\n\t\t\t\t\t<\/div>\n\t\t\t\t<\/div>\n\t\t\t\t<\/div>\n\t\t","protected":false},"excerpt":{"rendered":"<p>Wie wir verifizieren Startseite \/ So \u00fcberpr\u00fcfen wir St\u00e4ndige Weiterentwicklung f\u00fcr globale Compliance Bei 18Verified arbeiten wir st\u00e4ndig an Innovationen, um die Altersverifizierung so einfach, sicher und reibungslos wie m\u00f6glich zu gestalten. Unsere Plattform ist so konzipiert, dass sie sich an st\u00e4ndig \u00e4ndernde Gesetze und Nutzeranforderungen anpasst und flexible Verifizierungsmethoden bietet, die den Compliance-Anforderungen verschiedener [&hellip;]<\/p>\n","protected":false},"author":1,"featured_media":0,"parent":0,"menu_order":0,"comment_status":"closed","ping_status":"closed","template":"elementor_header_footer","meta":{"postBodyCss":"","postBodyMargin":[],"postBodyPadding":[],"postBodyBackground":{"backgroundType":"classic","gradient":""},"footnotes":""},"class_list":["post-2173","page","type-page","status-publish","hentry"],"_links":{"self":[{"href":"https:\/\/www.18verified.com\/de\/wp-json\/wp\/v2\/pages\/2173","targetHints":{"allow":["GET"]}}],"collection":[{"href":"https:\/\/www.18verified.com\/de\/wp-json\/wp\/v2\/pages"}],"about":[{"href":"https:\/\/www.18verified.com\/de\/wp-json\/wp\/v2\/types\/page"}],"author":[{"embeddable":true,"href":"https:\/\/www.18verified.com\/de\/wp-json\/wp\/v2\/users\/1"}],"replies":[{"embeddable":true,"href":"https:\/\/www.18verified.com\/de\/wp-json\/wp\/v2\/comments?post=2173"}],"version-history":[{"count":3,"href":"https:\/\/www.18verified.com\/de\/wp-json\/wp\/v2\/pages\/2173\/revisions"}],"predecessor-version":[{"id":2177,"href":"https:\/\/www.18verified.com\/de\/wp-json\/wp\/v2\/pages\/2173\/revisions\/2177"}],"wp:attachment":[{"href":"https:\/\/www.18verified.com\/de\/wp-json\/wp\/v2\/media?parent=2173"}],"curies":[{"name":"wp","href":"https:\/\/api.w.org\/{rel}","templated":true}]}}