{"id":2184,"date":"2025-06-04T16:43:59","date_gmt":"2025-06-04T16:43:59","guid":{"rendered":"https:\/\/www.18verified.com\/faq\/"},"modified":"2025-09-13T04:37:58","modified_gmt":"2025-09-13T04:37:58","slug":"faq","status":"publish","type":"page","link":"https:\/\/www.18verified.com\/de\/faq\/","title":{"rendered":"FAQ"},"content":{"rendered":"\t\t<div data-elementor-type=\"wp-page\" data-elementor-id=\"2184\" class=\"elementor elementor-2184 elementor-358\" data-elementor-post-type=\"page\">\n\t\t\t\t<div class=\"elementor-element elementor-element-7f92e790 e-flex e-con-boxed e-con e-parent\" data-id=\"7f92e790\" data-element_type=\"container\" data-settings=\"{&quot;background_background&quot;:&quot;classic&quot;}\">\n\t\t\t\t\t<div class=\"e-con-inner\">\n\t\t\t\t<div class=\"elementor-element elementor-element-78c46843 elementor-widget elementor-widget-elementskit-heading\" data-id=\"78c46843\" data-element_type=\"widget\" data-widget_type=\"elementskit-heading.default\">\n\t\t\t\t<div class=\"elementor-widget-container\">\n\t\t\t\t\t<div class=\"ekit-wid-con\" ><div class=\"ekit-heading elementskit-section-title-wraper text_center   ekit_heading_tablet-   ekit_heading_mobile-\"><h2 class=\"ekit-heading--title elementskit-section-title \">H\u00e4ufig gestellte Fragen (FAQs)<\/h2><h3 class=\"ekit-heading--subtitle elementskit-section-subtitle  \">\n\t\t\t\t\t\tStartseite \/ FAQs\n\t\t\t\t\t<\/h3><\/div><\/div>\t\t\t\t<\/div>\n\t\t\t\t<\/div>\n\t\t\t\t\t<\/div>\n\t\t\t\t<\/div>\n\t\t<div class=\"elementor-element elementor-element-9f3228c e-flex e-con-boxed e-con e-parent\" data-id=\"9f3228c\" data-element_type=\"container\">\n\t\t\t\t\t<div class=\"e-con-inner\">\n\t\t\t\t<div class=\"elementor-element elementor-element-5bcccf8 elementor-widget elementor-widget-text-editor\" data-id=\"5bcccf8\" data-element_type=\"widget\" data-widget_type=\"text-editor.default\">\n\t\t\t\t<div class=\"elementor-widget-container\">\n\t\t\t\t\t\t\t\t\t<h4>Haben Sie Fragen zu 18Verified oder zu den weltweiten Gesetzen zur Altersverifizierung? Dann sind Sie hier richtig! In unseren FAQs finden Sie schnelle Antworten zu Compliance, Datenschutz, Integration und mehr. Wenn Sie nicht finden, was Sie suchen, k\u00f6nnen Sie sich gerne direkt <a href=\"https:\/\/www.18verified.com\/de\/kontaktieren-sie-uns\/\">an uns wenden<\/a> \u2013 wir sind immer f\u00fcr Sie da.   <\/h4><h4> <\/h4><h4>F\u00fcr Unternehmen:<\/h4><p><strong>Welche Branchen sind von den neuen Gesetzen zur Altersverifizierung betroffen?<\/strong><\/p><p>Die folgenden Branchen sind betroffen. Die neuen Gesetze gelten f\u00fcr alle Online-Verk\u00e4ufe und Website-Inhalte. <\/p><p>Alkohol<\/p><p>Vape <\/p><p>Gaming <\/p><p>Gl\u00fccksspiel <\/p><p>Inhalte f\u00fcr Erwachsene <\/p><p>Verkauf von Produkten f\u00fcr Erwachsene<\/p><p>CBD<\/p><p>Live-Streaming-Plattformen <\/p><p>Sie sind sich nicht sicher, ob Ihre Website die neuen Gesetze einhalten muss? Es ist wichtig, dass Sie die Gesetze f\u00fcr die L\u00e4nder pr\u00fcfen, aus denen Ihre Website Traffic bezieht, bevor Sie Pakete von 18verified erwerben. <\/p><p>Es liegt in Ihrer Verantwortung, festzustellen, ob Ihre Website die Bestimmungen einhalten muss.<\/p><p> <\/p><p><strong>Wird meine Website Traffic verlieren?<\/strong><\/p><p> <\/p><p>Es besteht die M\u00f6glichkeit, dass Ihre Website zu Beginn der Einf\u00fchrung der neuen Gesetze zur Altersverifizierung Traffic verliert. Dies liegt daran, dass alle Unternehmen, die die Bestimmungen einhalten m\u00fcssen, \u00fcber ein robustes Gateway zur Altersverifizierung verf\u00fcgen m\u00fcssen. Das bedeutet, dass der Benutzer einen Ausweis oder eine Kreditkarte hochladen, eine Adresse angeben oder eine Gesichtserkennung verwenden muss. Einige Verifizierungsmethoden sind sehr aufdringlich; 18 Verified hat jedoch die am wenigsten aufdringlichen Methoden zur Verifizierung f\u00fcr seine Benutzer implementiert. Sobald die neuen Gesetze allgemein bekannt sind und sich die Menschen an den Verifizierungsprozess gew\u00f6hnt haben, haben wir es Ihren Benutzern so einfach wie m\u00f6glich gemacht, sich zu verifizieren.    <\/p><p> <\/p><p><strong>Kann ich eine R\u00fcckerstattung f\u00fcr mein Paket erhalten?<\/strong><\/p><p> <\/p><p>Nein, sobald Sie ein Paket erworben und den Code erhalten haben, k\u00f6nnen wir Ihnen keine R\u00fcckerstattung gew\u00e4hren. Sie k\u00f6nnen Ihre automatische Verl\u00e4ngerung bei uns stornieren, indem Sie eine E-Mail an support@18verified.com senden. <\/p><p> <\/p><h4>F\u00fcr Benutzer:<\/h4><h4>Was ist 18verified?<\/h4><p>18verified ist ein diskreter Altersverifizierungsdienst, der es Erwachsenen erm\u00f6glicht, sicher, gesch\u00fctzt und legal auf eingeschr\u00e4nkte Inhalte zuzugreifen. Verifizieren Sie sich einmalig mit einer einfachen Zahlungsmethode und verwenden Sie dann Ihren Login auf allen teilnehmenden Plattformen. <\/p><h4>Warum muss ich mein Alter verifizieren?<\/h4><p dir=\"auto\">Aufgrund neuer globaler Gesetze, des Online Safety Act, m\u00fcssen Websites, die Inhalte f\u00fcr Erwachsene und anderes sensibles Material hosten, legal \u00fcberpr\u00fcfen, ob die Benutzer 18 Jahre oder \u00e4lter sind. 18verified hilft Websites, die Bestimmungen einzuhalten, und hilft Ihnen, auf Inhalte zuzugreifen, ohne dass Ihr Gesicht gescannt oder Sie sich mehrfach verifizieren m\u00fcssen. <\/p><p dir=\"auto\">Wie funktioniert die Verifizierung?<\/p><div><p dir=\"auto\">Um Ihr Alter zu verifizieren, k\u00f6nnen Sie dies mit einer Kreditkarte oder einem Ausweis tun. Sie aktivieren dann Ihr Abonnement f\u00fcr 2 \u00a3\/Monat, das Sie verifiziert h\u00e4lt. Dies erm\u00f6glicht Ihnen dann die Anmeldung auf allen teilnehmenden Plattformen.  <\/p><p><strong>Sind meine Daten sicher?<\/strong><\/p><p>Ja. Wir erfassen oder speichern niemals pers\u00f6nliche Ausweisdokumente oder Kreditkartendaten. Ihre Zahlungsdaten werden sicher von vertrauensw\u00fcrdigen Drittanbietern abgewickelt, und wir geben Ihre Daten niemals an Dritte weiter.  <\/p><\/div><h4>Wird mein Kontoauszug etwas Sensibles anzeigen?<\/h4><p dir=\"auto\">Nein. Auf Ihrem Kontoauszug wird ein neutraler Abrechnungsname, <strong>18verified LTD<\/strong>, angezeigt, um Ihre Privatsph\u00e4re zu sch\u00fctzen. Es werden keine Websites erw\u00e4hnt, auf die Sie zugreifen.  <\/p><h4>Muss ich mein Alter jedes Mal verifizieren, wenn ich eine neue Website besuche?<\/h4><p>Nein. Sobald Sie mit 18verified verifiziert sind, k\u00f6nnen Sie denselben Login auf jeder teilnehmenden Website verwenden. Eine Verifizierung. Ein Login. Unbegrenzter Zugriff.    <\/p><h4>Wie viel kostet es?<\/h4><p>Die Verifizierung kostet nur 2 \u00a3 pro Monat. Dies deckt Ihren Zugriff auf mehrere Websites ab, ohne dass Sie sich jedes Mal verifizieren m\u00fcssen. <\/p><h4>Kann ich mein Abonnement k\u00fcndigen?<\/h4><p>Ja. Sie k\u00f6nnen jederzeit k\u00fcndigen. Sie behalten den Zugriff bis zum Ende Ihres Abrechnungszeitraums.  <\/p><h4>Wie kann ich mein Abonnement k\u00fcndigen?<\/h4><p>Sie tun dies bei Ihrer Bank; melden Sie sich bei Ihrem Online-Banking an und stornieren Sie Ihre DD. Die Lastschrift erscheint unter dem Namen 18Verified oder Stripe. Alternativ k\u00f6nnen Sie uns eine E-Mail an support@18verifed.com senden und wir werden das Abonnement f\u00fcr Sie k\u00fcndigen.  <\/p><h4>Was passiert, wenn ich mein Abonnement k\u00fcndige?<\/h4><p>Sie bleiben f\u00fcr den Rest des 30-Tage-Zeitraums verifiziert. Danach m\u00fcssen Sie sich erneut verifizieren und den Abonnementdienst neu starten. Dadurch werden Ihre Logins aktiviert.  <\/p><h4>Welche Art von Websites verwenden 18verified?<\/h4><p>Jede Website, die eine Altersverifizierung erfordert, einschlie\u00dflich:<\/p><p dir=\"auto\"> \u2022 Social Media- und benutzergenerierte Content-Plattformen<\/p><p dir=\"auto\"> \u2022 Online-Shops f\u00fcr Alkohol und Vapes<\/p><ul><li>Unterhaltung f\u00fcr Erwachsene<\/li><li>Escort-Verzeichnisse<\/li><li>Dating-Plattformen<\/li><li>Online-Communities<\/li><li>Gl\u00fccksspiel- oder Finanzdienstleistungen<\/li><\/ul><p>F\u00fcr weitere Fragen wenden Sie sich bitte an info@18verified.com F\u00fcr technischen Support mit unserer API oder Plug &amp; Play wenden Sie sich bitte an support@18verifed.com<\/p>\t\t\t\t\t\t\t\t<\/div>\n\t\t\t\t<\/div>\n\t\t\t\t\t<\/div>\n\t\t\t\t<\/div>\n\t\t\t\t<\/div>\n\t\t","protected":false},"excerpt":{"rendered":"<p>H\u00e4ufig gestellte Fragen (FAQs) Startseite \/ FAQs Haben Sie Fragen zu 18Verified oder zu den weltweiten Gesetzen zur Altersverifizierung? Dann sind Sie hier richtig! In unseren FAQs finden Sie schnelle Antworten zu Compliance, Datenschutz, Integration und mehr. Wenn Sie nicht finden, was Sie suchen, k\u00f6nnen Sie sich gerne direkt an uns wenden \u2013 wir sind [&hellip;]<\/p>\n","protected":false},"author":1,"featured_media":0,"parent":0,"menu_order":0,"comment_status":"closed","ping_status":"closed","template":"elementor_header_footer","meta":{"postBodyCss":"","postBodyMargin":[],"postBodyPadding":[],"postBodyBackground":{"backgroundType":"classic","gradient":""},"footnotes":""},"class_list":["post-2184","page","type-page","status-publish","hentry"],"_links":{"self":[{"href":"https:\/\/www.18verified.com\/de\/wp-json\/wp\/v2\/pages\/2184","targetHints":{"allow":["GET"]}}],"collection":[{"href":"https:\/\/www.18verified.com\/de\/wp-json\/wp\/v2\/pages"}],"about":[{"href":"https:\/\/www.18verified.com\/de\/wp-json\/wp\/v2\/types\/page"}],"author":[{"embeddable":true,"href":"https:\/\/www.18verified.com\/de\/wp-json\/wp\/v2\/users\/1"}],"replies":[{"embeddable":true,"href":"https:\/\/www.18verified.com\/de\/wp-json\/wp\/v2\/comments?post=2184"}],"version-history":[{"count":1,"href":"https:\/\/www.18verified.com\/de\/wp-json\/wp\/v2\/pages\/2184\/revisions"}],"predecessor-version":[{"id":2185,"href":"https:\/\/www.18verified.com\/de\/wp-json\/wp\/v2\/pages\/2184\/revisions\/2185"}],"wp:attachment":[{"href":"https:\/\/www.18verified.com\/de\/wp-json\/wp\/v2\/media?parent=2184"}],"curies":[{"name":"wp","href":"https:\/\/api.w.org\/{rel}","templated":true}]}}