{"id":2192,"date":"2025-06-05T08:17:55","date_gmt":"2025-06-05T08:17:55","guid":{"rendered":"https:\/\/www.18verified.com\/warum-18verified-waehlen\/"},"modified":"2025-09-13T04:55:26","modified_gmt":"2025-09-13T04:55:26","slug":"warum-18verified-waehlen","status":"publish","type":"page","link":"https:\/\/www.18verified.com\/de\/warum-18verified-waehlen\/","title":{"rendered":"Warum 18Verified w\u00e4hlen?"},"content":{"rendered":"\t\t<div data-elementor-type=\"wp-page\" data-elementor-id=\"2192\" class=\"elementor elementor-2192 elementor-367\" data-elementor-post-type=\"page\">\n\t\t\t\t<div class=\"elementor-element elementor-element-7f92e790 e-flex e-con-boxed e-con e-parent\" data-id=\"7f92e790\" data-element_type=\"container\" data-settings=\"{&quot;background_background&quot;:&quot;classic&quot;}\">\n\t\t\t\t\t<div class=\"e-con-inner\">\n\t\t\t\t<div class=\"elementor-element elementor-element-78c46843 elementor-widget elementor-widget-elementskit-heading\" data-id=\"78c46843\" data-element_type=\"widget\" data-widget_type=\"elementskit-heading.default\">\n\t\t\t\t<div class=\"elementor-widget-container\">\n\t\t\t\t\t<div class=\"ekit-wid-con\" ><div class=\"ekit-heading elementskit-section-title-wraper text_center   ekit_heading_tablet-   ekit_heading_mobile-\"><h2 class=\"ekit-heading--title elementskit-section-title \">Warum 18Verified w\u00e4hlen?<\/h2><h3 class=\"ekit-heading--subtitle elementskit-section-subtitle  \">\n\t\t\t\t\t\tHome \/ Warum verifizieren?\n\t\t\t\t\t<\/h3><\/div><\/div>\t\t\t\t<\/div>\n\t\t\t\t<\/div>\n\t\t\t\t\t<\/div>\n\t\t\t\t<\/div>\n\t\t<div class=\"elementor-element elementor-element-9f3228c e-flex e-con-boxed e-con e-parent\" data-id=\"9f3228c\" data-element_type=\"container\">\n\t\t\t\t\t<div class=\"e-con-inner\">\n\t\t\t\t<div class=\"elementor-element elementor-element-5bcccf8 elementor-widget elementor-widget-text-editor\" data-id=\"5bcccf8\" data-element_type=\"widget\" data-widget_type=\"text-editor.default\">\n\t\t\t\t<div class=\"elementor-widget-container\">\n\t\t\t\t\t\t\t\t\t<h1 data-pm-slice=\"1 1 []\">Warum Altersverifizierung heute weltweit unverzichtbar ist \u2013 und warum 18Verified Ihre beste Wahl ist.<\/h1><p data-pm-slice=\"1 1 []\">In den letzten Jahren ist die Online-Altersverifizierung in vielen L\u00e4ndern zu einer wichtigen Voraussetzung geworden. L\u00e4nder wie Gro\u00dfbritannien, die USA, Australien und einige andere haben strenge Gesetze zur Altersverifizierung eingef\u00fchrt, um Minderj\u00e4hrige vor unangemessenen Online-Inhalten und -Produkten zu sch\u00fctzen. Da diese Vorschriften weltweit an Bedeutung gewinnen, stehen Unternehmen in den betroffenen Branchen vor erheblichen Compliance-Herausforderungen.  <\/p><p>Hier erfahren Sie, warum die internationale Altersverifizierung wichtig ist \u2013 und warum 18Verified die ideale globale L\u00f6sung f\u00fcr Ihr Unternehmen ist.<\/p><h2 data-pm-slice=\"1 1 []\">Der Anstieg globaler Anforderungen zur Alters\u00fcberpr\u00fcfung<\/h2><p data-pm-slice=\"1 1 []\">Da Regierungen weltweit Ma\u00dfnahmen zum Schutz Minderj\u00e4hriger ergreifen, wird die obligatorische Alters\u00fcberpr\u00fcfung nicht nur in traditionellen Branchen wie Gl\u00fccksspiel und Alkoholverkauf angewendet. Plattformen f\u00fcr Inhalte f\u00fcr Erwachsene, Vape-Shops, CBD-H\u00e4ndler und viele mehr m\u00fcssen nun robuste Alters\u00fcberpr\u00fcfungsverfahren implementieren. Zu den wichtigsten Regionen, die diese globale Initiative vorantreiben, geh\u00f6ren:  <\/p><ul data-spread=\"false\"><li><p><strong>Vereinigtes K\u00f6nigreich<\/strong>: Der Online Safety Act schreibt eine strenge Alters\u00fcberpr\u00fcfung f\u00fcr Inhalte f\u00fcr Erwachsene vor.<\/p><\/li><li><p><strong>USA<\/strong>: In verschiedenen Bundesstaaten gelten mittlerweile strenge Gesetze zur \u00dcberpr\u00fcfung des Alters von Benutzern, insbesondere im Zusammenhang mit Inhalten f\u00fcr Erwachsene, E-Zigaretten und Cannabisprodukten.<\/p><\/li><li><p><strong>Australien<\/strong>: Bundes- und bundesstaatliche Vorschriften schreiben strenge Alterskontrollen f\u00fcr Online-Gl\u00fccksspiele, E-Zigaretten und Websites mit Inhalten f\u00fcr Erwachsene vor.<\/p><\/li><\/ul><p>Diese sich entwickelnden Gesetze erfordern von Unternehmen die dringende Einf\u00fchrung konformer, zuverl\u00e4ssiger und sicherer Verifizierungsl\u00f6sungen.<\/p><h2 data-pm-slice=\"1 1 []\">Warum sollten Sie sich f\u00fcr 18Verified f\u00fcr globale Compliance entscheiden?<\/h2><h3>Universelle Verifizierungsl\u00f6sung<\/h3><p>18Verified passt sich nahtlos an die gesetzlichen Rahmenbedingungen in Gro\u00dfbritannien, den USA, Australien und anderen L\u00e4ndern an. Unsere Verifizierungsmethoden \u2013 Kreditkartenverifizierung, Lichtbildausweisabgleich und sichere digitale Identit\u00e4tspr\u00fcfungen \u2013 werden international akzeptiert und gew\u00e4hrleisten die Konformit\u00e4t Ihres Unternehmens unabh\u00e4ngig vom Standort Ihrer Kunden. <\/p><h3>Datenschutz und Sicherheit<\/h3><p>Bei 18Verified steht die Privatsph\u00e4re der Nutzer an erster Stelle. Unsere L\u00f6sung gew\u00e4hrleistet minimale Datenerfassung, robuste Verschl\u00fcsselung und eine strikte No-Tracking-Richtlinie. So k\u00f6nnen Ihre Kunden sicher sein, dass ihre Daten sicher sind. Unser Ansatz ist einfach: Einmal verifizieren, \u00fcberall nutzen, ohne die Privatsph\u00e4re zu gef\u00e4hrden.  <\/p><h3>Kosteng\u00fcnstiges Abonnementmodell<\/h3><p>Herk\u00f6mmliche Pay-per-Verification-Modelle k\u00f6nnen unerschwinglich werden, insbesondere bei steigendem globalen Datenverkehr. 18Verified bietet ein Abonnementmodell an, das die Verifizierungskosten deutlich reduziert, indem es diese direkt an den Nutzer \u00fcbertr\u00e4gt. Dieser Ansatz erm\u00f6glicht eine vorhersehbare Budgetierung und vermeidet unerwartete Compliance-Kosten.  <\/p><h3>Einfache Implementierung weltweit<\/h3><p>18Verified bietet sowohl API-Integration als auch Plug &amp; Play-Optionen und erm\u00f6glicht so eine einfache Implementierung unabh\u00e4ngig von Unternehmensgr\u00f6\u00dfe und technischen M\u00f6glichkeiten. Diese einfache Implementierung ist ideal f\u00fcr Unternehmen, die schnelle Compliance-L\u00f6sungen in mehreren internationalen M\u00e4rkten suchen. <\/p><h3>Verbesserte Benutzererfahrung<\/h3><p>Unser optimierter Prozess erm\u00f6glicht es Nutzern, ihr Alter schnell zu verifizieren, entweder durch Hochladen eines g\u00fcltigen Ausweises oder durch Kreditkartenverifizierung. Dieser effiziente Ansatz reduziert Reibungsverluste und verbessert das Kundenerlebnis und die Kundenbindung. <\/p><h2>Erf\u00fcllung globaler regulatorischer Standards<\/h2><p>18Verified wurde speziell entwickelt, um strenge regulatorische Standards in verschiedenen Rechtsr\u00e4umen zu erf\u00fcllen, darunter:<\/p><ul data-spread=\"false\"><li><p><strong>Britisches Online-Sicherheitsgesetz<\/strong><\/p><\/li><li><p><strong>US-bundesstaatsspezifische Vorschriften (Kalifornien, Louisiana, Utah usw.)<\/strong><\/p><\/li><li><p><strong>Australische Vorschriften zur digitalen Alters\u00fcberpr\u00fcfung<\/strong><\/p><\/li><\/ul><h2>So funktioniert 18Verified<\/h2><p>18Verified bietet zwei Hauptmethoden zur weltweiten Best\u00e4tigung des Benutzeralters:<\/p><ul data-spread=\"false\"><li><p><strong>Kreditkarten\u00fcberpr\u00fcfung<\/strong>: Schnelle Alters\u00fcberpr\u00fcfung ohne Transaktionsverarbeitung und bietet maximalen Komfort und Datenschutz.<\/p><\/li><li><p><strong>Lichtbildausweis-Abgleich<\/strong>: Benutzer laden sicher einen Ausweis hoch und best\u00e4tigen so schnell und genau ihre Identit\u00e4t.<\/p><\/li><\/ul><p>Diese Methoden gew\u00e4hrleisten die vollst\u00e4ndige Einhaltung internationaler Standards und erm\u00f6glichen es Unternehmen, in mehreren Rechtsr\u00e4umen sicher zu agieren.<\/p><h2>Fazit: Entscheiden Sie sich mit 18Verified f\u00fcr Compliance, Datenschutz und globale Skalierbarkeit<\/h2><p>Angesichts der rasanten weltweiten Verbreitung obligatorischer Alters\u00fcberpr\u00fcfungen ist die Wahl einer zuverl\u00e4ssigen, effizienten und benutzerfreundlichen L\u00f6sung unerl\u00e4sslich. 18Verified unterst\u00fctzt Unternehmen weltweit durch nahtlose, kosteng\u00fcnstige Compliance, bei der Datenschutz und Benutzerfreundlichkeit im Vordergrund stehen. <\/p><p>Sind Sie bereit, Ihre globale Compliance m\u00fchelos sicherzustellen?<\/p><p><a href=\"https:\/\/www.18verified.com\/de\/plaene\/\">Join 18Verified today<\/a>.<\/p>\t\t\t\t\t\t\t\t<\/div>\n\t\t\t\t<\/div>\n\t\t\t\t\t<\/div>\n\t\t\t\t<\/div>\n\t\t\t\t<\/div>\n\t\t","protected":false},"excerpt":{"rendered":"<p>Warum 18Verified w\u00e4hlen? Home \/ Warum verifizieren? Warum Altersverifizierung heute weltweit unverzichtbar ist \u2013 und warum 18Verified Ihre beste Wahl ist. In den letzten Jahren ist die Online-Altersverifizierung in vielen L\u00e4ndern zu einer wichtigen Voraussetzung geworden. L\u00e4nder wie Gro\u00dfbritannien, die USA, Australien und einige andere haben strenge Gesetze zur Altersverifizierung eingef\u00fchrt, um Minderj\u00e4hrige vor unangemessenen [&hellip;]<\/p>\n","protected":false},"author":1,"featured_media":0,"parent":0,"menu_order":0,"comment_status":"closed","ping_status":"closed","template":"elementor_header_footer","meta":{"postBodyCss":"","postBodyMargin":[],"postBodyPadding":[],"postBodyBackground":{"backgroundType":"classic","gradient":""},"footnotes":""},"class_list":["post-2192","page","type-page","status-publish","hentry"],"_links":{"self":[{"href":"https:\/\/www.18verified.com\/de\/wp-json\/wp\/v2\/pages\/2192","targetHints":{"allow":["GET"]}}],"collection":[{"href":"https:\/\/www.18verified.com\/de\/wp-json\/wp\/v2\/pages"}],"about":[{"href":"https:\/\/www.18verified.com\/de\/wp-json\/wp\/v2\/types\/page"}],"author":[{"embeddable":true,"href":"https:\/\/www.18verified.com\/de\/wp-json\/wp\/v2\/users\/1"}],"replies":[{"embeddable":true,"href":"https:\/\/www.18verified.com\/de\/wp-json\/wp\/v2\/comments?post=2192"}],"version-history":[{"count":1,"href":"https:\/\/www.18verified.com\/de\/wp-json\/wp\/v2\/pages\/2192\/revisions"}],"predecessor-version":[{"id":2193,"href":"https:\/\/www.18verified.com\/de\/wp-json\/wp\/v2\/pages\/2192\/revisions\/2193"}],"wp:attachment":[{"href":"https:\/\/www.18verified.com\/de\/wp-json\/wp\/v2\/media?parent=2192"}],"curies":[{"name":"wp","href":"https:\/\/api.w.org\/{rel}","templated":true}]}}