{"id":2146,"date":"2025-06-05T08:15:00","date_gmt":"2025-06-05T08:15:00","guid":{"rendered":"https:\/\/www.18verified.com\/cuales-son-las-nuevas-leyes\/"},"modified":"2025-09-12T08:44:26","modified_gmt":"2025-09-12T08:44:26","slug":"cuales-son-las-nuevas-leyes","status":"publish","type":"page","link":"https:\/\/www.18verified.com\/es\/cuales-son-las-nuevas-leyes\/","title":{"rendered":"\u00bfCu\u00e1les son las nuevas leyes?"},"content":{"rendered":"\t\t<div data-elementor-type=\"wp-page\" data-elementor-id=\"2146\" class=\"elementor elementor-2146 elementor-363\" data-elementor-post-type=\"page\">\n\t\t\t\t<div class=\"elementor-element elementor-element-7f92e790 e-flex e-con-boxed e-con e-parent\" data-id=\"7f92e790\" data-element_type=\"container\" data-settings=\"{&quot;background_background&quot;:&quot;classic&quot;}\">\n\t\t\t\t\t<div class=\"e-con-inner\">\n\t\t\t\t<div class=\"elementor-element elementor-element-78c46843 elementor-widget elementor-widget-elementskit-heading\" data-id=\"78c46843\" data-element_type=\"widget\" data-widget_type=\"elementskit-heading.default\">\n\t\t\t\t<div class=\"elementor-widget-container\">\n\t\t\t\t\t<div class=\"ekit-wid-con\" ><div class=\"ekit-heading elementskit-section-title-wraper text_center   ekit_heading_tablet-   ekit_heading_mobile-\"><h2 class=\"ekit-heading--title elementskit-section-title \">\u00bfCu\u00e1les son las nuevas leyes?<\/h2><h3 class=\"ekit-heading--subtitle elementskit-section-subtitle  \">\n\t\t\t\t\t\tInicio \/ Nuevas leyes\n\t\t\t\t\t<\/h3><\/div><\/div>\t\t\t\t<\/div>\n\t\t\t\t<\/div>\n\t\t\t\t\t<\/div>\n\t\t\t\t<\/div>\n\t\t<div class=\"elementor-element elementor-element-9f3228c e-flex e-con-boxed e-con e-parent\" data-id=\"9f3228c\" data-element_type=\"container\">\n\t\t\t\t\t<div class=\"e-con-inner\">\n\t\t\t\t<div class=\"elementor-element elementor-element-5bcccf8 elementor-widget elementor-widget-text-editor\" data-id=\"5bcccf8\" data-element_type=\"widget\" data-widget_type=\"text-editor.default\">\n\t\t\t\t<div class=\"elementor-widget-container\">\n\t\t\t\t\t\t\t\t\t<h1 data-pm-slice=\"1 1 []\">Nuevas leyes de verificaci\u00f3n de edad: c\u00f3mo 18Verified mantiene el cumplimiento global de su sitio web<\/h1><p data-pm-slice=\"1 1 []\">Gobiernos de todo el mundo, incluidos el Reino Unido, EE. UU., Australia y Europa, han introducido leyes rigurosas de verificaci\u00f3n de edad dise\u00f1adas para proteger a los menores del acceso a contenido y productos en l\u00ednea inapropiados. Garantizar el cumplimiento de estas leyes es ahora fundamental para los sitios web que operan en los sectores de contenido para adultos, vapeo, juegos de azar, CBD y otros sectores sensibles a la edad. <\/p><p>Esto es lo que necesita saber sobre las diversas regulaciones regionales y c\u00f3mo 18Verified puede ayudarle sin esfuerzo a mantenerse en cumplimiento.<\/p><p> <\/p>\t\t\t\t\t\t\t\t<\/div>\n\t\t\t\t<\/div>\n\t\t\t\t<div class=\"elementor-element elementor-element-3cf082b elementor-widget elementor-widget-image\" data-id=\"3cf082b\" data-element_type=\"widget\" data-widget_type=\"image.default\">\n\t\t\t\t<div class=\"elementor-widget-container\">\n\t\t\t\t\t\t\t\t\t\t\t\t\t\t\t<img decoding=\"async\" width=\"300\" height=\"155\" src=\"https:\/\/www.18verified.com\/wp-content\/uploads\/2025\/07\/World_Map_300x150_Button-1-300x155.png\" class=\"attachment-medium size-medium wp-image-2089\" alt=\"\" srcset=\"https:\/\/www.18verified.com\/wp-content\/uploads\/2025\/07\/World_Map_300x150_Button-1-300x155.png 300w, https:\/\/www.18verified.com\/wp-content\/uploads\/2025\/07\/World_Map_300x150_Button-1.png 310w\" sizes=\"(max-width: 300px) 100vw, 300px\" \/>\t\t\t\t\t\t\t\t\t\t\t\t\t\t\t<\/div>\n\t\t\t\t<\/div>\n\t\t\t\t<div class=\"elementor-element elementor-element-27e44ae elementor-widget elementor-widget-text-editor\" data-id=\"27e44ae\" data-element_type=\"widget\" data-widget_type=\"text-editor.default\">\n\t\t\t\t<div class=\"elementor-widget-container\">\n\t\t\t\t\t\t\t\t\t<h2>Comprensi\u00f3n de las diferentes leyes de verificaci\u00f3n de edad<\/h2><h3>Reino Unido<\/h3><p>La Ley de seguridad en l\u00ednea del Reino Unido exige una verificaci\u00f3n de edad s\u00f3lida para los sitios web que alojan contenido orientado a adultos, plataformas de juegos de azar, productos de vapeo y minoristas de CBD. Los sitios web deben asegurarse de que se confirme que los visitantes tienen m\u00e1s de 18 a\u00f1os a trav\u00e9s de m\u00e9todos de verificaci\u00f3n seguros y fiables. <\/p><h3>Estados Unidos<\/h3><p>En los EE. UU., las leyes var\u00edan seg\u00fan el estado, y muchas jurisdicciones exigen medidas estrictas de verificaci\u00f3n de edad. Las industrias que incluyen entretenimiento para adultos, cannabis, productos de vapeo y juegos de azar en l\u00ednea deben implementar m\u00e9todos verificables para confirmar con precisi\u00f3n la edad de los usuarios. <\/p><h3>Australia<\/h3><p>Las regulaciones federales y estatales australianas exigen controles de edad en l\u00ednea estrictos, particularmente para sitios web de contenido para adultos, plataformas de juegos de azar en l\u00ednea y la industria del vapeo. El incumplimiento conlleva sanciones importantes, lo que hace que la verificaci\u00f3n precisa sea esencial. <\/p><h3>Europa<\/h3><p>En toda la Uni\u00f3n Europea, las regulaciones de seguridad digital como el RGPD requieren soluciones de verificaci\u00f3n de edad que no solo confirmen la edad de manera efectiva, sino que tambi\u00e9n protejan rigurosamente la privacidad del usuario. Esto significa que las soluciones deben manejar los datos de manera responsable y mantener una estricta confidencialidad. <\/p><h2>C\u00f3mo 18Verified garantiza el cumplimiento<\/h2><p>18Verified simplifica el cumplimiento global al ofrecer m\u00e9todos de verificaci\u00f3n universalmente aceptados, que incluyen:<\/p><ul data-spread=\"false\"><li><p><strong>Verificaci\u00f3n de tarjeta de cr\u00e9dito<\/strong>: un m\u00e9todo r\u00e1pido y fiable que confirma la edad de un usuario a trav\u00e9s de una verificaci\u00f3n segura y sin transacciones.<\/p><\/li><li><p><strong>Coincidencia de identificaci\u00f3n con foto<\/strong>: verificaci\u00f3n segura de la identidad a trav\u00e9s de la carga de una identificaci\u00f3n y un selfie por parte de los usuarios.<\/p><\/li><\/ul><p> <\/p>\t\t\t\t\t\t\t\t<\/div>\n\t\t\t\t<\/div>\n\t\t\t\t<div class=\"elementor-element elementor-element-c9190db elementor-widget elementor-widget-image\" data-id=\"c9190db\" data-element_type=\"widget\" data-widget_type=\"image.default\">\n\t\t\t\t<div class=\"elementor-widget-container\">\n\t\t\t\t\t\t\t\t\t\t\t\t\t\t\t<img fetchpriority=\"high\" decoding=\"async\" width=\"300\" height=\"300\" src=\"https:\/\/www.18verified.com\/wp-content\/uploads\/2025\/07\/ChatGPT-Image-Jul-24-2025-11_08_29-AM-300x300.png\" class=\"attachment-medium size-medium wp-image-2090\" alt=\"\" srcset=\"https:\/\/www.18verified.com\/wp-content\/uploads\/2025\/07\/ChatGPT-Image-Jul-24-2025-11_08_29-AM-300x300.png 300w, https:\/\/www.18verified.com\/wp-content\/uploads\/2025\/07\/ChatGPT-Image-Jul-24-2025-11_08_29-AM-100x100.png 100w, https:\/\/www.18verified.com\/wp-content\/uploads\/2025\/07\/ChatGPT-Image-Jul-24-2025-11_08_29-AM-600x600.png 600w, https:\/\/www.18verified.com\/wp-content\/uploads\/2025\/07\/ChatGPT-Image-Jul-24-2025-11_08_29-AM-150x150.png 150w, https:\/\/www.18verified.com\/wp-content\/uploads\/2025\/07\/ChatGPT-Image-Jul-24-2025-11_08_29-AM-768x768.png 768w, https:\/\/www.18verified.com\/wp-content\/uploads\/2025\/07\/ChatGPT-Image-Jul-24-2025-11_08_29-AM.png 1024w\" sizes=\"(max-width: 300px) 100vw, 300px\" \/>\t\t\t\t\t\t\t\t\t\t\t\t\t\t\t<\/div>\n\t\t\t\t<\/div>\n\t\t\t\t<div class=\"elementor-element elementor-element-ecc53ac elementor-widget elementor-widget-text-editor\" data-id=\"ecc53ac\" data-element_type=\"widget\" data-widget_type=\"text-editor.default\">\n\t\t\t\t<div class=\"elementor-widget-container\">\n\t\t\t\t\t\t\t\t\t<h2>\u00bfPor qu\u00e9 elegir 18Verified para el cumplimiento internacional?<\/h2><h3>La privacidad primero<\/h3><p>18Verified se adhiere a los m\u00e1s altos est\u00e1ndares de privacidad, garantizando una retenci\u00f3n m\u00ednima de datos, un cifrado s\u00f3lido y una estricta confidencialidad. La privacidad de sus usuarios es siempre nuestra principal prioridad. <\/p><h3>Compatibilidad global<\/h3><p>Nuestras soluciones se alinean perfectamente con los requisitos reglamentarios en el Reino Unido, EE. UU., Australia, Europa y otros mercados globales, lo que permite que su empresa se expanda con confianza y seguridad.<\/p><h3>F\u00e1cil integraci\u00f3n<\/h3><p>Las soluciones de 18Verified ofrecen una f\u00e1cil implementaci\u00f3n a trav\u00e9s de una API o una integraci\u00f3n Plug &amp; Play, lo que permite una implementaci\u00f3n r\u00e1pida independientemente de sus capacidades t\u00e9cnicas o el tama\u00f1o de su empresa.<\/p><h3>Rentable<\/h3><p>El modelo \u00fanico basado en suscripci\u00f3n de 18Verified transfiere los costes de verificaci\u00f3n directamente a los usuarios, lo que reduce dr\u00e1sticamente los gastos de su empresa en comparaci\u00f3n con los modelos tradicionales de pago por verificaci\u00f3n.<\/p><h2>Mant\u00e9ngase a la vanguardia de las regulaciones con 18Verified<\/h2><p>Al elegir 18Verified, no solo garantiza el cumplimiento normativo en m\u00faltiples jurisdicciones, sino que tambi\u00e9n protege la privacidad del usuario, reduce los costes comerciales y mejora la experiencia de sus clientes.<\/p><p>Asegure el cumplimiento global hoy mismo y proteja su negocio ma\u00f1ana.<\/p><p><a href=\"https:\/\/www.18verified.com\/plans\/\">\u00danase a 18Verified ahora<\/a>.<\/p>\t\t\t\t\t\t\t\t<\/div>\n\t\t\t\t<\/div>\n\t\t\t\t\t<\/div>\n\t\t\t\t<\/div>\n\t\t\t\t<\/div>\n\t\t","protected":false},"excerpt":{"rendered":"<p>\u00bfCu\u00e1les son las nuevas leyes? Inicio \/ Nuevas leyes Nuevas leyes de verificaci\u00f3n de edad: c\u00f3mo 18Verified mantiene el cumplimiento global de su sitio web Gobiernos de todo el mundo, incluidos el Reino Unido, EE. UU., Australia y Europa, han introducido leyes rigurosas de verificaci\u00f3n de edad dise\u00f1adas para proteger a los menores del acceso [&hellip;]<\/p>\n","protected":false},"author":1,"featured_media":0,"parent":0,"menu_order":0,"comment_status":"closed","ping_status":"closed","template":"elementor_header_footer","meta":{"postBodyCss":"","postBodyMargin":[],"postBodyPadding":[],"postBodyBackground":{"backgroundType":"classic","gradient":""},"footnotes":""},"class_list":["post-2146","page","type-page","status-publish","hentry"],"_links":{"self":[{"href":"https:\/\/www.18verified.com\/es\/wp-json\/wp\/v2\/pages\/2146","targetHints":{"allow":["GET"]}}],"collection":[{"href":"https:\/\/www.18verified.com\/es\/wp-json\/wp\/v2\/pages"}],"about":[{"href":"https:\/\/www.18verified.com\/es\/wp-json\/wp\/v2\/types\/page"}],"author":[{"embeddable":true,"href":"https:\/\/www.18verified.com\/es\/wp-json\/wp\/v2\/users\/1"}],"replies":[{"embeddable":true,"href":"https:\/\/www.18verified.com\/es\/wp-json\/wp\/v2\/comments?post=2146"}],"version-history":[{"count":1,"href":"https:\/\/www.18verified.com\/es\/wp-json\/wp\/v2\/pages\/2146\/revisions"}],"predecessor-version":[{"id":2147,"href":"https:\/\/www.18verified.com\/es\/wp-json\/wp\/v2\/pages\/2146\/revisions\/2147"}],"wp:attachment":[{"href":"https:\/\/www.18verified.com\/es\/wp-json\/wp\/v2\/media?parent=2146"}],"curies":[{"name":"wp","href":"https:\/\/api.w.org\/{rel}","templated":true}]}}