{"id":2169,"date":"2025-07-24T10:15:33","date_gmt":"2025-07-24T10:15:33","guid":{"rendered":"https:\/\/www.18verified.com\/testimonios\/"},"modified":"2025-09-12T10:32:04","modified_gmt":"2025-09-12T10:32:04","slug":"testimonios","status":"publish","type":"page","link":"https:\/\/www.18verified.com\/es\/testimonios\/","title":{"rendered":"Testimonios"},"content":{"rendered":"\t\t<div data-elementor-type=\"wp-page\" data-elementor-id=\"2169\" class=\"elementor elementor-2169 elementor-1100\" data-elementor-post-type=\"page\">\n\t\t\t\t<div class=\"elementor-element elementor-element-30cb439 e-con-full e-flex e-con e-parent\" data-id=\"30cb439\" data-element_type=\"container\">\n\t\t<div class=\"elementor-element elementor-element-ef09f78 e-con-full e-flex e-con e-child\" data-id=\"ef09f78\" data-element_type=\"container\" data-settings=\"{&quot;background_background&quot;:&quot;classic&quot;}\">\n\t\t\t\t<div class=\"elementor-element elementor-element-982bf9e elementor-widget elementor-widget-heading\" data-id=\"982bf9e\" data-element_type=\"widget\" data-widget_type=\"heading.default\">\n\t\t\t\t<div class=\"elementor-widget-container\">\n\t\t\t\t\t<h2 class=\"elementor-heading-title elementor-size-default\">Experimente una verificaci\u00f3n confiable con confianza<\/h2>\t\t\t\t<\/div>\n\t\t\t\t<\/div>\n\t\t\t\t<\/div>\n\t\t\t\t<\/div>\n\t\t<div class=\"elementor-element elementor-element-tEphrzi e-flex e-con-boxed e-con e-parent\" data-id=\"tEphrzi\" data-element_type=\"container\">\n\t\t\t\t\t<div class=\"e-con-inner\">\n\t\t<div class=\"elementor-element elementor-element-I8RK6AY e-con-full e-flex e-con e-child\" data-id=\"I8RK6AY\" data-element_type=\"container\">\n\t\t\t\t<div class=\"elementor-element elementor-element-DEwDjqG elementor-widget elementor-widget-text-editor\" data-id=\"DEwDjqG\" data-element_type=\"widget\" data-widget_type=\"text-editor.default\">\n\t\t\t\t<div class=\"elementor-widget-container\">\n\t\t\t\t\t\t\t\t\t<p>En 18verified, priorizamos la confianza y la transparencia. Nuestro equipo de expertos trabaja con diligencia para garantizar verificaciones exhaustivas, permiti\u00e9ndole tomar decisiones informadas con confianza. <\/p>\t\t\t\t\t\t\t\t<\/div>\n\t\t\t\t<\/div>\n\t\t\t\t<div class=\"elementor-element elementor-element-3a887c3 elementor-widget elementor-widget-heading\" data-id=\"3a887c3\" data-element_type=\"widget\" data-widget_type=\"heading.default\">\n\t\t\t\t<div class=\"elementor-widget-container\">\n\t\t\t\t\t<h2 class=\"elementor-heading-title elementor-size-default\">Testimonios de usuarios<\/h2>\t\t\t\t<\/div>\n\t\t\t\t<\/div>\n\t\t<div class=\"elementor-element elementor-element-Fra8Qto e-con-full e-flex e-con e-child\" data-id=\"Fra8Qto\" data-element_type=\"container\">\n\t\t\t\t<div class=\"elementor-element elementor-element-vqxLEfj elementor-tablet-position-top elementor-view-default elementor-position-top elementor-mobile-position-top elementor-widget elementor-widget-icon-box\" data-id=\"vqxLEfj\" data-element_type=\"widget\" data-widget_type=\"icon-box.default\">\n\t\t\t\t<div class=\"elementor-widget-container\">\n\t\t\t\t\t\t\t<div class=\"elementor-icon-box-wrapper\">\n\n\t\t\t\t\t\t<div class=\"elementor-icon-box-icon\">\n\t\t\t\t<span  class=\"elementor-icon\">\n\t\t\t\t<i aria-hidden=\"true\" class=\"icon icon-user-registration\"><\/i>\t\t\t\t<\/span>\n\t\t\t<\/div>\n\t\t\t\n\t\t\t\t\t\t<div class=\"elementor-icon-box-content\">\n\n\t\t\t\t\t\t\t\t\t<h3 class=\"elementor-icon-box-title\">\n\t\t\t\t\t\t<span  >\n\t\t\t\t\t\t\tVerificaci\u00f3n confiable\t\t\t\t\t\t<\/span>\n\t\t\t\t\t<\/h3>\n\t\t\t\t\n\t\t\t\t\t\t\t\t\t<p class=\"elementor-icon-box-description\">\n\t\t\t\t\t\t\"18Verified hizo que todo el proceso fuera rapid\u00edsimo y sencillo. Verifiqu\u00e9 mi edad una vez y ahora puedo acceder a todos los sitios que necesito con un solo inicio de sesi\u00f3n. Sin tener que cargar mi identificaci\u00f3n repetidamente ni pasos complicados. Es seguro, discreto y, sinceramente, funciona. \u00a1Lo recomiendo encarecidamente a quienes valoran la privacidad y la comodidad!\"\n\u2014 Daniel W., Usuario verificado\t\t\t\t\t<\/p>\n\t\t\t\t\n\t\t\t<\/div>\n\t\t\t\n\t\t<\/div>\n\t\t\t\t\t\t<\/div>\n\t\t\t\t<\/div>\n\t\t\t\t<\/div>\n\t\t\t\t<div class=\"elementor-element elementor-element-7636b9b elementor-widget elementor-widget-heading\" data-id=\"7636b9b\" data-element_type=\"widget\" data-widget_type=\"heading.default\">\n\t\t\t\t<div class=\"elementor-widget-container\">\n\t\t\t\t\t<h3 class=\"elementor-heading-title elementor-size-default\">Extremadamente privado<\/h3>\t\t\t\t<\/div>\n\t\t\t\t<\/div>\n\t\t\t\t<div class=\"elementor-element elementor-element-f20fd2c elementor-widget elementor-widget-text-editor\" data-id=\"f20fd2c\" data-element_type=\"widget\" data-widget_type=\"text-editor.default\">\n\t\t\t\t<div class=\"elementor-widget-container\">\n\t\t\t\t\t\t\t\t\t<p>\u00abLo que m\u00e1s me gusta de 18Verified es su privacidad. No tuve que compartir m\u00e1s informaci\u00f3n de la necesaria, y una vez verificada, ya est\u00e1: sin seguimiento, sin spam, y nadie sabe qu\u00e9 sitios visito. Es la verificaci\u00f3n de edad m\u00e1s respetuosa y segura que he usado.\u00bb<br data-start=\"336\" data-end=\"339\">\u2014 <em data-start=\"341\" data-end=\"366\">Usuario verificado<\/em><\/p>\t\t\t\t\t\t\t\t<\/div>\n\t\t\t\t<\/div>\n\t\t\t\t<div class=\"elementor-element elementor-element-545e7a1 elementor-widget elementor-widget-heading\" data-id=\"545e7a1\" data-element_type=\"widget\" data-widget_type=\"heading.default\">\n\t\t\t\t<div class=\"elementor-widget-container\">\n\t\t\t\t\t<h3 class=\"elementor-heading-title elementor-size-default\">Navegaci\u00f3n f\u00e1cil<\/h3>\t\t\t\t<\/div>\n\t\t\t\t<\/div>\n\t\t\t\t<div class=\"elementor-element elementor-element-7518694 elementor-widget elementor-widget-text-editor\" data-id=\"7518694\" data-element_type=\"widget\" data-widget_type=\"text-editor.default\">\n\t\t\t\t<div class=\"elementor-widget-container\">\n\t\t\t\t\t\t\t\t\t<p>\u00abDe todas las opciones de verificaci\u00f3n de edad disponibles, 18Verified es la m\u00e1s sensata. Una verificaci\u00f3n r\u00e1pida, un inicio de sesi\u00f3n y listo para usar en m\u00faltiples sitios. Sin complicaciones ni pagos repetidos. Es asequible, inteligente y est\u00e1 dise\u00f1ada pensando en los usuarios.\u00bb &#8211; <em>Usuario verificado<\/em><\/p>\t\t\t\t\t\t\t\t<\/div>\n\t\t\t\t<\/div>\n\t\t<div class=\"elementor-element elementor-element-mJEwYU2 e-con-full e-flex e-con e-child\" data-id=\"mJEwYU2\" data-element_type=\"container\">\n\t\t\t\t<div class=\"elementor-element elementor-element-4TJP2nV elementor-widget__width-auto elementor-widget elementor-widget-button\" data-id=\"4TJP2nV\" data-element_type=\"widget\" data-widget_type=\"button.default\">\n\t\t\t\t<div class=\"elementor-widget-container\">\n\t\t\t\t\t\t\t\t\t<div class=\"elementor-button-wrapper\">\n\t\t\t\t\t<a class=\"elementor-button elementor-button-link elementor-size-sm\" href=\"#\">\n\t\t\t\t\t\t<span class=\"elementor-button-content-wrapper\">\n\t\t\t\t\t\t\t\t\t<span class=\"elementor-button-text\">Obtenga la verificaci\u00f3n ahora<\/span>\n\t\t\t\t\t<\/span>\n\t\t\t\t\t<\/a>\n\t\t\t\t<\/div>\n\t\t\t\t\t\t\t\t<\/div>\n\t\t\t\t<\/div>\n\t\t\t\t<\/div>\n\t\t\t\t<div class=\"elementor-element elementor-element-6466561 elementor-widget elementor-widget-text-editor\" data-id=\"6466561\" data-element_type=\"widget\" data-widget_type=\"text-editor.default\">\n\t\t\t\t<div class=\"elementor-widget-container\">\n\t\t\t\t\t\t\t\t\t<p data-start=\"89\" data-end=\"500\"><strong data-start=\"89\" data-end=\"116\">Usuarios reales. Confianza real. <\/strong><br data-start=\"116\" data-end=\"119\">En 18Verified, <strong data-start=\"138\" data-end=\"172\">nuestro sistema de verificaci\u00f3n<\/strong> de edad, que prioriza la privacidad, cuenta con la confianza de miles de usuarios en todo el mundo. Desde el acceso <strong data-start=\"229\" data-end=\"248\" data-is-only-node=\"\">sin problemas <\/strong>y la <strong data-start=\"253\" data-end=\"281\">compatibilidad entre sitios<\/strong> hasta el <strong data-start=\"285\" data-end=\"318\">anonimato y la protecci\u00f3n<\/strong> de datos, nuestros miembros verificados valoran un sistema r\u00e1pido, seguro y dise\u00f1ado pensando en la <strong data-start=\"392\" data-end=\"411\">experiencia del usuario<\/strong>.<br data-start=\"420\" data-end=\"423\">\u00danete a la creciente red de usuarios que dicen: <strong data-start=\"466\" data-end=\"500\">\u00ab18Verified es la soluci\u00f3n perfecta\u00bb<\/strong>. <\/p><p data-start=\"502\" data-end=\"557\" data-is-last-node=\"\" data-is-only-node=\"\"><strong data-start=\"502\" data-end=\"557\" data-is-last-node=\"\">Verif\u00edcate una vez. Accede a todo. Mant\u00e9n tu privacidad.  <\/strong><\/p>\t\t\t\t\t\t\t\t<\/div>\n\t\t\t\t<\/div>\n\t\t\t\t<\/div>\n\t\t<div class=\"elementor-element elementor-element-qdnXOeP e-con-full e-flex e-con e-child\" data-id=\"qdnXOeP\" data-element_type=\"container\">\n\t\t\t\t<div class=\"elementor-element elementor-element-DBxniwk elementor-widget elementor-widget-video\" data-id=\"DBxniwk\" data-element_type=\"widget\" data-settings=\"{&quot;youtube_url&quot;:&quot;https:\\\/\\\/youtube.com\\\/shorts\\\/hSA4JXmrc3k?si=xxweIawuZcF-5GZl&quot;,&quot;video_type&quot;:&quot;youtube&quot;,&quot;controls&quot;:&quot;yes&quot;}\" data-widget_type=\"video.default\">\n\t\t\t\t<div class=\"elementor-widget-container\">\n\t\t\t\t\t\t\t<div class=\"elementor-wrapper elementor-open-inline\">\n\t\t\t<div class=\"elementor-video\"><\/div>\t\t<\/div>\n\t\t\t\t\t\t<\/div>\n\t\t\t\t<\/div>\n\t\t\t\t<\/div>\n\t\t\t\t\t<\/div>\n\t\t\t\t<\/div>\n\t\t\t\t<\/div>\n\t\t","protected":false},"excerpt":{"rendered":"<p>Experimente una verificaci\u00f3n confiable con confianza En 18verified, priorizamos la confianza y la transparencia. Nuestro equipo de expertos trabaja con diligencia para garantizar verificaciones exhaustivas, permiti\u00e9ndole tomar decisiones informadas con confianza. Testimonios de usuarios Verificaci\u00f3n confiable \u00ab18Verified hizo que todo el proceso fuera rapid\u00edsimo y sencillo. Verifiqu\u00e9 mi edad una vez y ahora puedo acceder [&hellip;]<\/p>\n","protected":false},"author":1,"featured_media":0,"parent":0,"menu_order":0,"comment_status":"closed","ping_status":"closed","template":"elementor_header_footer","meta":{"postBodyCss":"","postBodyMargin":[],"postBodyPadding":[],"postBodyBackground":{"backgroundType":"classic","gradient":""},"footnotes":""},"class_list":["post-2169","page","type-page","status-publish","hentry"],"_links":{"self":[{"href":"https:\/\/www.18verified.com\/es\/wp-json\/wp\/v2\/pages\/2169","targetHints":{"allow":["GET"]}}],"collection":[{"href":"https:\/\/www.18verified.com\/es\/wp-json\/wp\/v2\/pages"}],"about":[{"href":"https:\/\/www.18verified.com\/es\/wp-json\/wp\/v2\/types\/page"}],"author":[{"embeddable":true,"href":"https:\/\/www.18verified.com\/es\/wp-json\/wp\/v2\/users\/1"}],"replies":[{"embeddable":true,"href":"https:\/\/www.18verified.com\/es\/wp-json\/wp\/v2\/comments?post=2169"}],"version-history":[{"count":1,"href":"https:\/\/www.18verified.com\/es\/wp-json\/wp\/v2\/pages\/2169\/revisions"}],"predecessor-version":[{"id":2170,"href":"https:\/\/www.18verified.com\/es\/wp-json\/wp\/v2\/pages\/2169\/revisions\/2170"}],"wp:attachment":[{"href":"https:\/\/www.18verified.com\/es\/wp-json\/wp\/v2\/media?parent=2169"}],"curies":[{"name":"wp","href":"https:\/\/api.w.org\/{rel}","templated":true}]}}