{"id":2179,"date":"2025-07-23T07:31:37","date_gmt":"2025-07-23T07:31:37","guid":{"rendered":"https:\/\/www.18verified.com\/como-verificamos\/"},"modified":"2025-09-12T10:58:14","modified_gmt":"2025-09-12T10:58:14","slug":"como-verificamos","status":"publish","type":"page","link":"https:\/\/www.18verified.com\/es\/como-verificamos\/","title":{"rendered":"C\u00f3mo verificamos"},"content":{"rendered":"\t\t<div data-elementor-type=\"wp-page\" data-elementor-id=\"2179\" class=\"elementor elementor-2179 elementor-1043\" data-elementor-post-type=\"page\">\n\t\t\t\t<div class=\"elementor-element elementor-element-7f92e790 e-flex e-con-boxed e-con e-parent\" data-id=\"7f92e790\" data-element_type=\"container\" data-settings=\"{&quot;background_background&quot;:&quot;classic&quot;}\">\n\t\t\t\t\t<div class=\"e-con-inner\">\n\t\t\t\t<div class=\"elementor-element elementor-element-78c46843 elementor-widget elementor-widget-elementskit-heading\" data-id=\"78c46843\" data-element_type=\"widget\" data-widget_type=\"elementskit-heading.default\">\n\t\t\t\t<div class=\"elementor-widget-container\">\n\t\t\t\t\t<div class=\"ekit-wid-con\" ><div class=\"ekit-heading elementskit-section-title-wraper text_center   ekit_heading_tablet-   ekit_heading_mobile-\"><h2 class=\"ekit-heading--title elementskit-section-title \">C\u00f3mo verificamosHow We Verify<\/h2><h3 class=\"ekit-heading--subtitle elementskit-section-subtitle  \">\n\t\t\t\t\t\tInicio \/ C\u00f3mo verificamos\n\t\t\t\t\t<\/h3><\/div><\/div>\t\t\t\t<\/div>\n\t\t\t\t<\/div>\n\t\t\t\t\t<\/div>\n\t\t\t\t<\/div>\n\t\t<div class=\"elementor-element elementor-element-9f3228c e-flex e-con-boxed e-con e-parent\" data-id=\"9f3228c\" data-element_type=\"container\">\n\t\t\t\t\t<div class=\"e-con-inner\">\n\t\t\t\t<div class=\"elementor-element elementor-element-f2c5338 elementor-widget elementor-widget-heading\" data-id=\"f2c5338\" data-element_type=\"widget\" data-widget_type=\"heading.default\">\n\t\t\t\t<div class=\"elementor-widget-container\">\n\t\t\t\t\t<h1 class=\"elementor-heading-title elementor-size-default\">En constante evoluci\u00f3n para el cumplimiento global<\/h1>\t\t\t\t<\/div>\n\t\t\t\t<\/div>\n\t\t\t\t<div class=\"elementor-element elementor-element-271f1b9 elementor-widget elementor-widget-text-editor\" data-id=\"271f1b9\" data-element_type=\"widget\" data-widget_type=\"text-editor.default\">\n\t\t\t\t<div class=\"elementor-widget-container\">\n\t\t\t\t\t\t\t\t\t<p data-start=\"43\" data-end=\"496\" data-is-last-node=\"\" data-is-only-node=\"\">En 18Verified, innovamos constantemente para que la verificaci\u00f3n de edad sea lo m\u00e1s sencilla, segura y fluida posible. Nuestra plataforma est\u00e1 dise\u00f1ada para adaptarse a las leyes y necesidades de los usuarios, siempre en constante evoluci\u00f3n, ofreciendo m\u00e9todos de verificaci\u00f3n flexibles que cumplen con los requisitos de cumplimiento normativo de pa\u00edses de todo el mundo. Ya sea para verificaciones de identidad, validaci\u00f3n de tarjetas de cr\u00e9dito o estimaci\u00f3n de edad facial, 18Verified garantiza que sus usuarios se verifiquen de forma r\u00e1pida y segura, sin importar d\u00f3nde se encuentren.  <\/p>\t\t\t\t\t\t\t\t<\/div>\n\t\t\t\t<\/div>\n\t\t\t\t<div class=\"elementor-element elementor-element-0579162 elementor-widget-divider--view-line elementor-widget elementor-widget-divider\" data-id=\"0579162\" data-element_type=\"widget\" data-widget_type=\"divider.default\">\n\t\t\t\t<div class=\"elementor-widget-container\">\n\t\t\t\t\t\t\t<div class=\"elementor-divider\">\n\t\t\t<span class=\"elementor-divider-separator\">\n\t\t\t\t\t\t<\/span>\n\t\t<\/div>\n\t\t\t\t\t\t<\/div>\n\t\t\t\t<\/div>\n\t\t\t\t<div class=\"elementor-element elementor-element-01b7eaf elementor-widget elementor-widget-heading\" data-id=\"01b7eaf\" data-element_type=\"widget\" data-widget_type=\"heading.default\">\n\t\t\t\t<div class=\"elementor-widget-container\">\n\t\t\t\t\t<h2 class=\"elementor-heading-title elementor-size-default\">Verificaci\u00f3n de identificaci\u00f3n con fotograf\u00eda<\/h2>\t\t\t\t<\/div>\n\t\t\t\t<\/div>\n\t\t\t\t<div class=\"elementor-element elementor-element-d462a69 elementor-widget elementor-widget-text-editor\" data-id=\"d462a69\" data-element_type=\"widget\" data-widget_type=\"text-editor.default\">\n\t\t\t\t<div class=\"elementor-widget-container\">\n\t\t\t\t\t\t\t\t\t<article class=\"text-token-text-primary w-full\" dir=\"auto\" data-testid=\"conversation-turn-24\" data-scroll-anchor=\"false\">\n<div class=\"text-base my-auto mx-auto [--thread-content-margin:--spacing(4)] @[37rem]:[--thread-content-margin:--spacing(6)] @[72rem]:[--thread-content-margin:--spacing(16)] px-(--thread-content-margin)\">\n<div class=\"[--thread-content-max-width:32rem] @[34rem]:[--thread-content-max-width:40rem] @[64rem]:[--thread-content-max-width:48rem] mx-auto max-w-(--thread-content-max-width) flex-1 group\/turn-messages focus-visible:outline-hidden relative flex w-full min-w-0 flex-col agent-turn\" tabindex=\"-1\">\n<div class=\"flex max-w-full flex-col grow\">\n<div class=\"min-h-8 text-message relative flex w-full flex-col items-end gap-2 text-start break-words whitespace-normal [.text-message+&amp;]:mt-5\" dir=\"auto\" data-message-author-role=\"assistant\" data-message-id=\"80e251b9-b6c8-4594-af25-80ae7432962b\" data-message-model-slug=\"gpt-4-5\">\n<div class=\"flex w-full flex-col gap-1 empty:hidden first:pt-[3px]\">\n<div class=\"markdown prose dark:prose-invert w-full break-words light\">\n<p data-start=\"0\" data-end=\"91\">Un m\u00e9todo preciso de verificaci\u00f3n de edad que utiliza escaneo de identificaci\u00f3n seguro para confirmar la edad exacta de un usuario.<\/p>\n<p><strong>C\u00f3mo funciona<\/strong><br>Se le pide al usuario que escanee su documento de identidad con la c\u00e1mara de su dispositivo. Esta imagen se env\u00eda de forma segura al servidor de 18Verified y se analiza mediante IA. El sistema extrae informaci\u00f3n clave del documento para determinar si el usuario cumple con la edad m\u00ednima.  <\/p>\n<p><\/p>\n<p>Si la verificaci\u00f3n es exitosa, el usuario puede continuar. De lo contrario, se le ofrecer\u00e1n m\u00e9todos alternativos de verificaci\u00f3n de edad para continuar. <\/p>\n<p data-start=\"93\" data-end=\"306\" data-is-last-node=\"\" data-is-only-node=\"\"><strong data-start=\"93\" data-end=\"117\">Pa\u00edses compatibles<\/strong>: Global<br data-start=\"124\" data-end=\"127\" data-is-only-node=\"\"><strong data-start=\"127\" data-end=\"149\">Tipo de verificaci\u00f3n<\/strong>: Verificaci\u00f3n de edad<br data-start=\"166\" data-end=\"169\"><strong data-start=\"169\" data-end=\"188\">L\u00edmites de edad<\/strong>: Todos los grupos de edad<br data-start=\"203\" data-end=\"206\"><strong data-start=\"206\" data-end=\"224\">Datos capturados<\/strong>: Imagen e informaci\u00f3n del documento de identidad<br data-start=\"249\" data-end=\"252\"><strong data-start=\"252\" data-end=\"275\">Velocidad de verificaci\u00f3n<\/strong>: Resultados instant\u00e1neos en segundos<\/p>\n<\/div>\n<\/div>\n<\/div>\n<\/div>\n<div class=\"mx-[var(--mini-thread-content-inset)]\">\n<div class=\"flex min-h-[46px] justify-start\">\n<div class=\"touch:-me-2 touch:-ms-3.5 -ms-2.5 -me-1 flex flex-wrap items-center gap-y-4 p-1 select-none touch:w-[calc(100%+--spacing(3.5))] -mt-1 w-[calc(100%+--spacing(2.5))] duration-[1.5s] focus-within:transition-none hover:transition-none pointer-events-none [mask-image:linear-gradient(to_right,black_33%,transparent_66%)] [mask-size:300%_100%] [mask-position:100%_0%] motion-safe:transition-[mask-position] group-hover\/turn-messages:pointer-events-auto group-hover\/turn-messages:[mask-position:0_0] group-focus-within\/turn-messages:pointer-events-auto group-focus-within\/turn-messages:[mask-position:0_0] has-data-[state=open]:pointer-events-auto has-data-[state=open]:[mask-position:0_0]\"> <\/div>\n<\/div>\n<\/div>\n<\/div>\n<\/div>\n<\/article>\n<article class=\"text-token-text-primary w-full\" dir=\"auto\" data-testid=\"conversation-turn-25\" data-scroll-anchor=\"false\">\n<h5 class=\"sr-only\"> <\/h5>\n<\/article>\t\t\t\t\t\t\t\t<\/div>\n\t\t\t\t<\/div>\n\t\t\t\t<div class=\"elementor-element elementor-element-48f74b3 elementor-widget elementor-widget-image\" data-id=\"48f74b3\" data-element_type=\"widget\" data-widget_type=\"image.default\">\n\t\t\t\t<div class=\"elementor-widget-container\">\n\t\t\t\t\t\t\t\t\t\t\t\t\t\t\t<img fetchpriority=\"high\" decoding=\"async\" width=\"640\" height=\"427\" src=\"https:\/\/www.18verified.com\/wp-content\/uploads\/2025\/07\/image-1024x683.png\" class=\"attachment-large size-large wp-image-1804\" alt=\"\" srcset=\"https:\/\/www.18verified.com\/wp-content\/uploads\/2025\/07\/image-1024x683.png 1024w, https:\/\/www.18verified.com\/wp-content\/uploads\/2025\/07\/image-600x400.png 600w, https:\/\/www.18verified.com\/wp-content\/uploads\/2025\/07\/image-300x200.png 300w, https:\/\/www.18verified.com\/wp-content\/uploads\/2025\/07\/image-768x512.png 768w, https:\/\/www.18verified.com\/wp-content\/uploads\/2025\/07\/image.png 1536w\" sizes=\"(max-width: 640px) 100vw, 640px\" \/>\t\t\t\t\t\t\t\t\t\t\t\t\t\t\t<\/div>\n\t\t\t\t<\/div>\n\t\t\t\t<div class=\"elementor-element elementor-element-dfd2468 elementor-widget elementor-widget-heading\" data-id=\"dfd2468\" data-element_type=\"widget\" data-widget_type=\"heading.default\">\n\t\t\t\t<div class=\"elementor-widget-container\">\n\t\t\t\t\t<h2 class=\"elementor-heading-title elementor-size-default\">Verificaci\u00f3n de tarjeta de cr\u00e9dito <\/h2>\t\t\t\t<\/div>\n\t\t\t\t<\/div>\n\t\t\t\t<div class=\"elementor-element elementor-element-4a9869b elementor-widget elementor-widget-text-editor\" data-id=\"4a9869b\" data-element_type=\"widget\" data-widget_type=\"text-editor.default\">\n\t\t\t\t<div class=\"elementor-widget-container\">\n\t\t\t\t\t\t\t\t\t<div class=\"wp-block-gutenkit-container alignfull\">\n<div class=\"gkit-block__inner\">\n<p><\/p>\n<div class=\"wp-block-group\">\n<p><\/p>\n<div class=\"wp-block-group\">\n<p><\/p>\n<details class=\"wp-block-details\" open=\"open\">\n<p><strong>C\u00f3mo funciona<\/strong><br>El usuario ingresa el n\u00famero de su tarjeta de cr\u00e9dito, la fecha de vencimiento y el c\u00f3digo CVC\/CVV.<\/p>\n<p><\/p>\n<p>Esta informaci\u00f3n es procesada de forma segura por nuestro proveedor de pagos, quien confirma que se trata de una tarjeta de cr\u00e9dito y que la tarjeta est\u00e1 activa y v\u00e1lida.<\/p>\n<p><\/p>\n<p>Los detalles de las tarjetas no se almacenan ni se accede a ellos por parte de 18Verified en ning\u00fan momento.<\/p>\n<summary><strong><br><br><\/strong><\/summary>\n<\/details><\/div>\n<\/div>\n<\/div>\n<\/div>\n<p>Un m\u00e9todo seguro de verificaci\u00f3n de edad que confirma la edad de un usuario mediante la autorizaci\u00f3n de una tarjeta de cr\u00e9dito.<\/p>\n<p><\/p>\n<p><strong>Pa\u00edses compatibles<\/strong>: Global<br><strong>Tipo de verificaci\u00f3n<\/strong>: Verificaci\u00f3n de edad<br><strong>L\u00edmite de edad<\/strong>: Mayores de 18 a\u00f1os<br><strong>Datos recopilados:<\/strong> Datos de la tarjeta de cr\u00e9dito (sin cargos)<br><strong>Velocidad de verificaci\u00f3n<\/strong>: Resultados instant\u00e1neos en segundos<\/p>\n<p><\/p>\n<figure class=\"wp-block-image size-large\"><img decoding=\"async\" width=\"1024\" height=\"683\" class=\"wp-image-1029\" src=\"https:\/\/www.18verified.com\/wp-content\/uploads\/2025\/07\/image-1-1024x683.png\" alt=\"\" srcset=\"https:\/\/www.18verified.com\/wp-content\/uploads\/2025\/07\/image-1-1024x683.png 1024w, https:\/\/www.18verified.com\/wp-content\/uploads\/2025\/07\/image-1-600x400.png 600w, https:\/\/www.18verified.com\/wp-content\/uploads\/2025\/07\/image-1-300x200.png 300w, https:\/\/www.18verified.com\/wp-content\/uploads\/2025\/07\/image-1-768x512.png 768w, https:\/\/www.18verified.com\/wp-content\/uploads\/2025\/07\/image-1.png 1536w\" sizes=\"(max-width: 1024px) 100vw, 1024px\" \/><\/figure>\n<p><\/p>\n<p> <\/p>\n<p><\/p>\n<p><\/p>\t\t\t\t\t\t\t\t<\/div>\n\t\t\t\t<\/div>\n\t\t\t\t<div class=\"elementor-element elementor-element-94463a2 elementor-widget elementor-widget-heading\" data-id=\"94463a2\" data-element_type=\"widget\" data-widget_type=\"heading.default\">\n\t\t\t\t<div class=\"elementor-widget-container\">\n\t\t\t\t\t<h2 class=\"elementor-heading-title elementor-size-default\">Reconocimiento facial - Pr\u00f3ximamente <\/h2>\t\t\t\t<\/div>\n\t\t\t\t<\/div>\n\t\t\t\t<div class=\"elementor-element elementor-element-f1845a4 elementor-widget elementor-widget-text-editor\" data-id=\"f1845a4\" data-element_type=\"widget\" data-widget_type=\"text-editor.default\">\n\t\t\t\t<div class=\"elementor-widget-container\">\n\t\t\t\t\t\t\t\t\t<p>Prep\u00e1rate para una forma a\u00fan m\u00e1s r\u00e1pida de verificar la edad de tus usuarios. Nuestra nueva funci\u00f3n de reconocimiento facial se lanzar\u00e1 pronto: te ofrece una forma segura, privada y sencilla de demostrar que eres mayor de 18 a\u00f1os. Sin subidas ni complicaciones: solo un escaneo r\u00e1pido y estar\u00e1n verificados. \u00a1Mantente al tanto!   <\/p>\n<p><strong>Pa\u00edses compatibles:<\/strong> Global<br><strong>Tipo de verificaci\u00f3n:<\/strong> Reconocimiento facial<br><strong>Edad m\u00ednima<\/strong>: 18 a\u00f1os o m\u00e1s<br><strong>Datos capturados<\/strong>: Imagen\/v\u00eddeo en directo<br>Velocidad de verificaci\u00f3n: Resultados instant\u00e1neos en segundos<\/p>\n<p> <\/p>\t\t\t\t\t\t\t\t<\/div>\n\t\t\t\t<\/div>\n\t\t\t\t<div class=\"elementor-element elementor-element-6b03121 elementor-widget elementor-widget-image\" data-id=\"6b03121\" data-element_type=\"widget\" data-widget_type=\"image.default\">\n\t\t\t\t<div class=\"elementor-widget-container\">\n\t\t\t\t\t\t\t\t\t\t\t\t\t\t\t<img decoding=\"async\" width=\"640\" height=\"427\" src=\"https:\/\/www.18verified.com\/wp-content\/uploads\/2025\/07\/jfld-1024x683.jpg\" class=\"attachment-large size-large wp-image-1806\" alt=\"\" srcset=\"https:\/\/www.18verified.com\/wp-content\/uploads\/2025\/07\/jfld-1024x683.jpg 1024w, https:\/\/www.18verified.com\/wp-content\/uploads\/2025\/07\/jfld-600x400.jpg 600w, https:\/\/www.18verified.com\/wp-content\/uploads\/2025\/07\/jfld-300x200.jpg 300w, https:\/\/www.18verified.com\/wp-content\/uploads\/2025\/07\/jfld-768x512.jpg 768w, https:\/\/www.18verified.com\/wp-content\/uploads\/2025\/07\/jfld.jpg 1536w\" sizes=\"(max-width: 640px) 100vw, 640px\" \/>\t\t\t\t\t\t\t\t\t\t\t\t\t\t\t<\/div>\n\t\t\t\t<\/div>\n\t\t\t\t<div class=\"elementor-element elementor-element-b1ccc03 elementor-widget elementor-widget-heading\" data-id=\"b1ccc03\" data-element_type=\"widget\" data-widget_type=\"heading.default\">\n\t\t\t\t<div class=\"elementor-widget-container\">\n\t\t\t\t\t<h2 class=\"elementor-heading-title elementor-size-default\">\u00a1La aplicaci\u00f3n se lanzar\u00e1 pronto!<\/h2>\t\t\t\t<\/div>\n\t\t\t\t<\/div>\n\t\t\t\t<div class=\"elementor-element elementor-element-1f23daa elementor-widget elementor-widget-text-editor\" data-id=\"1f23daa\" data-element_type=\"widget\" data-widget_type=\"text-editor.default\">\n\t\t\t\t<div class=\"elementor-widget-container\">\n\t\t\t\t\t\t\t\t\t<p>\u00a1La aplicaci\u00f3n 18Verified llegar\u00e1 pronto!<br>Los usuarios pueden gestionar f\u00e1cilmente su verificaci\u00f3n de edad desde cualquier lugar con la pr\u00f3xima app 18Verified. Suscr\u00edbete, verifica tu edad una vez y accede a todos los sitios web participantes con un solo inicio de sesi\u00f3n. Sencillo, seguro y sin complicaciones.  <\/p>\t\t\t\t\t\t\t\t<\/div>\n\t\t\t\t<\/div>\n\t\t\t\t<div class=\"elementor-element elementor-element-9b590d3 elementor-widget elementor-widget-image\" data-id=\"9b590d3\" data-element_type=\"widget\" data-widget_type=\"image.default\">\n\t\t\t\t<div class=\"elementor-widget-container\">\n\t\t\t\t\t\t\t\t\t\t\t\t\t\t\t<img loading=\"lazy\" decoding=\"async\" width=\"640\" height=\"640\" src=\"https:\/\/www.18verified.com\/wp-content\/uploads\/2025\/07\/app-image--768x768.jpg\" class=\"attachment-medium_large size-medium_large wp-image-1808\" alt=\"\" srcset=\"https:\/\/www.18verified.com\/wp-content\/uploads\/2025\/07\/app-image--768x768.jpg 768w, https:\/\/www.18verified.com\/wp-content\/uploads\/2025\/07\/app-image--300x300.jpg 300w, https:\/\/www.18verified.com\/wp-content\/uploads\/2025\/07\/app-image--100x100.jpg 100w, https:\/\/www.18verified.com\/wp-content\/uploads\/2025\/07\/app-image--600x600.jpg 600w, https:\/\/www.18verified.com\/wp-content\/uploads\/2025\/07\/app-image--150x150.jpg 150w, https:\/\/www.18verified.com\/wp-content\/uploads\/2025\/07\/app-image-.jpg 1024w\" sizes=\"(max-width: 640px) 100vw, 640px\" \/>\t\t\t\t\t\t\t\t\t\t\t\t\t\t\t<\/div>\n\t\t\t\t<\/div>\n\t\t\t\t<div class=\"elementor-element elementor-element-a38f8f7 elementor-widget elementor-widget-text-editor\" data-id=\"a38f8f7\" data-element_type=\"widget\" data-widget_type=\"text-editor.default\">\n\t\t\t\t<div class=\"elementor-widget-container\">\n\t\t\t\t\t\t\t\t\t<p><strong data-start=\"0\" data-end=\"66\" data-is-only-node=\"\">M\u00e9todos de verificaci\u00f3n de edad | Identificaci\u00f3n, tarjeta de cr\u00e9dito y m\u00e1s | 18Verified<\/strong><br data-start=\"66\" data-end=\"69\">Explora la gama completa de soluciones de verificaci\u00f3n de edad seguras y compatibles de 18Verified. Ofrecemos opciones de verificaci\u00f3n r\u00e1pidas y centradas en la privacidad, que incluyen coincidencia de identificaci\u00f3n con foto, verificaci\u00f3n de tarjeta de cr\u00e9dito, estimaci\u00f3n de edad facial, verificaci\u00f3n de operador m\u00f3vil y autenticaci\u00f3n de identidad digital. Dise\u00f1ada para cumplir con las leyes de verificaci\u00f3n de edad en el Reino Unido, EE. UU., Australia y Europa, nuestra tecnolog\u00eda ayuda a sitios web de contenido para adultos, tiendas de vapeo, plataformas de juegos de azar y vendedores de CBD a cumplir con todas las normativas. Elige 18Verified para una integraci\u00f3n sencilla, cobertura global y protecci\u00f3n fiable contra el acceso de menores.   <\/p>\t\t\t\t\t\t\t\t<\/div>\n\t\t\t\t<\/div>\n\t\t\t\t\t<\/div>\n\t\t\t\t<\/div>\n\t\t\t\t<\/div>\n\t\t","protected":false},"excerpt":{"rendered":"<p>C\u00f3mo verificamosHow We Verify Inicio \/ C\u00f3mo verificamos En constante evoluci\u00f3n para el cumplimiento global En 18Verified, innovamos constantemente para que la verificaci\u00f3n de edad sea lo m\u00e1s sencilla, segura y fluida posible. Nuestra plataforma est\u00e1 dise\u00f1ada para adaptarse a las leyes y necesidades de los usuarios, siempre en constante evoluci\u00f3n, ofreciendo m\u00e9todos de verificaci\u00f3n [&hellip;]<\/p>\n","protected":false},"author":1,"featured_media":0,"parent":0,"menu_order":0,"comment_status":"closed","ping_status":"closed","template":"elementor_header_footer","meta":{"postBodyCss":"","postBodyMargin":[],"postBodyPadding":[],"postBodyBackground":{"backgroundType":"classic","gradient":""},"footnotes":""},"class_list":["post-2179","page","type-page","status-publish","hentry"],"_links":{"self":[{"href":"https:\/\/www.18verified.com\/es\/wp-json\/wp\/v2\/pages\/2179","targetHints":{"allow":["GET"]}}],"collection":[{"href":"https:\/\/www.18verified.com\/es\/wp-json\/wp\/v2\/pages"}],"about":[{"href":"https:\/\/www.18verified.com\/es\/wp-json\/wp\/v2\/types\/page"}],"author":[{"embeddable":true,"href":"https:\/\/www.18verified.com\/es\/wp-json\/wp\/v2\/users\/1"}],"replies":[{"embeddable":true,"href":"https:\/\/www.18verified.com\/es\/wp-json\/wp\/v2\/comments?post=2179"}],"version-history":[{"count":3,"href":"https:\/\/www.18verified.com\/es\/wp-json\/wp\/v2\/pages\/2179\/revisions"}],"predecessor-version":[{"id":2183,"href":"https:\/\/www.18verified.com\/es\/wp-json\/wp\/v2\/pages\/2179\/revisions\/2183"}],"wp:attachment":[{"href":"https:\/\/www.18verified.com\/es\/wp-json\/wp\/v2\/media?parent=2179"}],"curies":[{"name":"wp","href":"https:\/\/api.w.org\/{rel}","templated":true}]}}