{"id":2187,"date":"2025-06-04T16:43:59","date_gmt":"2025-06-04T16:43:59","guid":{"rendered":"https:\/\/www.18verified.com\/preguntas-frecuentes\/"},"modified":"2025-09-13T04:38:46","modified_gmt":"2025-09-13T04:38:46","slug":"preguntas-frecuentes","status":"publish","type":"page","link":"https:\/\/www.18verified.com\/es\/preguntas-frecuentes\/","title":{"rendered":"Preguntas frecuentes"},"content":{"rendered":"\t\t<div data-elementor-type=\"wp-page\" data-elementor-id=\"2187\" class=\"elementor elementor-2187 elementor-358\" data-elementor-post-type=\"page\">\n\t\t\t\t<div class=\"elementor-element elementor-element-7f92e790 e-flex e-con-boxed e-con e-parent\" data-id=\"7f92e790\" data-element_type=\"container\" data-settings=\"{&quot;background_background&quot;:&quot;classic&quot;}\">\n\t\t\t\t\t<div class=\"e-con-inner\">\n\t\t\t\t<div class=\"elementor-element elementor-element-78c46843 elementor-widget elementor-widget-elementskit-heading\" data-id=\"78c46843\" data-element_type=\"widget\" data-widget_type=\"elementskit-heading.default\">\n\t\t\t\t<div class=\"elementor-widget-container\">\n\t\t\t\t\t<div class=\"ekit-wid-con\" ><div class=\"ekit-heading elementskit-section-title-wraper text_center   ekit_heading_tablet-   ekit_heading_mobile-\"><h2 class=\"ekit-heading--title elementskit-section-title \">Preguntas frecuentes (FAQ)<\/h2><h3 class=\"ekit-heading--subtitle elementskit-section-subtitle  \">\n\t\t\t\t\t\tInicio \/ Preguntas frecuentes\n\t\t\t\t\t<\/h3><\/div><\/div>\t\t\t\t<\/div>\n\t\t\t\t<\/div>\n\t\t\t\t\t<\/div>\n\t\t\t\t<\/div>\n\t\t<div class=\"elementor-element elementor-element-9f3228c e-flex e-con-boxed e-con e-parent\" data-id=\"9f3228c\" data-element_type=\"container\">\n\t\t\t\t\t<div class=\"e-con-inner\">\n\t\t\t\t<div class=\"elementor-element elementor-element-5bcccf8 elementor-widget elementor-widget-text-editor\" data-id=\"5bcccf8\" data-element_type=\"widget\" data-widget_type=\"text-editor.default\">\n\t\t\t\t<div class=\"elementor-widget-container\">\n\t\t\t\t\t\t\t\t\t<h4>\u00bfTiene preguntas sobre 18Verified o las leyes globales de verificaci\u00f3n de edad? \u00a1Est\u00e1 en el lugar correcto! Explore nuestras preguntas frecuentes a continuaci\u00f3n para obtener respuestas r\u00e1pidas sobre cumplimiento, privacidad, integraci\u00f3n y m\u00e1s. Si no encuentra lo que busca, no dude en <a href=\"https:\/\/www.18verified.com\/es\/contacte-con-nosotros\/\">ponerse en contacto con nosotros<\/a> directamente; siempre estamos aqu\u00ed para ayudar.   <\/h4><h4> <\/h4><h4>Para empresas:<\/h4><p><strong>\u00bfQu\u00e9 industrias se ven afectadas por las nuevas leyes de verificaci\u00f3n de edad?<\/strong><\/p><p>Las siguientes industrias se ven afectadas. Las nuevas leyes se aplican a todas las ventas en l\u00ednea y al contenido del sitio web. <\/p><p>Alcohol<\/p><p>Vapeo <\/p><p>Juegos de azar <\/p><p>Apuestas <\/p><p>Contenido para adultos <\/p><p>Venta de productos para adultos<\/p><p>CBD<\/p><p>Plataformas de transmisi\u00f3n en vivo <\/p><p>\u00bfNo est\u00e1 seguro de si su sitio web debe cumplir con las nuevas leyes? Es esencial que revise las leyes de los pa\u00edses de donde recibe tr\u00e1fico su sitio web antes de comprar cualquier paquete de 18verified. <\/p><p>Es su responsabilidad verificar si su sitio web debe cumplir con las leyes.<\/p><p> <\/p><p><strong>\u00bfPerder\u00e1 tr\u00e1fico mi sitio web?<\/strong><\/p><p> <\/p><p>Existe la posibilidad de que su sitio web pierda tr\u00e1fico al inicio de la implementaci\u00f3n de las nuevas leyes de verificaci\u00f3n de edad. Esto se debe a que todas las empresas que deben cumplir tendr\u00e1n una puerta de enlace de verificaci\u00f3n de edad s\u00f3lida. Esto significa que el usuario deber\u00e1 cargar una identificaci\u00f3n, una tarjeta de cr\u00e9dito, proporcionar una direcci\u00f3n o utilizar el reconocimiento facial. Algunos m\u00e9todos de verificaci\u00f3n son muy intrusivos; sin embargo, 18 Verified ha implementado las formas menos intrusivas de verificaci\u00f3n para sus usuarios. Por lo tanto, una vez que las nuevas leyes se hayan convertido en conocimiento com\u00fan y las personas se hayan adaptado al proceso de verificaci\u00f3n, hemos facilitado al m\u00e1ximo la verificaci\u00f3n para sus usuarios.    <\/p><p> <\/p><p><strong>\u00bfPuedo obtener un reembolso de mi paquete?<\/strong><\/p><p> <\/p><p>No, una vez que haya adquirido un paquete y se le haya enviado el c\u00f3digo, no podemos reembolsarle. Puede cancelar su renovaci\u00f3n autom\u00e1tica con nosotros enviando un correo electr\u00f3nico a support@18verified.com <\/p><p> <\/p><h4>Para usuarios:<\/h4><h4>\u00bfQu\u00e9 es 18verified?<\/h4><p>18verified es un servicio discreto de verificaci\u00f3n de edad que permite a los adultos acceder a contenido restringido de forma segura, protegida y legal. Verif\u00edquese una vez con un m\u00e9todo de pago sencillo y, a continuaci\u00f3n, utilice su inicio de sesi\u00f3n en todas las plataformas participantes. <\/p><h4>\u00bfPor qu\u00e9 necesito verificar mi edad?<\/h4><p dir=\"auto\">Debido a las nuevas leyes globales, la Ley de seguridad en l\u00ednea, los sitios web que alojan contenido para adultos y otro material confidencial deben verificar legalmente que los usuarios tengan 18 a\u00f1os o m\u00e1s. 18verified ayuda a los sitios web a cumplir con las normas y le ayuda a acceder al contenido sin que se escanee su rostro o tenga que verificarse varias veces. <\/p><p dir=\"auto\">\u00bfC\u00f3mo funciona la verificaci\u00f3n?<\/p><div><p dir=\"auto\">Para verificar su edad, puede hacerlo utilizando una tarjeta de cr\u00e9dito o una identificaci\u00f3n. A continuaci\u00f3n, active su suscripci\u00f3n de 2 \u00a3\/mes, que le mantiene verificado. Esto le permite iniciar sesi\u00f3n en todas las plataformas participantes.  <\/p><p><strong>\u00bfEst\u00e1 segura mi informaci\u00f3n?<\/strong><\/p><p>S\u00ed. Nunca recopilamos ni almacenamos documentos de identificaci\u00f3n personal ni datos de tarjetas de cr\u00e9dito. Sus datos de pago son gestionados de forma segura por proveedores de pago de confianza, y nunca compartimos su informaci\u00f3n con terceros.  <\/p><\/div><h4>\u00bfAparecer\u00e1 algo confidencial en mi extracto bancario?<\/h4><p dir=\"auto\">No. Su extracto mostrar\u00e1 un nombre de facturaci\u00f3n neutro, <strong>18verified LTD<\/strong>, para proteger su privacidad. No se mencionar\u00e1n los sitios web a los que est\u00e1 accediendo.  <\/p><h4>\u00bfTengo que verificar mi edad cada vez que visito un sitio nuevo?<\/h4><p>No. Una vez que se haya verificado con 18verified, puede utilizar el mismo inicio de sesi\u00f3n en cualquier sitio web participante. Una verificaci\u00f3n. Un inicio de sesi\u00f3n. Acceso ilimitado.    <\/p><h4>\u00bfCu\u00e1nto cuesta?<\/h4><p>La verificaci\u00f3n cuesta solo 2 \u00a3 al mes. Esto cubre su acceso a varios sitios web sin necesidad de verificar cada vez. <\/p><h4>\u00bfPuedo cancelar mi suscripci\u00f3n?<\/h4><p>S\u00ed. Puede cancelar en cualquier momento. Conservar\u00e1 el acceso hasta el final de su per\u00edodo de facturaci\u00f3n.  <\/p><h4>\u00bfC\u00f3mo cancelo mi suscripci\u00f3n?<\/h4><p>Puede hacerlo con su banco; inicie sesi\u00f3n en su banca en l\u00ednea y cancele su DD. La deuda directa aparecer\u00e1 con el nombre 18Verified o Stripe. Alternativamente, puede enviarnos un correo electr\u00f3nico a support@18verifed.com y cancelaremos la suscripci\u00f3n por usted.  <\/p><h4>\u00bfQu\u00e9 sucede si cancelo mi suscripci\u00f3n?<\/h4><p>Permanecer\u00e1 verificado durante el resto del per\u00edodo de 30 d\u00edas. Despu\u00e9s de eso, deber\u00e1 verificarse de nuevo y reiniciar el servicio de suscripci\u00f3n. Esto activar\u00e1 sus inicios de sesi\u00f3n.  <\/p><h4>\u00bfQu\u00e9 tipo de sitios web utilizan 18verified?<\/h4><p>Cualquier sitio web que requiera verificaci\u00f3n de edad, incluyendo:<\/p><p dir=\"auto\"> \u2022 Plataformas de redes sociales y contenido generado por el usuario<\/p><p dir=\"auto\"> \u2022 Tiendas en l\u00ednea de alcohol y vapeo<\/p><ul><li>Entretenimiento para adultos<\/li><li>Directorios de acompa\u00f1antes<\/li><li>Plataformas de citas<\/li><li>Comunidades en l\u00ednea<\/li><li>Juegos de azar o servicios financieros<\/li><\/ul><p>Si tiene m\u00e1s preguntas, p\u00f3ngase en contacto con info@18verified.com Para obtener asistencia t\u00e9cnica con nuestra API o Plug &amp; Play, p\u00f3ngase en contacto con support@18verifed.com<\/p>\t\t\t\t\t\t\t\t<\/div>\n\t\t\t\t<\/div>\n\t\t\t\t\t<\/div>\n\t\t\t\t<\/div>\n\t\t\t\t<\/div>\n\t\t","protected":false},"excerpt":{"rendered":"<p>Preguntas frecuentes (FAQ) Inicio \/ Preguntas frecuentes \u00bfTiene preguntas sobre 18Verified o las leyes globales de verificaci\u00f3n de edad? \u00a1Est\u00e1 en el lugar correcto! Explore nuestras preguntas frecuentes a continuaci\u00f3n para obtener respuestas r\u00e1pidas sobre cumplimiento, privacidad, integraci\u00f3n y m\u00e1s. Si no encuentra lo que busca, no dude en ponerse en contacto con nosotros directamente; [&hellip;]<\/p>\n","protected":false},"author":1,"featured_media":0,"parent":0,"menu_order":0,"comment_status":"closed","ping_status":"closed","template":"elementor_header_footer","meta":{"postBodyCss":"","postBodyMargin":[],"postBodyPadding":[],"postBodyBackground":{"backgroundType":"classic","gradient":""},"footnotes":""},"class_list":["post-2187","page","type-page","status-publish","hentry"],"_links":{"self":[{"href":"https:\/\/www.18verified.com\/es\/wp-json\/wp\/v2\/pages\/2187","targetHints":{"allow":["GET"]}}],"collection":[{"href":"https:\/\/www.18verified.com\/es\/wp-json\/wp\/v2\/pages"}],"about":[{"href":"https:\/\/www.18verified.com\/es\/wp-json\/wp\/v2\/types\/page"}],"author":[{"embeddable":true,"href":"https:\/\/www.18verified.com\/es\/wp-json\/wp\/v2\/users\/1"}],"replies":[{"embeddable":true,"href":"https:\/\/www.18verified.com\/es\/wp-json\/wp\/v2\/comments?post=2187"}],"version-history":[{"count":3,"href":"https:\/\/www.18verified.com\/es\/wp-json\/wp\/v2\/pages\/2187\/revisions"}],"predecessor-version":[{"id":2191,"href":"https:\/\/www.18verified.com\/es\/wp-json\/wp\/v2\/pages\/2187\/revisions\/2191"}],"wp:attachment":[{"href":"https:\/\/www.18verified.com\/es\/wp-json\/wp\/v2\/media?parent=2187"}],"curies":[{"name":"wp","href":"https:\/\/api.w.org\/{rel}","templated":true}]}}