{"id":2201,"date":"2025-06-05T08:17:55","date_gmt":"2025-06-05T08:17:55","guid":{"rendered":"https:\/\/www.18verified.com\/por-que-elegir-18verified\/"},"modified":"2025-09-13T05:44:03","modified_gmt":"2025-09-13T05:44:03","slug":"por-que-elegir-18verified","status":"publish","type":"page","link":"https:\/\/www.18verified.com\/es\/por-que-elegir-18verified\/","title":{"rendered":"\u00bfPor qu\u00e9 elegir 18Verified?"},"content":{"rendered":"\t\t<div data-elementor-type=\"wp-page\" data-elementor-id=\"2201\" class=\"elementor elementor-2201 elementor-367\" data-elementor-post-type=\"page\">\n\t\t\t\t<div class=\"elementor-element elementor-element-7f92e790 e-flex e-con-boxed e-con e-parent\" data-id=\"7f92e790\" data-element_type=\"container\" data-settings=\"{&quot;background_background&quot;:&quot;classic&quot;}\">\n\t\t\t\t\t<div class=\"e-con-inner\">\n\t\t\t\t<div class=\"elementor-element elementor-element-78c46843 elementor-widget elementor-widget-elementskit-heading\" data-id=\"78c46843\" data-element_type=\"widget\" data-widget_type=\"elementskit-heading.default\">\n\t\t\t\t<div class=\"elementor-widget-container\">\n\t\t\t\t\t<div class=\"ekit-wid-con\" ><div class=\"ekit-heading elementskit-section-title-wraper text_center   ekit_heading_tablet-   ekit_heading_mobile-\"><h2 class=\"ekit-heading--title elementskit-section-title \">\u00bfPor qu\u00e9 elegir 18Verified?<\/h2><h3 class=\"ekit-heading--subtitle elementskit-section-subtitle  \">\n\t\t\t\t\t\tInicio \/ \u00bfPor qu\u00e9 verificar?\n\t\t\t\t\t<\/h3><\/div><\/div>\t\t\t\t<\/div>\n\t\t\t\t<\/div>\n\t\t\t\t\t<\/div>\n\t\t\t\t<\/div>\n\t\t<div class=\"elementor-element elementor-element-9f3228c e-flex e-con-boxed e-con e-parent\" data-id=\"9f3228c\" data-element_type=\"container\">\n\t\t\t\t\t<div class=\"e-con-inner\">\n\t\t\t\t<div class=\"elementor-element elementor-element-5bcccf8 elementor-widget elementor-widget-text-editor\" data-id=\"5bcccf8\" data-element_type=\"widget\" data-widget_type=\"text-editor.default\">\n\t\t\t\t<div class=\"elementor-widget-container\">\n\t\t\t\t\t\t\t\t\t<h1 data-pm-slice=\"1 1 []\">Por qu\u00e9 la verificaci\u00f3n de edad es ahora esencial a nivel mundial y por qu\u00e9 18Verified es su mejor opci\u00f3n.<\/h1><p data-pm-slice=\"1 1 []\">En los \u00faltimos a\u00f1os, la verificaci\u00f3n de edad en l\u00ednea se ha convertido en un requisito fundamental en muchos pa\u00edses. Pa\u00edses como el Reino Unido, Estados Unidos, Australia y varios otros han introducido leyes estrictas de verificaci\u00f3n de edad dise\u00f1adas para proteger a los menores de contenido y productos inapropiados en l\u00ednea. A medida que estas regulaciones cobran impulso a nivel mundial, las empresas que operan en los sectores afectados se enfrentan a importantes desaf\u00edos de cumplimiento.  <\/p><p>Aqu\u00ed explicamos por qu\u00e9 es importante la verificaci\u00f3n de edad internacional y por qu\u00e9 18Verified es la soluci\u00f3n global ideal para su negocio.<\/p><h2 data-pm-slice=\"1 1 []\">El auge de los requisitos globales de verificaci\u00f3n de edad<\/h2><p data-pm-slice=\"1 1 []\">A medida que los gobiernos de todo el mundo toman medidas para proteger a los menores, la verificaci\u00f3n de edad obligatoria se ha expandido m\u00e1s all\u00e1 de sectores tradicionales como los juegos de azar y la venta de alcohol. Ahora, las plataformas de contenido para adultos, las tiendas de vapeo, los minoristas de CBD y otros est\u00e1n obligados a implementar procesos robustos de verificaci\u00f3n de edad. Las regiones clave que impulsan este impulso global incluyen:  <\/p><ul data-spread=\"false\"><li><p><strong>Reino Unido: <\/strong>La Ley de Seguridad en L\u00ednea exige una verificaci\u00f3n estricta de la edad para el contenido para adultos.<\/p><\/li><li><p><strong>EE.UU.:<\/strong> Varios estados ahora tienen leyes estrictas en torno a la verificaci\u00f3n de la edad de los usuarios, especialmente en el contexto de contenido para adultos, vapeo y productos de cannabis.<\/p><\/li><li><p><strong>Australia:<\/strong> Las regulaciones a nivel federal y estatal requieren controles de edad estrictos para juegos de azar en l\u00ednea, productos de vapeo y sitios web de contenido para adultos.<\/p><\/li><\/ul><p>Estas leyes en evoluci\u00f3n requieren que las empresas adopten urgentemente soluciones de verificaci\u00f3n compatibles, confiables y seguras.<\/p><h2 data-pm-slice=\"1 1 []\">\u00bfPor qu\u00e9 elegir 18Verified para cumplimiento global?<\/h2><h3>Soluci\u00f3n de verificaci\u00f3n universal<\/h3><p>18Verified se adapta perfectamente a los marcos regulatorios del Reino Unido, EE. UU., Australia y otros pa\u00edses. Nuestros m\u00e9todos de verificaci\u00f3n (verificaci\u00f3n de tarjetas de cr\u00e9dito, comparaci\u00f3n de documentos de identidad con foto y comprobaciones seguras de identidad digital) gozan de amplia aceptaci\u00f3n internacional, lo que garantiza que su empresa cumpla con la normativa, independientemente de la ubicaci\u00f3n de sus clientes. <\/p><h3>Privacidad y seguridad<\/h3><p>En 18Verified, la privacidad del usuario es primordial. Nuestra soluci\u00f3n garantiza una recopilaci\u00f3n m\u00ednima de datos, un cifrado robusto y una estricta pol\u00edtica de no rastreo, lo que garantiza a sus clientes la seguridad de sus datos. Nuestro enfoque es simple: Verificar una vez, usar en todas partes, sin comprometer la privacidad.  <\/p><h3>Modelo de suscripci\u00f3n rentable<\/h3><p>Los modelos tradicionales de pago por verificaci\u00f3n pueden resultar prohibitivamente caros, sobre todo con el crecimiento del tr\u00e1fico global. 18Verified ofrece un modelo basado en suscripci\u00f3n, que reduce significativamente los costes de verificaci\u00f3n al transferirlos directamente al usuario. Este enfoque permite una gesti\u00f3n presupuestaria predecible y evita gastos de cumplimiento inesperados.  <\/p><h3>F\u00e1cil implementaci\u00f3n en todo el mundo<\/h3><p>18Verified ofrece integraci\u00f3n de API y opciones Plug &amp; Play, lo que facilita su implementaci\u00f3n independientemente del tama\u00f1o de su empresa o sus capacidades t\u00e9cnicas. Esta facilidad de implementaci\u00f3n es ideal para empresas que buscan soluciones de cumplimiento r\u00e1pido en m\u00faltiples mercados internacionales. <\/p><h3>Experiencia de usuario mejorada<\/h3><p>Nuestro proceso optimizado permite a los usuarios verificar su edad r\u00e1pidamente, ya sea cargando una identificaci\u00f3n v\u00e1lida o verificando su tarjeta de cr\u00e9dito. Este enfoque eficiente reduce la fricci\u00f3n, mejorando la experiencia y la retenci\u00f3n del cliente. <\/p><h2>Cumplimiento de los est\u00e1ndares regulatorios globales<\/h2><p>18Verified est\u00e1 dise\u00f1ado espec\u00edficamente para cumplir con estrictos est\u00e1ndares regulatorios en varias jurisdicciones, que incluyen:<\/p><ul data-spread=\"false\"><li><p><strong>Ley de seguridad en l\u00ednea del Reino Unido<\/strong><\/p><\/li><li><p><strong>Regulaciones espec\u00edficas de cada estado de EE. UU. (California, Luisiana, Utah, etc.)<\/strong><\/p><\/li><li><p><strong>Mandatos de verificaci\u00f3n de la era digital australiana<\/strong><\/p><\/li><\/ul><h2>C\u00f3mo funciona 18Verified<\/h2><p>18Verified ofrece dos m\u00e9todos principales para confirmar la edad del usuario a nivel mundial:<\/p><ul data-spread=\"false\"><li><p><strong>Verificaci\u00f3n de tarjeta de cr\u00e9dito<\/strong>: verifica r\u00e1pidamente la edad sin procesar transacciones, ofreciendo m\u00e1xima comodidad y privacidad.<\/p><\/li><li><p><strong>Coincidencia de identificaci\u00f3n con fotograf\u00eda<\/strong>: los usuarios cargan una identificaci\u00f3n de forma segura, confirmando su identidad de forma r\u00e1pida y precisa.<\/p><\/li><\/ul><p>Estos m\u00e9todos garantizan el pleno cumplimiento de las normas internacionales, permitiendo a las empresas operar con confianza en m\u00faltiples jurisdicciones.<\/p><h2>Conclusi\u00f3n: Elija cumplimiento, privacidad y escalabilidad global con 18Verified<\/h2><p>Con la r\u00e1pida expansi\u00f3n global de la verificaci\u00f3n de edad obligatoria, elegir una soluci\u00f3n confiable, eficiente y f\u00e1cil de usar es esencial. 18Verified empodera a las empresas de todo el mundo al brindar un cumplimiento transparente y rentable que prioriza la privacidad y la conveniencia del usuario. <\/p><p>\u00bfEst\u00e1 listo para garantizar su cumplimiento global sin esfuerzo?<\/p><p><a href=\"https:\/\/www.18verified.com\/es\/planes\/\">\u00danase a 18Verified hoy.<\/a><\/p>\t\t\t\t\t\t\t\t<\/div>\n\t\t\t\t<\/div>\n\t\t\t\t\t<\/div>\n\t\t\t\t<\/div>\n\t\t\t\t<\/div>\n\t\t","protected":false},"excerpt":{"rendered":"<p>\u00bfPor qu\u00e9 elegir 18Verified? Inicio \/ \u00bfPor qu\u00e9 verificar? Por qu\u00e9 la verificaci\u00f3n de edad es ahora esencial a nivel mundial y por qu\u00e9 18Verified es su mejor opci\u00f3n. En los \u00faltimos a\u00f1os, la verificaci\u00f3n de edad en l\u00ednea se ha convertido en un requisito fundamental en muchos pa\u00edses. Pa\u00edses como el Reino Unido, Estados [&hellip;]<\/p>\n","protected":false},"author":1,"featured_media":0,"parent":0,"menu_order":0,"comment_status":"closed","ping_status":"closed","template":"elementor_header_footer","meta":{"postBodyCss":"","postBodyMargin":[],"postBodyPadding":[],"postBodyBackground":{"backgroundType":"classic","gradient":""},"footnotes":""},"class_list":["post-2201","page","type-page","status-publish","hentry"],"_links":{"self":[{"href":"https:\/\/www.18verified.com\/es\/wp-json\/wp\/v2\/pages\/2201","targetHints":{"allow":["GET"]}}],"collection":[{"href":"https:\/\/www.18verified.com\/es\/wp-json\/wp\/v2\/pages"}],"about":[{"href":"https:\/\/www.18verified.com\/es\/wp-json\/wp\/v2\/types\/page"}],"author":[{"embeddable":true,"href":"https:\/\/www.18verified.com\/es\/wp-json\/wp\/v2\/users\/1"}],"replies":[{"embeddable":true,"href":"https:\/\/www.18verified.com\/es\/wp-json\/wp\/v2\/comments?post=2201"}],"version-history":[{"count":3,"href":"https:\/\/www.18verified.com\/es\/wp-json\/wp\/v2\/pages\/2201\/revisions"}],"predecessor-version":[{"id":2204,"href":"https:\/\/www.18verified.com\/es\/wp-json\/wp\/v2\/pages\/2201\/revisions\/2204"}],"wp:attachment":[{"href":"https:\/\/www.18verified.com\/es\/wp-json\/wp\/v2\/media?parent=2201"}],"curies":[{"name":"wp","href":"https:\/\/api.w.org\/{rel}","templated":true}]}}