{"id":2043,"date":"2025-06-27T15:44:53","date_gmt":"2025-06-27T15:44:53","guid":{"rendered":"https:\/\/www.18verified.com\/blogue\/"},"modified":"2025-09-12T05:45:35","modified_gmt":"2025-09-12T05:45:35","slug":"blogue","status":"publish","type":"page","link":"https:\/\/www.18verified.com\/fr\/blogue\/","title":{"rendered":"Blogue"},"content":{"rendered":"\t\t<div data-elementor-type=\"wp-page\" data-elementor-id=\"2043\" class=\"elementor elementor-2043 elementor-660\" data-elementor-post-type=\"page\">\n\t\t\t\t<div class=\"elementor-element elementor-element-4b663b5 e-flex e-con-boxed e-con e-parent\" data-id=\"4b663b5\" data-element_type=\"container\" data-settings=\"{&quot;background_background&quot;:&quot;classic&quot;}\">\n\t\t\t\t\t<div class=\"e-con-inner\">\n\t\t\t\t<div class=\"elementor-element elementor-element-6f0b091 elementor-widget elementor-widget-elementskit-heading\" data-id=\"6f0b091\" data-element_type=\"widget\" data-widget_type=\"elementskit-heading.default\">\n\t\t\t\t<div class=\"elementor-widget-container\">\n\t\t\t\t\t<div class=\"ekit-wid-con\" ><div class=\"ekit-heading elementskit-section-title-wraper text_center   ekit_heading_tablet-   ekit_heading_mobile-\"><h2 class=\"ekit-heading--title elementskit-section-title \">Blog et centre d'information<\/h2><h3 class=\"ekit-heading--subtitle elementskit-section-subtitle  \">\n\t\t\t\t\t\tAccueil \/ blogs\n\t\t\t\t\t<\/h3><\/div><\/div>\t\t\t\t<\/div>\n\t\t\t\t<\/div>\n\t\t\t\t\t<\/div>\n\t\t\t\t<\/div>\n\t\t<div class=\"elementor-element elementor-element-938aa68 e-flex e-con-boxed e-con e-parent\" data-id=\"938aa68\" data-element_type=\"container\">\n\t\t\t\t\t<div class=\"e-con-inner\">\n\t\t\t\t<div class=\"elementor-element elementor-element-998cb82 premium-blog-align-left elementor-widget elementor-widget-premium-addon-blog\" data-id=\"998cb82\" data-element_type=\"widget\" data-widget_type=\"premium-addon-blog.default\">\n\t\t\t\t<div class=\"elementor-widget-container\">\n\t\t\t\t\t\n\t\t\t\t<div class=\"premium-blog-wrap  premium-blog-list\" data-page=\"2043\">\n\t\t\t\t\t<div class=\"premium-blog-post-outer-container\" data-total=\"1\">\r\n\t\t\t<div class=\"premium-blog-post-container premium-blog-skin-side\">\r\n\t\t\t\t\t\t\t\t\t<div class=\"premium-blog-thumb-effect-wrapper\">\r\n\t\t\t\t\t\t<div class=\"premium-blog-thumbnail-container premium-blog-zoomout-effect\">\r\n\t\t\t\t\t\t\t<img fetchpriority=\"high\" decoding=\"async\" width=\"1152\" height=\"866\" src=\"https:\/\/www.18verified.com\/wp-content\/uploads\/2025\/08\/83492be2-067a-4f25-a2c5-1869db21f3f9.webp\" class=\"attachment-full size-full wp-image-1872\" alt=\"\" srcset=\"https:\/\/www.18verified.com\/wp-content\/uploads\/2025\/08\/83492be2-067a-4f25-a2c5-1869db21f3f9.webp 1152w, https:\/\/www.18verified.com\/wp-content\/uploads\/2025\/08\/83492be2-067a-4f25-a2c5-1869db21f3f9-600x451.webp 600w, https:\/\/www.18verified.com\/wp-content\/uploads\/2025\/08\/83492be2-067a-4f25-a2c5-1869db21f3f9-300x226.webp 300w, https:\/\/www.18verified.com\/wp-content\/uploads\/2025\/08\/83492be2-067a-4f25-a2c5-1869db21f3f9-1024x770.webp 1024w, https:\/\/www.18verified.com\/wp-content\/uploads\/2025\/08\/83492be2-067a-4f25-a2c5-1869db21f3f9-768x577.webp 768w\" sizes=\"(max-width: 1152px) 100vw, 1152px\" \/>\t\t\t\t\t\t<\/div>\r\n\t\t\t\t\t\t\t\t\t\t\t\t\t<div class=\"premium-blog-thumbnail-overlay\">\r\n\t\t\t\t\t\t\t\t<a class=\"elementor-icon\" href=\"https:\/\/www.18verified.com\/fr\/pourquoi-sassocier-a-18verified-vous-fait-economiser-de-largent-solutions-de-verification-dage\/\" target=\"_blank\"><\/a>\r\n\t\t\t\t\t\t\t<\/div>\r\n\r\n\t\t\t\t\t\t\t\t\t\t\t\t\t\t\t\t\t\t<\/div>\r\n\t\t\t\t\t\t\t\t\t\t\t\t<div class=\"premium-blog-content-wrapper \">\r\n\r\n\t\t\t\t\t<div class=\"premium-blog-inner-container\">\r\n\r\n\t\t\t\t\t\t\t\t\t\t\t\t\t\t<h2 class=\"premium-blog-entry-title\">\r\n\t\t\t<a href=\"https:\/\/www.18verified.com\/fr\/pourquoi-sassocier-a-18verified-vous-fait-economiser-de-largent-solutions-de-verification-dage\/\" target=\"_blank\">\r\n\t\t\t\tPourquoi s&rsquo;associer \u00e0 18Verified vous fait \u00e9conomiser de l&rsquo;argent | solutions de v\u00e9rification d&rsquo;\u00e2ge\t\t\t<\/a>\r\n\t\t<\/h2>\r\n\t\t\t\t<div class=\"premium-blog-entry-meta\">\r\n\t\t\t\r\n\t\t\t\r\n\t\t\t\r\n\t\t\t\t\t<\/div>\r\n\t\t\r\n\t\t\t\t\t<\/div>\r\n\r\n\t\t\t\t\t\t\t<div class=\"premium-blog-content-inner-wrapper\">\r\n\t\t<p class=\"premium-blog-post-content\">\ud83d\udcbc Pourquoi les entreprises avis\u00e9es choisissent de s&rsquo;associer \u00e0 18Verified \u2014 Et pourquoi le paiement \u00e0 la v\u00e9rification vous co\u00fbte plus que \u2026<\/p>\t\t<\/div>\r\n\t\t\t\t\t\t\t\r\n\t\t\t\t<\/div>\r\n\t\t\t<\/div>\r\n\t\t<\/div>\r\n\r\n\t\t\t\t<div class=\"premium-blog-post-outer-container\" data-total=\"1\">\r\n\t\t\t<div class=\"premium-blog-post-container premium-blog-skin-side\">\r\n\t\t\t\t\t\t\t\t\t<div class=\"premium-blog-thumb-effect-wrapper\">\r\n\t\t\t\t\t\t<div class=\"premium-blog-thumbnail-container premium-blog-zoomout-effect\">\r\n\t\t\t\t\t\t\t<img decoding=\"async\" width=\"1152\" height=\"866\" src=\"https:\/\/www.18verified.com\/wp-content\/uploads\/2025\/08\/f2c6fc8c-db71-4cce-b5eb-fbbfae523149.webp\" class=\"attachment-full size-full wp-image-1875\" alt=\"\" srcset=\"https:\/\/www.18verified.com\/wp-content\/uploads\/2025\/08\/f2c6fc8c-db71-4cce-b5eb-fbbfae523149.webp 1152w, https:\/\/www.18verified.com\/wp-content\/uploads\/2025\/08\/f2c6fc8c-db71-4cce-b5eb-fbbfae523149-600x451.webp 600w, https:\/\/www.18verified.com\/wp-content\/uploads\/2025\/08\/f2c6fc8c-db71-4cce-b5eb-fbbfae523149-300x226.webp 300w, https:\/\/www.18verified.com\/wp-content\/uploads\/2025\/08\/f2c6fc8c-db71-4cce-b5eb-fbbfae523149-1024x770.webp 1024w, https:\/\/www.18verified.com\/wp-content\/uploads\/2025\/08\/f2c6fc8c-db71-4cce-b5eb-fbbfae523149-768x577.webp 768w\" sizes=\"(max-width: 1152px) 100vw, 1152px\" \/>\t\t\t\t\t\t<\/div>\r\n\t\t\t\t\t\t\t\t\t\t\t\t\t<div class=\"premium-blog-thumbnail-overlay\">\r\n\t\t\t\t\t\t\t\t<a class=\"elementor-icon\" href=\"https:\/\/www.18verified.com\/fr\/solutions-de-verification-dage-pour-les-entreprises-18verified\/\" target=\"_blank\"><\/a>\r\n\t\t\t\t\t\t\t<\/div>\r\n\r\n\t\t\t\t\t\t\t\t\t\t\t\t\t\t\t\t\t\t<\/div>\r\n\t\t\t\t\t\t\t\t\t\t\t\t<div class=\"premium-blog-content-wrapper \">\r\n\r\n\t\t\t\t\t<div class=\"premium-blog-inner-container\">\r\n\r\n\t\t\t\t\t\t\t\t\t\t\t\t\t\t<h2 class=\"premium-blog-entry-title\">\r\n\t\t\t<a href=\"https:\/\/www.18verified.com\/fr\/solutions-de-verification-dage-pour-les-entreprises-18verified\/\" target=\"_blank\">\r\n\t\t\t\tSolutions de v\u00e9rification d&rsquo;\u00e2ge pour les entreprises | 18Verified\t\t\t<\/a>\r\n\t\t<\/h2>\r\n\t\t\t\t<div class=\"premium-blog-entry-meta\">\r\n\t\t\t\r\n\t\t\t\r\n\t\t\t\r\n\t\t\t\t\t<\/div>\r\n\t\t\r\n\t\t\t\t\t<\/div>\r\n\r\n\t\t\t\t\t\t\t<div class=\"premium-blog-content-inner-wrapper\">\r\n\t\t<p class=\"premium-blog-post-content\">\u2705 Solutions de v\u00e9rification d&rsquo;\u00e2ge pour les entreprises : restez l\u00e9gal, \u00e9tablissez la confiance et augmentez vos profits en 2025 Avec le \u2026<\/p>\t\t<\/div>\r\n\t\t\t\t\t\t\t\r\n\t\t\t\t<\/div>\r\n\t\t\t<\/div>\r\n\t\t<\/div>\r\n\r\n\t\t\t\t<div class=\"premium-blog-post-outer-container\" data-total=\"1\">\r\n\t\t\t<div class=\"premium-blog-post-container premium-blog-skin-side\">\r\n\t\t\t\t\t\t\t\t\t<div class=\"premium-blog-thumb-effect-wrapper\">\r\n\t\t\t\t\t\t<div class=\"premium-blog-thumbnail-container premium-blog-zoomout-effect\">\r\n\t\t\t\t\t\t\t<img decoding=\"async\" width=\"1152\" height=\"866\" src=\"https:\/\/www.18verified.com\/wp-content\/uploads\/2025\/07\/f5faa54e-3593-4ca8-8e78-752b0f642332.webp\" class=\"attachment-full size-full wp-image-1839\" alt=\"\" srcset=\"https:\/\/www.18verified.com\/wp-content\/uploads\/2025\/07\/f5faa54e-3593-4ca8-8e78-752b0f642332.webp 1152w, https:\/\/www.18verified.com\/wp-content\/uploads\/2025\/07\/f5faa54e-3593-4ca8-8e78-752b0f642332-600x451.webp 600w, https:\/\/www.18verified.com\/wp-content\/uploads\/2025\/07\/f5faa54e-3593-4ca8-8e78-752b0f642332-300x226.webp 300w, https:\/\/www.18verified.com\/wp-content\/uploads\/2025\/07\/f5faa54e-3593-4ca8-8e78-752b0f642332-1024x770.webp 1024w, https:\/\/www.18verified.com\/wp-content\/uploads\/2025\/07\/f5faa54e-3593-4ca8-8e78-752b0f642332-768x577.webp 768w\" sizes=\"(max-width: 1152px) 100vw, 1152px\" \/>\t\t\t\t\t\t<\/div>\r\n\t\t\t\t\t\t\t\t\t\t\t\t\t<div class=\"premium-blog-thumbnail-overlay\">\r\n\t\t\t\t\t\t\t\t<a class=\"elementor-icon\" href=\"https:\/\/www.18verified.com\/fr\/pourquoi-la-france-nautorise-plus-pornhub-conformite-du-contenu-pour-adultes\/\" target=\"_blank\"><\/a>\r\n\t\t\t\t\t\t\t<\/div>\r\n\r\n\t\t\t\t\t\t\t\t\t\t\t\t\t\t\t\t\t\t<\/div>\r\n\t\t\t\t\t\t\t\t\t\t\t\t<div class=\"premium-blog-content-wrapper \">\r\n\r\n\t\t\t\t\t<div class=\"premium-blog-inner-container\">\r\n\r\n\t\t\t\t\t\t\t\t\t\t\t\t\t\t<h2 class=\"premium-blog-entry-title\">\r\n\t\t\t<a href=\"https:\/\/www.18verified.com\/fr\/pourquoi-la-france-nautorise-plus-pornhub-conformite-du-contenu-pour-adultes\/\" target=\"_blank\">\r\n\t\t\t\tPourquoi la France n&rsquo;autorise plus Pornhub | conformit\u00e9 du contenu pour adultes\t\t\t<\/a>\r\n\t\t<\/h2>\r\n\t\t\t\t<div class=\"premium-blog-entry-meta\">\r\n\t\t\t\r\n\t\t\t\r\n\t\t\t\r\n\t\t\t\t\t<\/div>\r\n\t\t\r\n\t\t\t\t\t<\/div>\r\n\r\n\t\t\t\t\t\t\t<div class=\"premium-blog-content-inner-wrapper\">\r\n\t\t<p class=\"premium-blog-post-content\">Pourquoi la France n&rsquo;autorise plus Pornhub : v\u00e9rification d&rsquo;\u00e2ge, censure et r\u00e9pression l\u00e9gale Mots-cl\u00e9s : France interdit Pornhub, lois de v\u00e9rification d&rsquo;\u00e2ge \u2026<\/p>\t\t<\/div>\r\n\t\t\t\t\t\t\t\r\n\t\t\t\t<\/div>\r\n\t\t\t<\/div>\r\n\t\t<\/div>\r\n\r\n\t\t\t\t<\/div>\n\n\t\t\t\t\t\t<\/div>\n\t\t\t\t<\/div>\n\t\t\t\t\t<\/div>\n\t\t\t\t<\/div>\n\t\t\t\t<\/div>\n\t\t","protected":false},"excerpt":{"rendered":"<p>Blog et centre d&rsquo;information Accueil \/ blogs \ud83d\udc9c Why 18Verified is Different From Every Other Age Verification Solution The demand for online age verification is exploding worldwide as governments enforce stricter online safety laws. From the UK\u2019s Online Safety Act \u2026 \ud83d\udd12 18Verified \u2014 The Smarter, Privacy-First Age Verification Solution As online safety laws tighten [&hellip;]<\/p>\n","protected":false},"author":1,"featured_media":0,"parent":0,"menu_order":0,"comment_status":"closed","ping_status":"closed","template":"elementor_header_footer","meta":{"postBodyCss":"","postBodyMargin":[],"postBodyPadding":[],"postBodyBackground":{"backgroundType":"classic","gradient":""},"footnotes":""},"class_list":["post-2043","page","type-page","status-publish","hentry"],"_links":{"self":[{"href":"https:\/\/www.18verified.com\/fr\/wp-json\/wp\/v2\/pages\/2043","targetHints":{"allow":["GET"]}}],"collection":[{"href":"https:\/\/www.18verified.com\/fr\/wp-json\/wp\/v2\/pages"}],"about":[{"href":"https:\/\/www.18verified.com\/fr\/wp-json\/wp\/v2\/types\/page"}],"author":[{"embeddable":true,"href":"https:\/\/www.18verified.com\/fr\/wp-json\/wp\/v2\/users\/1"}],"replies":[{"embeddable":true,"href":"https:\/\/www.18verified.com\/fr\/wp-json\/wp\/v2\/comments?post=2043"}],"version-history":[{"count":1,"href":"https:\/\/www.18verified.com\/fr\/wp-json\/wp\/v2\/pages\/2043\/revisions"}],"predecessor-version":[{"id":2044,"href":"https:\/\/www.18verified.com\/fr\/wp-json\/wp\/v2\/pages\/2043\/revisions\/2044"}],"wp:attachment":[{"href":"https:\/\/www.18verified.com\/fr\/wp-json\/wp\/v2\/media?parent=2043"}],"curies":[{"name":"wp","href":"https:\/\/api.w.org\/{rel}","templated":true}]}}