{"id":2098,"date":"2025-06-04T16:43:59","date_gmt":"2025-06-04T16:43:59","guid":{"rendered":"https:\/\/www.18verified.com\/faqs\/"},"modified":"2025-09-12T06:39:03","modified_gmt":"2025-09-12T06:39:03","slug":"faqs","status":"publish","type":"page","link":"https:\/\/www.18verified.com\/fr\/faqs\/","title":{"rendered":"FAQ&rsquo;s"},"content":{"rendered":"\t\t<div data-elementor-type=\"wp-page\" data-elementor-id=\"2098\" class=\"elementor elementor-2098 elementor-358\" data-elementor-post-type=\"page\">\n\t\t\t\t<div class=\"elementor-element elementor-element-7f92e790 e-flex e-con-boxed e-con e-parent\" data-id=\"7f92e790\" data-element_type=\"container\" data-settings=\"{&quot;background_background&quot;:&quot;classic&quot;}\">\n\t\t\t\t\t<div class=\"e-con-inner\">\n\t\t\t\t<div class=\"elementor-element elementor-element-78c46843 elementor-widget elementor-widget-elementskit-heading\" data-id=\"78c46843\" data-element_type=\"widget\" data-widget_type=\"elementskit-heading.default\">\n\t\t\t\t<div class=\"elementor-widget-container\">\n\t\t\t\t\t<div class=\"ekit-wid-con\" ><div class=\"ekit-heading elementskit-section-title-wraper text_center   ekit_heading_tablet-   ekit_heading_mobile-\"><h2 class=\"ekit-heading--title elementskit-section-title \">Foire aux questions (FAQ)<\/h2><h3 class=\"ekit-heading--subtitle elementskit-section-subtitle  \">\n\t\t\t\t\t\tAccueil \/ FAQs\n\t\t\t\t\t<\/h3><\/div><\/div>\t\t\t\t<\/div>\n\t\t\t\t<\/div>\n\t\t\t\t\t<\/div>\n\t\t\t\t<\/div>\n\t\t<div class=\"elementor-element elementor-element-9f3228c e-flex e-con-boxed e-con e-parent\" data-id=\"9f3228c\" data-element_type=\"container\">\n\t\t\t\t\t<div class=\"e-con-inner\">\n\t\t\t\t<div class=\"elementor-element elementor-element-5bcccf8 elementor-widget elementor-widget-text-editor\" data-id=\"5bcccf8\" data-element_type=\"widget\" data-widget_type=\"text-editor.default\">\n\t\t\t\t<div class=\"elementor-widget-container\">\n\t\t\t\t\t\t\t\t\t<h4>Vous avez des questions sur 18Verified ou sur les lois mondiales relatives \u00e0 la v\u00e9rification de l&rsquo;\u00e2ge ? Vous \u00eates au bon endroit ! Consultez notre FAQ ci-dessous pour obtenir des r\u00e9ponses rapides sur la conformit\u00e9, la confidentialit\u00e9, l&rsquo;int\u00e9gration et plus encore. Si vous ne trouvez pas ce que vous cherchez, n&rsquo;h\u00e9sitez pas \u00e0 nous <a href=\"https:\/\/www.18verified.com\/fr\/nous-contacter\/\">contacter<\/a> directement : nous sommes toujours l\u00e0 pour vous aider.   <\/h4><h4> <\/h4><h4>Pour les entreprises :<\/h4><p><strong>Quels secteurs sont touch\u00e9s par les nouvelles lois sur la v\u00e9rification de l\u2019\u00e2ge ?<\/strong><\/p><p>Les secteurs suivants sont concern\u00e9s. Les nouvelles lois s&rsquo;appliquent \u00e0 toutes les ventes en ligne et au contenu des sites web. <\/p><p>Alcool<\/p><p>Vaper <\/p><p>Jeux <\/p><p>Jeu d&rsquo;argent <\/p><p>Contenu pour adultes <\/p><p>Ventes de produits pour adultes<\/p><p>CBD<\/p><p>Plateformes de diffusion en direct <\/p><p>Vous n&rsquo;\u00eates pas s\u00fbr que votre site web doive se conformer aux nouvelles lois ? Il est essentiel de v\u00e9rifier la l\u00e9gislation des pays d&rsquo;o\u00f9 provient le trafic de votre site web avant d&rsquo;acheter un forfait aupr\u00e8s de 18verified. <\/p><p>Il est de votre responsabilit\u00e9 de v\u00e9rifier si votre site Web doit \u00eatre conforme.<\/p><p> <\/p><p><strong>Mon site Web va-t-il perdre du trafic ?<\/strong><\/p><p> <\/p><p>Il est possible que votre site web perde du trafic d\u00e8s l&rsquo;entr\u00e9e en vigueur des nouvelles lois sur la v\u00e9rification de l&rsquo;\u00e2ge. En effet, toutes les entreprises devant se conformer disposeront d&rsquo;une passerelle de v\u00e9rification de l&rsquo;\u00e2ge robuste. L&rsquo;utilisateur devra donc fournir une pi\u00e8ce d&rsquo;identit\u00e9, une carte de cr\u00e9dit, une adresse ou utiliser la reconnaissance faciale. Certaines m\u00e9thodes de v\u00e9rification sont tr\u00e8s intrusives ; cependant, 18 Verified a mis en place les m\u00e9thodes les moins intrusives pour ses utilisateurs. Par cons\u00e9quent, une fois les nouvelles lois connues et le processus de v\u00e9rification adopt\u00e9, nous avons simplifi\u00e9 au maximum la v\u00e9rification pour vos utilisateurs.    <\/p><p> <\/p><p><strong>Puis-je obtenir un remboursement sur mon colis ?<\/strong><\/p><p> <\/p><p>Non, une fois que vous avez re\u00e7u le code et re\u00e7u votre colis, nous ne pouvons pas vous rembourser. Vous pouvez annuler votre renouvellement automatique en nous contactant par e-mail \u00e0 support@18verified.com. <\/p><p> <\/p><h4>Pour les utilisateurs :<\/h4><h4>Qu&rsquo;est-ce que 18verified ?<\/h4><p>18verified est un service discret de v\u00e9rification d&rsquo;\u00e2ge qui permet aux adultes d&rsquo;acc\u00e9der \u00e0 des contenus restreints en toute s\u00e9curit\u00e9 et l\u00e9galit\u00e9. V\u00e9rifiez une fois avec un moyen de paiement simple, puis utilisez vos identifiants sur toutes les plateformes participantes. <\/p><h4>Pourquoi dois-je v\u00e9rifier mon \u00e2ge ?<\/h4><p dir=\"auto\">En raison des nouvelles lois mondiales, la loi sur la s\u00e9curit\u00e9 en ligne, les sites Web h\u00e9bergeant du contenu pour adultes et d&rsquo;autres contenus sensibles doivent l\u00e9galement v\u00e9rifier que les utilisateurs ont 18 ans ou plus. 18verified aide les sites Web \u00e0 rester conformes et vous aide \u00e0 acc\u00e9der au contenu sans que votre visage ne soit scann\u00e9 ou que vous ayez \u00e0 vous v\u00e9rifier plusieurs fois. <\/p><p dir=\"auto\">Comment fonctionne la v\u00e9rification ?<\/p><div><p dir=\"auto\">Pour v\u00e9rifier votre \u00e2ge, vous pouvez utiliser une carte de cr\u00e9dit ou une pi\u00e8ce d&rsquo;identit\u00e9. Vous activez ensuite votre abonnement \u00e0 2 \u00a3\/mois, qui vous garantit une v\u00e9rification compl\u00e8te. Vous pouvez ensuite vous connecter sur toutes les plateformes participantes.  <\/p><p><strong>Mes informations sont-elles en s\u00e9curit\u00e9 ?<\/strong><\/p><p>Oui. Nous ne collectons ni ne conservons jamais vos documents d&rsquo;identit\u00e9 ni vos donn\u00e9es de carte de cr\u00e9dit. Vos informations de paiement sont trait\u00e9es de mani\u00e8re s\u00e9curis\u00e9e par des prestataires de paiement tiers de confiance, et nous ne les partageons jamais avec des tiers.  <\/p><\/div><h4>Mon relev\u00e9 bancaire contiendra-t-il des informations sensibles ?<\/h4><p dir=\"auto\">Non. Votre relev\u00e9 affichera un nom de facturation neutre, <strong>18verified LTD<\/strong>, afin de prot\u00e9ger votre vie priv\u00e9e. Les sites web auxquels vous acc\u00e9dez ne seront pas mentionn\u00e9s.  <\/p><h4>Dois-je v\u00e9rifier mon \u00e2ge \u00e0 chaque fois que je visite un nouveau site ?<\/h4><p>Non. Une fois votre compte v\u00e9rifi\u00e9 aupr\u00e8s de 18verified, vous pouvez utiliser les m\u00eames identifiants sur tous les sites participants. Une seule v\u00e9rification. Une seule connexion. Acc\u00e8s illimit\u00e9.    <\/p><h4>Combien \u00e7a co\u00fbte?<\/h4><p>La v\u00e9rification ne co\u00fbte que 2 \u00a3 par mois. Elle vous permet d&rsquo;acc\u00e9der \u00e0 plusieurs sites web sans avoir \u00e0 effectuer de v\u00e9rification \u00e0 chaque fois. <\/p><h4>Puis-je annuler mon abonnement ?<\/h4><p>Oui. Vous pouvez annuler \u00e0 tout moment. Vous conserverez l&rsquo;acc\u00e8s jusqu&rsquo;\u00e0 la fin de votre p\u00e9riode de facturation.  <\/p><h4>Comment puis-je annuler mon abonnement ?<\/h4><p>Pour ce faire, connectez-vous \u00e0 votre banque en ligne et annulez votre DD. La dette directe appara\u00eetra sous le nom 18Verified ou Stripe. Vous pouvez \u00e9galement nous envoyer un e-mail \u00e0 support@18verifed.com et nous annulerons l&rsquo;abonnement pour vous.  <\/p><h4>Que se passe-t-il si j&rsquo;annule mon abonnement ?<\/h4><p>Votre compte restera v\u00e9rifi\u00e9 pendant les 30 jours restants. Apr\u00e8s cela, vous devrez vous v\u00e9rifier \u00e0 nouveau et red\u00e9marrer l&rsquo;abonnement. Vos identifiants seront alors activ\u00e9s.  <\/p><h4>Quels types de sites Web utilisent 18verified ?<\/h4><p>Tout site Web qui n\u00e9cessite une v\u00e9rification de l&rsquo;\u00e2ge, y compris :<\/p><p dir=\"auto\"> \u2022 M\u00e9dias sociaux et plateformes de contenu g\u00e9n\u00e9r\u00e9 par les utilisateurs<\/p><p dir=\"auto\"> \u2022 Boutiques d&rsquo;alcool et de vape en ligne<\/p><ul><li>Divertissement pour adultes<\/li><li>Annuaires d&rsquo;escorte<\/li><li>Plateformes de rencontres<\/li><li>Communaut\u00e9s en ligne<\/li><li>Jeux d&rsquo;argent ou services financiers<\/li><\/ul><p>For any further questions, please contact info@18verified.com For tech support with our API or Plug &amp; Play, please contact support@18verifed.com<\/p>\t\t\t\t\t\t\t\t<\/div>\n\t\t\t\t<\/div>\n\t\t\t\t\t<\/div>\n\t\t\t\t<\/div>\n\t\t\t\t<\/div>\n\t\t","protected":false},"excerpt":{"rendered":"<p>Foire aux questions (FAQ) Accueil \/ FAQs Vous avez des questions sur 18Verified ou sur les lois mondiales relatives \u00e0 la v\u00e9rification de l&rsquo;\u00e2ge ? Vous \u00eates au bon endroit ! Consultez notre FAQ ci-dessous pour obtenir des r\u00e9ponses rapides sur la conformit\u00e9, la confidentialit\u00e9, l&rsquo;int\u00e9gration et plus encore. Si vous ne trouvez pas ce [&hellip;]<\/p>\n","protected":false},"author":1,"featured_media":0,"parent":0,"menu_order":0,"comment_status":"closed","ping_status":"closed","template":"elementor_header_footer","meta":{"postBodyCss":"","postBodyMargin":[],"postBodyPadding":[],"postBodyBackground":{"backgroundType":"classic","gradient":""},"footnotes":""},"class_list":["post-2098","page","type-page","status-publish","hentry"],"_links":{"self":[{"href":"https:\/\/www.18verified.com\/fr\/wp-json\/wp\/v2\/pages\/2098","targetHints":{"allow":["GET"]}}],"collection":[{"href":"https:\/\/www.18verified.com\/fr\/wp-json\/wp\/v2\/pages"}],"about":[{"href":"https:\/\/www.18verified.com\/fr\/wp-json\/wp\/v2\/types\/page"}],"author":[{"embeddable":true,"href":"https:\/\/www.18verified.com\/fr\/wp-json\/wp\/v2\/users\/1"}],"replies":[{"embeddable":true,"href":"https:\/\/www.18verified.com\/fr\/wp-json\/wp\/v2\/comments?post=2098"}],"version-history":[{"count":3,"href":"https:\/\/www.18verified.com\/fr\/wp-json\/wp\/v2\/pages\/2098\/revisions"}],"predecessor-version":[{"id":2108,"href":"https:\/\/www.18verified.com\/fr\/wp-json\/wp\/v2\/pages\/2098\/revisions\/2108"}],"wp:attachment":[{"href":"https:\/\/www.18verified.com\/fr\/wp-json\/wp\/v2\/media?parent=2098"}],"curies":[{"name":"wp","href":"https:\/\/api.w.org\/{rel}","templated":true}]}}