{"id":2102,"date":"2025-07-23T07:31:37","date_gmt":"2025-07-23T07:31:37","guid":{"rendered":"https:\/\/www.18verified.com\/comment-nous-verifions\/"},"modified":"2025-09-12T06:38:01","modified_gmt":"2025-09-12T06:38:01","slug":"comment-nous-verifions","status":"publish","type":"page","link":"https:\/\/www.18verified.com\/fr\/comment-nous-verifions\/","title":{"rendered":"Comment nous v\u00e9rifions"},"content":{"rendered":"\t\t<div data-elementor-type=\"wp-page\" data-elementor-id=\"2102\" class=\"elementor elementor-2102 elementor-1043\" data-elementor-post-type=\"page\">\n\t\t\t\t<div class=\"elementor-element elementor-element-7f92e790 e-flex e-con-boxed e-con e-parent\" data-id=\"7f92e790\" data-element_type=\"container\" data-settings=\"{&quot;background_background&quot;:&quot;classic&quot;}\">\n\t\t\t\t\t<div class=\"e-con-inner\">\n\t\t\t\t<div class=\"elementor-element elementor-element-78c46843 elementor-widget elementor-widget-elementskit-heading\" data-id=\"78c46843\" data-element_type=\"widget\" data-widget_type=\"elementskit-heading.default\">\n\t\t\t\t<div class=\"elementor-widget-container\">\n\t\t\t\t\t<div class=\"ekit-wid-con\" ><div class=\"ekit-heading elementskit-section-title-wraper text_center   ekit_heading_tablet-   ekit_heading_mobile-\"><h2 class=\"ekit-heading--title elementskit-section-title \">Comment nous v\u00e9rifions<\/h2><h3 class=\"ekit-heading--subtitle elementskit-section-subtitle  \">\n\t\t\t\t\t\tAccueil \/ Comment nous v\u00e9rifions\n\t\t\t\t\t<\/h3><\/div><\/div>\t\t\t\t<\/div>\n\t\t\t\t<\/div>\n\t\t\t\t\t<\/div>\n\t\t\t\t<\/div>\n\t\t<div class=\"elementor-element elementor-element-9f3228c e-flex e-con-boxed e-con e-parent\" data-id=\"9f3228c\" data-element_type=\"container\">\n\t\t\t\t\t<div class=\"e-con-inner\">\n\t\t\t\t<div class=\"elementor-element elementor-element-f2c5338 elementor-widget elementor-widget-heading\" data-id=\"f2c5338\" data-element_type=\"widget\" data-widget_type=\"heading.default\">\n\t\t\t\t<div class=\"elementor-widget-container\">\n\t\t\t\t\t<h1 class=\"elementor-heading-title elementor-size-default\">En constante \u00e9volution pour une conformit\u00e9 mondiale<\/h1>\t\t\t\t<\/div>\n\t\t\t\t<\/div>\n\t\t\t\t<div class=\"elementor-element elementor-element-271f1b9 elementor-widget elementor-widget-text-editor\" data-id=\"271f1b9\" data-element_type=\"widget\" data-widget_type=\"text-editor.default\">\n\t\t\t\t<div class=\"elementor-widget-container\">\n\t\t\t\t\t\t\t\t\t<p data-start=\"43\" data-end=\"496\" data-is-last-node=\"\" data-is-only-node=\"\">Chez 18Verified, nous innovons constamment pour rendre la v\u00e9rification de l&rsquo;\u00e2ge aussi simple, s\u00e9curis\u00e9e et fluide que possible. Notre plateforme est con\u00e7ue pour s&rsquo;adapter \u00e0 l&rsquo;\u00e9volution constante des lois et des besoins des utilisateurs, offrant des m\u00e9thodes de v\u00e9rification flexibles qui r\u00e9pondent aux exigences de conformit\u00e9 des pays du monde entier. Qu&rsquo;il s&rsquo;agisse de v\u00e9rification d&rsquo;identit\u00e9, de validation de carte bancaire ou d&rsquo;estimation de l&rsquo;\u00e2ge par reconnaissance faciale, 18Verified garantit une v\u00e9rification rapide et s\u00e9curis\u00e9e de l&rsquo;\u00e2ge de vos utilisateurs, o\u00f9 qu&rsquo;ils se trouvent.  <\/p>\t\t\t\t\t\t\t\t<\/div>\n\t\t\t\t<\/div>\n\t\t\t\t<div class=\"elementor-element elementor-element-0579162 elementor-widget-divider--view-line elementor-widget elementor-widget-divider\" data-id=\"0579162\" data-element_type=\"widget\" data-widget_type=\"divider.default\">\n\t\t\t\t<div class=\"elementor-widget-container\">\n\t\t\t\t\t\t\t<div class=\"elementor-divider\">\n\t\t\t<span class=\"elementor-divider-separator\">\n\t\t\t\t\t\t<\/span>\n\t\t<\/div>\n\t\t\t\t\t\t<\/div>\n\t\t\t\t<\/div>\n\t\t\t\t<div class=\"elementor-element elementor-element-01b7eaf elementor-widget elementor-widget-heading\" data-id=\"01b7eaf\" data-element_type=\"widget\" data-widget_type=\"heading.default\">\n\t\t\t\t<div class=\"elementor-widget-container\">\n\t\t\t\t\t<h2 class=\"elementor-heading-title elementor-size-default\">V\u00e9rification d'une pi\u00e8ce d'identit\u00e9 avec photo<\/h2>\t\t\t\t<\/div>\n\t\t\t\t<\/div>\n\t\t\t\t<div class=\"elementor-element elementor-element-d462a69 elementor-widget elementor-widget-text-editor\" data-id=\"d462a69\" data-element_type=\"widget\" data-widget_type=\"text-editor.default\">\n\t\t\t\t<div class=\"elementor-widget-container\">\n\t\t\t\t\t\t\t\t\t<article class=\"text-token-text-primary w-full\" dir=\"auto\" data-testid=\"conversation-turn-24\" data-scroll-anchor=\"false\">\n<div class=\"text-base my-auto mx-auto [--thread-content-margin:--spacing(4)] @[37rem]:[--thread-content-margin:--spacing(6)] @[72rem]:[--thread-content-margin:--spacing(16)] px-(--thread-content-margin)\">\n<div class=\"[--thread-content-max-width:32rem] @[34rem]:[--thread-content-max-width:40rem] @[64rem]:[--thread-content-max-width:48rem] mx-auto max-w-(--thread-content-max-width) flex-1 group\/turn-messages focus-visible:outline-hidden relative flex w-full min-w-0 flex-col agent-turn\" tabindex=\"-1\">\n<div class=\"flex max-w-full flex-col grow\">\n<div class=\"min-h-8 text-message relative flex w-full flex-col items-end gap-2 text-start break-words whitespace-normal [.text-message+&amp;]:mt-5\" dir=\"auto\" data-message-author-role=\"assistant\" data-message-id=\"80e251b9-b6c8-4594-af25-80ae7432962b\" data-message-model-slug=\"gpt-4-5\">\n<div class=\"flex w-full flex-col gap-1 empty:hidden first:pt-[3px]\">\n<div class=\"markdown prose dark:prose-invert w-full break-words light\">\n<p data-start=\"0\" data-end=\"91\">Une m\u00e9thode pr\u00e9cise de v\u00e9rification de l&rsquo;\u00e2ge utilisant une num\u00e9risation d&rsquo;identit\u00e9 s\u00e9curis\u00e9e pour confirmer l&rsquo;\u00e2ge exact d&rsquo;un utilisateur.<\/p>\n<p><strong>Fonctionnement<\/strong><br>L&rsquo;utilisateur est invit\u00e9 \u00e0 scanner sa pi\u00e8ce d&rsquo;identit\u00e9 avec l&rsquo;appareil photo de son appareil. Cette image est envoy\u00e9e de mani\u00e8re s\u00e9curis\u00e9e au serveur 18Verified et analys\u00e9e par IA. Le syst\u00e8me extrait ensuite les informations cl\u00e9s de la pi\u00e8ce d&rsquo;identit\u00e9 pour d\u00e9terminer si l&rsquo;utilisateur a l&rsquo;\u00e2ge minimum requis.  <\/p>\n<p><\/p>\n<p>Si la v\u00e9rification est r\u00e9ussie, l&rsquo;utilisateur peut continuer. Dans le cas contraire, d&rsquo;autres m\u00e9thodes de v\u00e9rification de l&rsquo;\u00e2ge lui seront propos\u00e9es. <\/p>\n<p data-start=\"93\" data-end=\"306\" data-is-last-node=\"\" data-is-only-node=\"\"><strong data-start=\"93\" data-end=\"117\">Pays pris en charge :<\/strong> Monde entier<br data-start=\"124\" data-end=\"127\" data-is-only-node=\"\"><strong data-start=\"127\" data-end=\"149\">Type de v\u00e9rification :<\/strong> V\u00e9rification de l\u2019\u00e2ge<br data-start=\"166\" data-end=\"169\"><strong data-start=\"169\" data-end=\"188\">Seuils d\u2019\u00e2ge :<\/strong> Tous \u00e2ges<br data-start=\"203\" data-end=\"206\"><strong data-start=\"206\" data-end=\"224\">Donn\u00e9es collect\u00e9es :<\/strong> Image et informations d\u2019identit\u00e9<br data-start=\"249\" data-end=\"252\"><strong data-start=\"252\" data-end=\"275\">Vitesse de v\u00e9rification :<\/strong> R\u00e9sultats instantan\u00e9s en quelques secondes<\/p>\n<\/div>\n<\/div>\n<\/div>\n<\/div>\n<div class=\"mx-[var(--mini-thread-content-inset)]\">\n<div class=\"flex min-h-[46px] justify-start\">\n<div class=\"touch:-me-2 touch:-ms-3.5 -ms-2.5 -me-1 flex flex-wrap items-center gap-y-4 p-1 select-none touch:w-[calc(100%+--spacing(3.5))] -mt-1 w-[calc(100%+--spacing(2.5))] duration-[1.5s] focus-within:transition-none hover:transition-none pointer-events-none [mask-image:linear-gradient(to_right,black_33%,transparent_66%)] [mask-size:300%_100%] [mask-position:100%_0%] motion-safe:transition-[mask-position] group-hover\/turn-messages:pointer-events-auto group-hover\/turn-messages:[mask-position:0_0] group-focus-within\/turn-messages:pointer-events-auto group-focus-within\/turn-messages:[mask-position:0_0] has-data-[state=open]:pointer-events-auto has-data-[state=open]:[mask-position:0_0]\"> <\/div>\n<\/div>\n<\/div>\n<\/div>\n<\/div>\n<\/article>\n<article class=\"text-token-text-primary w-full\" dir=\"auto\" data-testid=\"conversation-turn-25\" data-scroll-anchor=\"false\">\n<h5 class=\"sr-only\"> <\/h5>\n<\/article>\t\t\t\t\t\t\t\t<\/div>\n\t\t\t\t<\/div>\n\t\t\t\t<div class=\"elementor-element elementor-element-48f74b3 elementor-widget elementor-widget-image\" data-id=\"48f74b3\" data-element_type=\"widget\" data-widget_type=\"image.default\">\n\t\t\t\t<div class=\"elementor-widget-container\">\n\t\t\t\t\t\t\t\t\t\t\t\t\t\t\t<img fetchpriority=\"high\" decoding=\"async\" width=\"640\" height=\"427\" src=\"https:\/\/www.18verified.com\/wp-content\/uploads\/2025\/07\/image-1024x683.png\" class=\"attachment-large size-large wp-image-1842\" alt=\"\" srcset=\"https:\/\/www.18verified.com\/wp-content\/uploads\/2025\/07\/image-1024x683.png 1024w, https:\/\/www.18verified.com\/wp-content\/uploads\/2025\/07\/image-600x400.png 600w, https:\/\/www.18verified.com\/wp-content\/uploads\/2025\/07\/image-300x200.png 300w, https:\/\/www.18verified.com\/wp-content\/uploads\/2025\/07\/image-768x512.png 768w, https:\/\/www.18verified.com\/wp-content\/uploads\/2025\/07\/image.png 1536w\" sizes=\"(max-width: 640px) 100vw, 640px\" \/>\t\t\t\t\t\t\t\t\t\t\t\t\t\t\t<\/div>\n\t\t\t\t<\/div>\n\t\t\t\t<div class=\"elementor-element elementor-element-dfd2468 elementor-widget elementor-widget-heading\" data-id=\"dfd2468\" data-element_type=\"widget\" data-widget_type=\"heading.default\">\n\t\t\t\t<div class=\"elementor-widget-container\">\n\t\t\t\t\t<h2 class=\"elementor-heading-title elementor-size-default\">V\u00e9rification de la carte de cr\u00e9dit <\/h2>\t\t\t\t<\/div>\n\t\t\t\t<\/div>\n\t\t\t\t<div class=\"elementor-element elementor-element-4a9869b elementor-widget elementor-widget-text-editor\" data-id=\"4a9869b\" data-element_type=\"widget\" data-widget_type=\"text-editor.default\">\n\t\t\t\t<div class=\"elementor-widget-container\">\n\t\t\t\t\t\t\t\t\t<div class=\"wp-block-gutenkit-container alignfull\">\n<div class=\"gkit-block__inner\">\n<p><\/p>\n<div class=\"wp-block-group\">\n<p><\/p>\n<div class=\"wp-block-group\">\n<p><\/p>\n<details class=\"wp-block-details\" open=\"open\">\n<p><strong>Fonctionnement<\/strong><br>L&rsquo;utilisateur saisit son num\u00e9ro de carte de cr\u00e9dit, sa date d&rsquo;expiration et son code CVC\/CVV.<\/p>\n<p><\/p>\n<p>Ces informations sont trait\u00e9es de mani\u00e8re s\u00e9curis\u00e9e par notre prestataire de paiement, qui confirme qu&rsquo;il s&rsquo;agit d&rsquo;une carte de cr\u00e9dit et que la carte est active et valide.<\/p>\n<p><\/p>\n<p>\u00c0 aucun moment, les d\u00e9tails de la carte ne sont stock\u00e9s ou consult\u00e9s par 18Verified.<\/p>\n<summary><strong><br><br><\/strong><\/summary>\n<\/details><\/div>\n<\/div>\n<\/div>\n<\/div>\n<p>Une m\u00e9thode s\u00e9curis\u00e9e de v\u00e9rification de l&rsquo;\u00e2ge qui confirme l&rsquo;\u00e2ge d&rsquo;un utilisateur via l&rsquo;autorisation de carte de cr\u00e9dit.<\/p>\n<p><\/p>\n<p><strong>Pays pris en charge : <\/strong>Monde entier<br><strong>Type de v\u00e9rification : <\/strong>V\u00e9rification de l\u2019\u00e2ge<br><strong>Seuil d\u2019\u00e2ge :<\/strong> 18 ans et plus<br><strong>Donn\u00e9es collect\u00e9es :<\/strong> Informations de carte bancaire (sans frais)<br><strong>Vitesse de v\u00e9rification : <\/strong>R\u00e9sultats instantan\u00e9s en quelques secondes<\/p>\n<p><\/p>\n<figure class=\"wp-block-image size-large\"><img decoding=\"async\" width=\"1024\" height=\"683\" class=\"wp-image-1029\" src=\"https:\/\/www.18verified.com\/wp-content\/uploads\/2025\/07\/image-1-1024x683.png\" alt=\"\" srcset=\"https:\/\/www.18verified.com\/wp-content\/uploads\/2025\/07\/image-1-1024x683.png 1024w, https:\/\/www.18verified.com\/wp-content\/uploads\/2025\/07\/image-1-600x400.png 600w, https:\/\/www.18verified.com\/wp-content\/uploads\/2025\/07\/image-1-300x200.png 300w, https:\/\/www.18verified.com\/wp-content\/uploads\/2025\/07\/image-1-768x512.png 768w, https:\/\/www.18verified.com\/wp-content\/uploads\/2025\/07\/image-1.png 1536w\" sizes=\"(max-width: 1024px) 100vw, 1024px\" \/><\/figure>\n<p><\/p>\n<p> <\/p>\n<p><\/p>\n<p><\/p>\t\t\t\t\t\t\t\t<\/div>\n\t\t\t\t<\/div>\n\t\t\t\t<div class=\"elementor-element elementor-element-94463a2 elementor-widget elementor-widget-heading\" data-id=\"94463a2\" data-element_type=\"widget\" data-widget_type=\"heading.default\">\n\t\t\t\t<div class=\"elementor-widget-container\">\n\t\t\t\t\t<h2 class=\"elementor-heading-title elementor-size-default\">Reconnaissance faciale - Bient\u00f4t disponible <\/h2>\t\t\t\t<\/div>\n\t\t\t\t<\/div>\n\t\t\t\t<div class=\"elementor-element elementor-element-f1845a4 elementor-widget elementor-widget-text-editor\" data-id=\"f1845a4\" data-element_type=\"widget\" data-widget_type=\"text-editor.default\">\n\t\t\t\t<div class=\"elementor-widget-container\">\n\t\t\t\t\t\t\t\t\t<p>Pr\u00e9parez-vous \u00e0 une v\u00e9rification encore plus rapide de l&rsquo;\u00e2ge de vos utilisateurs. Notre nouvelle fonctionnalit\u00e9 de reconnaissance faciale sera bient\u00f4t disponible : elle vous offrira un moyen s\u00fbr, priv\u00e9 et simple de prouver que vous avez 18 ans ou plus. Pas de t\u00e9l\u00e9chargement, pas de souci : un simple scan et ils seront v\u00e9rifi\u00e9s. Restez connect\u00e9s !   <\/p>\n<p><strong>Pays pris en charge :<\/strong> Monde entier<br><strong>Type de v\u00e9rification : <\/strong>Reconnaissance faciale<br><strong>Seuil d\u2019\u00e2ge : <\/strong>18 ans et plus<br><strong>Donn\u00e9es collect\u00e9es :<\/strong> Image\/vid\u00e9o en direct<br>Vitesse de v\u00e9rification : R\u00e9sultats instantan\u00e9s en quelques secondes<\/p>\n<p> <\/p>\t\t\t\t\t\t\t\t<\/div>\n\t\t\t\t<\/div>\n\t\t\t\t<div class=\"elementor-element elementor-element-6b03121 elementor-widget elementor-widget-image\" data-id=\"6b03121\" data-element_type=\"widget\" data-widget_type=\"image.default\">\n\t\t\t\t<div class=\"elementor-widget-container\">\n\t\t\t\t\t\t\t\t\t\t\t\t\t\t\t<img decoding=\"async\" width=\"640\" height=\"427\" src=\"https:\/\/www.18verified.com\/wp-content\/uploads\/2025\/07\/jfld-1024x683.jpg\" class=\"attachment-large size-large wp-image-1843\" alt=\"\" srcset=\"https:\/\/www.18verified.com\/wp-content\/uploads\/2025\/07\/jfld-1024x683.jpg 1024w, https:\/\/www.18verified.com\/wp-content\/uploads\/2025\/07\/jfld-600x400.jpg 600w, https:\/\/www.18verified.com\/wp-content\/uploads\/2025\/07\/jfld-300x200.jpg 300w, https:\/\/www.18verified.com\/wp-content\/uploads\/2025\/07\/jfld-768x512.jpg 768w, https:\/\/www.18verified.com\/wp-content\/uploads\/2025\/07\/jfld.jpg 1536w\" sizes=\"(max-width: 640px) 100vw, 640px\" \/>\t\t\t\t\t\t\t\t\t\t\t\t\t\t\t<\/div>\n\t\t\t\t<\/div>\n\t\t\t\t<div class=\"elementor-element elementor-element-b1ccc03 elementor-widget elementor-widget-heading\" data-id=\"b1ccc03\" data-element_type=\"widget\" data-widget_type=\"heading.default\">\n\t\t\t\t<div class=\"elementor-widget-container\">\n\t\t\t\t\t<h2 class=\"elementor-heading-title elementor-size-default\">Lancement de l'application bient\u00f4t possible !<\/h2>\t\t\t\t<\/div>\n\t\t\t\t<\/div>\n\t\t\t\t<div class=\"elementor-element elementor-element-1f23daa elementor-widget elementor-widget-text-editor\" data-id=\"1f23daa\" data-element_type=\"widget\" data-widget_type=\"text-editor.default\">\n\t\t\t\t<div class=\"elementor-widget-container\">\n\t\t\t\t\t\t\t\t\t<p>L&rsquo;application 18Verified arrive bient\u00f4t !<br>Les utilisateurs peuvent facilement v\u00e9rifier leur \u00e2ge o\u00f9 qu&rsquo;ils soient gr\u00e2ce \u00e0 la prochaine application 18Verified. Abonnez-vous, v\u00e9rifiez une fois et acc\u00e9dez \u00e0 tous les sites web participants avec un seul identifiant. Simple, s\u00e9curis\u00e9 et fluide.  <\/p>\t\t\t\t\t\t\t\t<\/div>\n\t\t\t\t<\/div>\n\t\t\t\t<div class=\"elementor-element elementor-element-9b590d3 elementor-widget elementor-widget-image\" data-id=\"9b590d3\" data-element_type=\"widget\" data-widget_type=\"image.default\">\n\t\t\t\t<div class=\"elementor-widget-container\">\n\t\t\t\t\t\t\t\t\t\t\t\t\t\t\t<img loading=\"lazy\" decoding=\"async\" width=\"640\" height=\"640\" src=\"https:\/\/www.18verified.com\/wp-content\/uploads\/2025\/07\/app-image--768x768.jpg\" class=\"attachment-medium_large size-medium_large wp-image-1844\" alt=\"\" srcset=\"https:\/\/www.18verified.com\/wp-content\/uploads\/2025\/07\/app-image--768x768.jpg 768w, https:\/\/www.18verified.com\/wp-content\/uploads\/2025\/07\/app-image--300x300.jpg 300w, https:\/\/www.18verified.com\/wp-content\/uploads\/2025\/07\/app-image--100x100.jpg 100w, https:\/\/www.18verified.com\/wp-content\/uploads\/2025\/07\/app-image--600x600.jpg 600w, https:\/\/www.18verified.com\/wp-content\/uploads\/2025\/07\/app-image--150x150.jpg 150w, https:\/\/www.18verified.com\/wp-content\/uploads\/2025\/07\/app-image-.jpg 1024w\" sizes=\"(max-width: 640px) 100vw, 640px\" \/>\t\t\t\t\t\t\t\t\t\t\t\t\t\t\t<\/div>\n\t\t\t\t<\/div>\n\t\t\t\t<div class=\"elementor-element elementor-element-a38f8f7 elementor-widget elementor-widget-text-editor\" data-id=\"a38f8f7\" data-element_type=\"widget\" data-widget_type=\"text-editor.default\">\n\t\t\t\t<div class=\"elementor-widget-container\">\n\t\t\t\t\t\t\t\t\t<p><strong data-start=\"0\" data-end=\"66\" data-is-only-node=\"\">M\u00e9thodes de v\u00e9rification de l&rsquo;\u00e2ge | Pi\u00e8ce d&rsquo;identit\u00e9, carte de cr\u00e9dit et plus | 18Verified<\/strong><br data-start=\"66\" data-end=\"69\">D\u00e9couvrez la gamme compl\u00e8te de solutions de v\u00e9rification de l&rsquo;\u00e2ge s\u00e9curis\u00e9es et conformes de 18Verified. Nous proposons des options de v\u00e9rification rapides et respectueuses de la confidentialit\u00e9, notamment la v\u00e9rification de la photo d&rsquo;identit\u00e9, la v\u00e9rification de la carte de cr\u00e9dit, l&rsquo;estimation de l&rsquo;\u00e2ge par reconnaissance faciale, la v\u00e9rification des op\u00e9rateurs mobiles et l&rsquo;authentification num\u00e9rique. Con\u00e7ue pour respecter les lois sur la v\u00e9rification de l&rsquo;\u00e2ge au Royaume-Uni, aux \u00c9tats-Unis, en Australie et en Europe, notre technologie permet aux sites de contenu pour adultes, aux d\u00e9taillants de vapotage, aux plateformes de jeux d&rsquo;argent et aux vendeurs de CBD de rester en parfaite conformit\u00e9. Choisissez 18Verified pour une int\u00e9gration simple, une couverture mondiale et une protection fiable contre l&rsquo;acc\u00e8s des mineurs.   <\/p>\t\t\t\t\t\t\t\t<\/div>\n\t\t\t\t<\/div>\n\t\t\t\t\t<\/div>\n\t\t\t\t<\/div>\n\t\t\t\t<\/div>\n\t\t","protected":false},"excerpt":{"rendered":"<p>Comment nous v\u00e9rifions Accueil \/ Comment nous v\u00e9rifions En constante \u00e9volution pour une conformit\u00e9 mondiale Chez 18Verified, nous innovons constamment pour rendre la v\u00e9rification de l&rsquo;\u00e2ge aussi simple, s\u00e9curis\u00e9e et fluide que possible. Notre plateforme est con\u00e7ue pour s&rsquo;adapter \u00e0 l&rsquo;\u00e9volution constante des lois et des besoins des utilisateurs, offrant des m\u00e9thodes de v\u00e9rification flexibles [&hellip;]<\/p>\n","protected":false},"author":1,"featured_media":0,"parent":0,"menu_order":0,"comment_status":"closed","ping_status":"closed","template":"elementor_header_footer","meta":{"postBodyCss":"","postBodyMargin":[],"postBodyPadding":[],"postBodyBackground":{"backgroundType":"classic","gradient":""},"footnotes":""},"class_list":["post-2102","page","type-page","status-publish","hentry"],"_links":{"self":[{"href":"https:\/\/www.18verified.com\/fr\/wp-json\/wp\/v2\/pages\/2102","targetHints":{"allow":["GET"]}}],"collection":[{"href":"https:\/\/www.18verified.com\/fr\/wp-json\/wp\/v2\/pages"}],"about":[{"href":"https:\/\/www.18verified.com\/fr\/wp-json\/wp\/v2\/types\/page"}],"author":[{"embeddable":true,"href":"https:\/\/www.18verified.com\/fr\/wp-json\/wp\/v2\/users\/1"}],"replies":[{"embeddable":true,"href":"https:\/\/www.18verified.com\/fr\/wp-json\/wp\/v2\/comments?post=2102"}],"version-history":[{"count":3,"href":"https:\/\/www.18verified.com\/fr\/wp-json\/wp\/v2\/pages\/2102\/revisions"}],"predecessor-version":[{"id":2106,"href":"https:\/\/www.18verified.com\/fr\/wp-json\/wp\/v2\/pages\/2102\/revisions\/2106"}],"wp:attachment":[{"href":"https:\/\/www.18verified.com\/fr\/wp-json\/wp\/v2\/media?parent=2102"}],"curies":[{"name":"wp","href":"https:\/\/api.w.org\/{rel}","templated":true}]}}