{"id":2115,"date":"2025-07-24T10:15:33","date_gmt":"2025-07-24T10:15:33","guid":{"rendered":"https:\/\/www.18verified.com\/temoignages\/"},"modified":"2025-09-12T06:50:58","modified_gmt":"2025-09-12T06:50:58","slug":"temoignages","status":"publish","type":"page","link":"https:\/\/www.18verified.com\/fr\/temoignages\/","title":{"rendered":"T\u00e9moignages"},"content":{"rendered":"\t\t<div data-elementor-type=\"wp-page\" data-elementor-id=\"2115\" class=\"elementor elementor-2115 elementor-1100\" data-elementor-post-type=\"page\">\n\t\t\t\t<div class=\"elementor-element elementor-element-30cb439 e-con-full e-flex e-con e-parent\" data-id=\"30cb439\" data-element_type=\"container\">\n\t\t<div class=\"elementor-element elementor-element-ef09f78 e-con-full e-flex e-con e-child\" data-id=\"ef09f78\" data-element_type=\"container\" data-settings=\"{&quot;background_background&quot;:&quot;classic&quot;}\">\n\t\t\t\t<div class=\"elementor-element elementor-element-982bf9e elementor-widget elementor-widget-heading\" data-id=\"982bf9e\" data-element_type=\"widget\" data-widget_type=\"heading.default\">\n\t\t\t\t<div class=\"elementor-widget-container\">\n\t\t\t\t\t<h2 class=\"elementor-heading-title elementor-size-default\">B\u00e9n\u00e9ficiez d'une v\u00e9rification fiable en toute confiance<\/h2>\t\t\t\t<\/div>\n\t\t\t\t<\/div>\n\t\t\t\t<\/div>\n\t\t\t\t<\/div>\n\t\t<div class=\"elementor-element elementor-element-tEphrzi e-flex e-con-boxed e-con e-parent\" data-id=\"tEphrzi\" data-element_type=\"container\">\n\t\t\t\t\t<div class=\"e-con-inner\">\n\t\t<div class=\"elementor-element elementor-element-I8RK6AY e-con-full e-flex e-con e-child\" data-id=\"I8RK6AY\" data-element_type=\"container\">\n\t\t\t\t<div class=\"elementor-element elementor-element-DEwDjqG elementor-widget elementor-widget-text-editor\" data-id=\"DEwDjqG\" data-element_type=\"widget\" data-widget_type=\"text-editor.default\">\n\t\t\t\t<div class=\"elementor-widget-container\">\n\t\t\t\t\t\t\t\t\t<p>Chez 18verified, la confiance et la transparence sont notre priorit\u00e9. Notre \u00e9quipe d&rsquo;experts travaille avec diligence pour garantir des v\u00e9rifications rigoureuses, vous permettant de faire des choix \u00e9clair\u00e9s en toute confiance. <\/p>\t\t\t\t\t\t\t\t<\/div>\n\t\t\t\t<\/div>\n\t\t\t\t<div class=\"elementor-element elementor-element-3a887c3 elementor-widget elementor-widget-heading\" data-id=\"3a887c3\" data-element_type=\"widget\" data-widget_type=\"heading.default\">\n\t\t\t\t<div class=\"elementor-widget-container\">\n\t\t\t\t\t<h2 class=\"elementor-heading-title elementor-size-default\">T\u00e9moignages d'utilisateurs<\/h2>\t\t\t\t<\/div>\n\t\t\t\t<\/div>\n\t\t<div class=\"elementor-element elementor-element-Fra8Qto e-con-full e-flex e-con e-child\" data-id=\"Fra8Qto\" data-element_type=\"container\">\n\t\t\t\t<div class=\"elementor-element elementor-element-vqxLEfj elementor-tablet-position-top elementor-view-default elementor-position-top elementor-mobile-position-top elementor-widget elementor-widget-icon-box\" data-id=\"vqxLEfj\" data-element_type=\"widget\" data-widget_type=\"icon-box.default\">\n\t\t\t\t<div class=\"elementor-widget-container\">\n\t\t\t\t\t\t\t<div class=\"elementor-icon-box-wrapper\">\n\n\t\t\t\t\t\t<div class=\"elementor-icon-box-icon\">\n\t\t\t\t<span  class=\"elementor-icon\">\n\t\t\t\t<i aria-hidden=\"true\" class=\"icon icon-user-registration\"><\/i>\t\t\t\t<\/span>\n\t\t\t<\/div>\n\t\t\t\n\t\t\t\t\t\t<div class=\"elementor-icon-box-content\">\n\n\t\t\t\t\t\t\t\t\t<h3 class=\"elementor-icon-box-title\">\n\t\t\t\t\t\t<span  >\n\t\t\t\t\t\t\tV\u00e9rification digne de confiance\t\t\t\t\t\t<\/span>\n\t\t\t\t\t<\/h3>\n\t\t\t\t\n\t\t\t\t\t\t\t\t\t<p class=\"elementor-icon-box-description\">\n\t\t\t\t\t\t\"18Verified a rendu le processus si rapide et simpliste. J'ai v\u00e9rifi\u00e9 mon \u00e2ge une fois et je peux d\u00e9sormais acc\u00e9der \u00e0 tous les sites dont j'ai besoin avec une seule connexion. Plus besoin de t\u00e9l\u00e9charger ma pi\u00e8ce d'identit\u00e9 \u00e0 plusieurs reprises ni d'\u00e9tapes fastidieuses. C'est s\u00e9curis\u00e9, discret et vraiment efficace. Je le recommande vivement \u00e0 tous ceux qui appr\u00e9cient la confidentialit\u00e9 et la commodit\u00e9 ! \"\n\u2014 Daniel W., utilisateur v\u00e9rifi\u00e9\t\t\t\t\t<\/p>\n\t\t\t\t\n\t\t\t<\/div>\n\t\t\t\n\t\t<\/div>\n\t\t\t\t\t\t<\/div>\n\t\t\t\t<\/div>\n\t\t\t\t<\/div>\n\t\t\t\t<div class=\"elementor-element elementor-element-7636b9b elementor-widget elementor-widget-heading\" data-id=\"7636b9b\" data-element_type=\"widget\" data-widget_type=\"heading.default\">\n\t\t\t\t<div class=\"elementor-widget-container\">\n\t\t\t\t\t<h3 class=\"elementor-heading-title elementor-size-default\">Extr\u00eamement priv\u00e9<\/h3>\t\t\t\t<\/div>\n\t\t\t\t<\/div>\n\t\t\t\t<div class=\"elementor-element elementor-element-f20fd2c elementor-widget elementor-widget-text-editor\" data-id=\"f20fd2c\" data-element_type=\"widget\" data-widget_type=\"text-editor.default\">\n\t\t\t\t<div class=\"elementor-widget-container\">\n\t\t\t\t\t\t\t\t\t<p>\u00ab\u00a0Ce que j&rsquo;appr\u00e9cie le plus chez 18Verified, c&rsquo;est son c\u00f4t\u00e9 confidentiel. Je n&rsquo;ai pas eu \u00e0 partager plus d&rsquo;informations que n\u00e9cessaire, et une fois v\u00e9rifi\u00e9, c&rsquo;\u00e9tait fini : pas de suivi, pas de spam, et personne ne sait quels sites je consulte. C&rsquo;est la v\u00e9rification d&rsquo;\u00e2ge la plus respectueuse et la plus s\u00e9curis\u00e9e que j&rsquo;aie jamais utilis\u00e9e.\u00a0\u00bb<br data-start=\"336\" data-end=\"339\">\u2014 <em data-start=\"341\" data-end=\"366\">Utilisateur v\u00e9rifi\u00e9<\/em><\/p>\t\t\t\t\t\t\t\t<\/div>\n\t\t\t\t<\/div>\n\t\t\t\t<div class=\"elementor-element elementor-element-545e7a1 elementor-widget elementor-widget-heading\" data-id=\"545e7a1\" data-element_type=\"widget\" data-widget_type=\"heading.default\">\n\t\t\t\t<div class=\"elementor-widget-container\">\n\t\t\t\t\t<h3 class=\"elementor-heading-title elementor-size-default\">Navigation facile<\/h3>\t\t\t\t<\/div>\n\t\t\t\t<\/div>\n\t\t\t\t<div class=\"elementor-element elementor-element-7518694 elementor-widget elementor-widget-text-editor\" data-id=\"7518694\" data-element_type=\"widget\" data-widget_type=\"text-editor.default\">\n\t\t\t\t<div class=\"elementor-widget-container\">\n\t\t\t\t\t\t\t\t\t<p>\u00ab\u00a0Parmi toutes les options de v\u00e9rification d&rsquo;\u00e2ge disponibles, 18Verified est sans conteste la plus judicieuse. Une simple v\u00e9rification, une seule connexion, et je peux acc\u00e9der \u00e0 plusieurs sites. Pas de d\u00e9marches compliqu\u00e9es ni de paiements r\u00e9p\u00e9t\u00e9s. C&rsquo;est abordable, intelligent et pens\u00e9 pour les utilisateurs.\u00a0\u00bb <em>\u2014 Utilisateur v\u00e9rifi\u00e9<\/em><\/p>\t\t\t\t\t\t\t\t<\/div>\n\t\t\t\t<\/div>\n\t\t<div class=\"elementor-element elementor-element-mJEwYU2 e-con-full e-flex e-con e-child\" data-id=\"mJEwYU2\" data-element_type=\"container\">\n\t\t\t\t<div class=\"elementor-element elementor-element-4TJP2nV elementor-widget__width-auto elementor-widget elementor-widget-button\" data-id=\"4TJP2nV\" data-element_type=\"widget\" data-widget_type=\"button.default\">\n\t\t\t\t<div class=\"elementor-widget-container\">\n\t\t\t\t\t\t\t\t\t<div class=\"elementor-button-wrapper\">\n\t\t\t\t\t<a class=\"elementor-button elementor-button-link elementor-size-sm\" href=\"#\">\n\t\t\t\t\t\t<span class=\"elementor-button-content-wrapper\">\n\t\t\t\t\t\t\t\t\t<span class=\"elementor-button-text\">Faites-vous v\u00e9rifier maintenant<\/span>\n\t\t\t\t\t<\/span>\n\t\t\t\t\t<\/a>\n\t\t\t\t<\/div>\n\t\t\t\t\t\t\t\t<\/div>\n\t\t\t\t<\/div>\n\t\t\t\t<\/div>\n\t\t\t\t<div class=\"elementor-element elementor-element-6466561 elementor-widget elementor-widget-text-editor\" data-id=\"6466561\" data-element_type=\"widget\" data-widget_type=\"text-editor.default\">\n\t\t\t\t<div class=\"elementor-widget-container\">\n\t\t\t\t\t\t\t\t\t<p data-start=\"89\" data-end=\"500\"><strong data-start=\"89\" data-end=\"116\">De vrais utilisateurs. Une vraie confiance. <\/strong><br data-start=\"116\" data-end=\"119\">Chez 18Verified, notre syst\u00e8me de <strong data-start=\"138\" data-end=\"172\">v\u00e9rification de l&rsquo;\u00e2ge<\/strong>, ax\u00e9 sur la confidentialit\u00e9, est approuv\u00e9 par des milliers d&rsquo;utilisateurs dans le monde entier. De <strong data-start=\"229\" data-end=\"248\" data-is-only-node=\"\">l&rsquo;acc\u00e8s fluide<\/strong> \u00e0 la <strong data-start=\"253\" data-end=\"281\">compatibilit\u00e9 intersites<\/strong>, en <strong data-start=\"285\" data-end=\"318\">passant par l&rsquo;anonymat<\/strong> et la protection des donn\u00e9es, nos membres v\u00e9rifi\u00e9s appr\u00e9cient un syst\u00e8me rapide, s\u00e9curis\u00e9 et con\u00e7u pour <strong data-start=\"392\" data-end=\"411\">l&rsquo;exp\u00e9rience utilisateur.<\/strong><br data-start=\"420\" data-end=\"423\">Rejoignez le r\u00e9seau croissant d&rsquo;utilisateurs qui affirment : \u00ab\u00a0<strong data-start=\"466\" data-end=\"500\">18Verified est tout simplement une solution logique.<\/strong>\u00a0\u00bb <\/p><p data-start=\"502\" data-end=\"557\" data-is-last-node=\"\" data-is-only-node=\"\"><strong data-start=\"502\" data-end=\"557\" data-is-last-node=\"\">Soyez v\u00e9rifi\u00e9 une fois. Acc\u00e9dez \u00e0 tout. Pr\u00e9servez votre confidentialit\u00e9.  <\/strong><\/p>\t\t\t\t\t\t\t\t<\/div>\n\t\t\t\t<\/div>\n\t\t\t\t<\/div>\n\t\t<div class=\"elementor-element elementor-element-qdnXOeP e-con-full e-flex e-con e-child\" data-id=\"qdnXOeP\" data-element_type=\"container\">\n\t\t\t\t<div class=\"elementor-element elementor-element-DBxniwk elementor-widget elementor-widget-video\" data-id=\"DBxniwk\" data-element_type=\"widget\" data-settings=\"{&quot;youtube_url&quot;:&quot;https:\\\/\\\/youtube.com\\\/shorts\\\/hSA4JXmrc3k?si=xxweIawuZcF-5GZl&quot;,&quot;video_type&quot;:&quot;youtube&quot;,&quot;controls&quot;:&quot;yes&quot;}\" data-widget_type=\"video.default\">\n\t\t\t\t<div class=\"elementor-widget-container\">\n\t\t\t\t\t\t\t<div class=\"elementor-wrapper elementor-open-inline\">\n\t\t\t<div class=\"elementor-video\"><\/div>\t\t<\/div>\n\t\t\t\t\t\t<\/div>\n\t\t\t\t<\/div>\n\t\t\t\t<\/div>\n\t\t\t\t\t<\/div>\n\t\t\t\t<\/div>\n\t\t\t\t<\/div>\n\t\t","protected":false},"excerpt":{"rendered":"<p>B\u00e9n\u00e9ficiez d&rsquo;une v\u00e9rification fiable en toute confiance Chez 18verified, la confiance et la transparence sont notre priorit\u00e9. Notre \u00e9quipe d&rsquo;experts travaille avec diligence pour garantir des v\u00e9rifications rigoureuses, vous permettant de faire des choix \u00e9clair\u00e9s en toute confiance. T\u00e9moignages d&rsquo;utilisateurs V\u00e9rification digne de confiance \u00ab\u00a018Verified a rendu le processus si rapide et simpliste. J&rsquo;ai v\u00e9rifi\u00e9 [&hellip;]<\/p>\n","protected":false},"author":1,"featured_media":0,"parent":0,"menu_order":0,"comment_status":"closed","ping_status":"closed","template":"elementor_header_footer","meta":{"postBodyCss":"","postBodyMargin":[],"postBodyPadding":[],"postBodyBackground":{"backgroundType":"classic","gradient":""},"footnotes":""},"class_list":["post-2115","page","type-page","status-publish","hentry"],"_links":{"self":[{"href":"https:\/\/www.18verified.com\/fr\/wp-json\/wp\/v2\/pages\/2115","targetHints":{"allow":["GET"]}}],"collection":[{"href":"https:\/\/www.18verified.com\/fr\/wp-json\/wp\/v2\/pages"}],"about":[{"href":"https:\/\/www.18verified.com\/fr\/wp-json\/wp\/v2\/types\/page"}],"author":[{"embeddable":true,"href":"https:\/\/www.18verified.com\/fr\/wp-json\/wp\/v2\/users\/1"}],"replies":[{"embeddable":true,"href":"https:\/\/www.18verified.com\/fr\/wp-json\/wp\/v2\/comments?post=2115"}],"version-history":[{"count":1,"href":"https:\/\/www.18verified.com\/fr\/wp-json\/wp\/v2\/pages\/2115\/revisions"}],"predecessor-version":[{"id":2116,"href":"https:\/\/www.18verified.com\/fr\/wp-json\/wp\/v2\/pages\/2115\/revisions\/2116"}],"wp:attachment":[{"href":"https:\/\/www.18verified.com\/fr\/wp-json\/wp\/v2\/media?parent=2115"}],"curies":[{"name":"wp","href":"https:\/\/api.w.org\/{rel}","templated":true}]}}