{"id":2142,"date":"2025-06-05T08:15:00","date_gmt":"2025-06-05T08:15:00","guid":{"rendered":"https:\/\/www.18verified.com\/quelles-sont-les-nouvelles-lois\/"},"modified":"2025-09-12T08:43:35","modified_gmt":"2025-09-12T08:43:35","slug":"quelles-sont-les-nouvelles-lois","status":"publish","type":"page","link":"https:\/\/www.18verified.com\/fr\/quelles-sont-les-nouvelles-lois\/","title":{"rendered":"Quelles sont les nouvelles lois ?"},"content":{"rendered":"\t\t<div data-elementor-type=\"wp-page\" data-elementor-id=\"2142\" class=\"elementor elementor-2142 elementor-363\" data-elementor-post-type=\"page\">\n\t\t\t\t<div class=\"elementor-element elementor-element-7f92e790 e-flex e-con-boxed e-con e-parent\" data-id=\"7f92e790\" data-element_type=\"container\" data-settings=\"{&quot;background_background&quot;:&quot;classic&quot;}\">\n\t\t\t\t\t<div class=\"e-con-inner\">\n\t\t\t\t<div class=\"elementor-element elementor-element-78c46843 elementor-widget elementor-widget-elementskit-heading\" data-id=\"78c46843\" data-element_type=\"widget\" data-widget_type=\"elementskit-heading.default\">\n\t\t\t\t<div class=\"elementor-widget-container\">\n\t\t\t\t\t<div class=\"ekit-wid-con\" ><div class=\"ekit-heading elementskit-section-title-wraper text_center   ekit_heading_tablet-   ekit_heading_mobile-\"><h2 class=\"ekit-heading--title elementskit-section-title \">Quelles sont les nouvelles lois ?<\/h2><h3 class=\"ekit-heading--subtitle elementskit-section-subtitle  \">\n\t\t\t\t\t\tAccueil \/ nouvelles lois\n\t\t\t\t\t<\/h3><\/div><\/div>\t\t\t\t<\/div>\n\t\t\t\t<\/div>\n\t\t\t\t\t<\/div>\n\t\t\t\t<\/div>\n\t\t<div class=\"elementor-element elementor-element-9f3228c e-flex e-con-boxed e-con e-parent\" data-id=\"9f3228c\" data-element_type=\"container\">\n\t\t\t\t\t<div class=\"e-con-inner\">\n\t\t\t\t<div class=\"elementor-element elementor-element-5bcccf8 elementor-widget elementor-widget-text-editor\" data-id=\"5bcccf8\" data-element_type=\"widget\" data-widget_type=\"text-editor.default\">\n\t\t\t\t<div class=\"elementor-widget-container\">\n\t\t\t\t\t\t\t\t\t<h1 data-pm-slice=\"1 1 []\">Nouvelles lois sur la v\u00e9rification de l&rsquo;\u00e2ge : comment 18Verified assure la conformit\u00e9 mondiale de votre site web<\/h1><p data-pm-slice=\"1 1 []\">Les gouvernements du monde entier, notamment au Royaume-Uni, aux \u00c9tats-Unis, en Australie et en Europe, ont introduit des lois rigoureuses de v\u00e9rification de l&rsquo;\u00e2ge visant \u00e0 prot\u00e9ger les mineurs contre l&rsquo;acc\u00e8s \u00e0 des contenus et produits inappropri\u00e9s en ligne. La conformit\u00e9 \u00e0 ces lois est d\u00e9sormais cruciale pour les sites web op\u00e9rant dans les secteurs du contenu pour adultes, du vapotage, des jeux d&rsquo;argent, du CBD et autres domaines sensibles \u00e0 l&rsquo;\u00e2ge. <\/p><p>Voici ce que vous devez savoir sur les diff\u00e9rentes r\u00e9glementations r\u00e9gionales et comment 18Verified peut vous aider sans effort \u00e0 rester conforme.<\/p><p> <\/p>\t\t\t\t\t\t\t\t<\/div>\n\t\t\t\t<\/div>\n\t\t\t\t<div class=\"elementor-element elementor-element-3cf082b elementor-widget elementor-widget-image\" data-id=\"3cf082b\" data-element_type=\"widget\" data-widget_type=\"image.default\">\n\t\t\t\t<div class=\"elementor-widget-container\">\n\t\t\t\t\t\t\t\t\t\t\t\t\t\t\t<img decoding=\"async\" width=\"300\" height=\"155\" src=\"https:\/\/www.18verified.com\/wp-content\/uploads\/2025\/07\/World_Map_300x150_Button-1-300x155.png\" class=\"attachment-medium size-medium wp-image-1912\" alt=\"\" srcset=\"https:\/\/www.18verified.com\/wp-content\/uploads\/2025\/07\/World_Map_300x150_Button-1-300x155.png 300w, https:\/\/www.18verified.com\/wp-content\/uploads\/2025\/07\/World_Map_300x150_Button-1.png 310w\" sizes=\"(max-width: 300px) 100vw, 300px\" \/>\t\t\t\t\t\t\t\t\t\t\t\t\t\t\t<\/div>\n\t\t\t\t<\/div>\n\t\t\t\t<div class=\"elementor-element elementor-element-27e44ae elementor-widget elementor-widget-text-editor\" data-id=\"27e44ae\" data-element_type=\"widget\" data-widget_type=\"text-editor.default\">\n\t\t\t\t<div class=\"elementor-widget-container\">\n\t\t\t\t\t\t\t\t\t<h2>Comprendre les diff\u00e9rentes lois sur la v\u00e9rification de l&rsquo;\u00e2ge<\/h2><h3>Royaume-Uni<\/h3><p>La loi britannique sur la s\u00e9curit\u00e9 en ligne exige une v\u00e9rification d&rsquo;\u00e2ge robuste pour les sites web h\u00e9bergeant du contenu pour adultes, les plateformes de jeux d&rsquo;argent, les produits de vapotage et les d\u00e9taillants de CBD. Les sites web doivent s&rsquo;assurer que les visiteurs sont confirm\u00e9s comme ayant plus de 18 ans par des m\u00e9thodes de v\u00e9rification s\u00fbres et fiables. <\/p><h3>\u00c9tats-Unis<\/h3><p>Aux \u00c9tats-Unis, les lois varient selon les \u00c9tats, de nombreuses juridictions imposant des mesures strictes de v\u00e9rification de l&rsquo;\u00e2ge. Les industries comprenant le divertissement pour adultes, le cannabis, les produits de vapotage et les jeux d&rsquo;argent en ligne doivent mettre en \u0153uvre des m\u00e9thodes v\u00e9rifiables pour confirmer pr\u00e9cis\u00e9ment l&rsquo;\u00e2ge des utilisateurs. <\/p><h3>Australie<\/h3><p>Les r\u00e9glementations f\u00e9d\u00e9rales et \u00e9tatiques australiennes exigent des contr\u00f4les d&rsquo;\u00e2ge stricts en ligne, particuli\u00e8rement pour les sites web de contenu pour adultes, les plateformes de jeux d&rsquo;argent en ligne et l&rsquo;industrie du vapotage. Le non-respect entra\u00eene des p\u00e9nalit\u00e9s importantes, rendant la v\u00e9rification pr\u00e9cise essentielle. <\/p><h3>Europe<\/h3><p>Dans l&rsquo;Union europ\u00e9enne, les r\u00e9glementations sur la s\u00e9curit\u00e9 num\u00e9rique comme le RGPD exigent des solutions de v\u00e9rification d&rsquo;\u00e2ge qui non seulement confirment efficacement l&rsquo;\u00e2ge mais prot\u00e8gent aussi rigoureusement la confidentialit\u00e9 des utilisateurs. Cela signifie que les solutions doivent traiter les donn\u00e9es de mani\u00e8re responsable et maintenir une stricte confidentialit\u00e9. <\/p><h2>Comment 18Verified assure la conformit\u00e9<\/h2><p>18Verified simplifie la conformit\u00e9 mondiale en proposant des m\u00e9thodes de v\u00e9rification universellement accept\u00e9es, notamment :<\/p><ul data-spread=\"false\"><li><p><strong>V\u00e9rification par carte de cr\u00e9dit<\/strong> : Une m\u00e9thode rapide et fiable confirmant l&rsquo;\u00e2ge d&rsquo;un utilisateur par une v\u00e9rification s\u00e9curis\u00e9e sans transaction.<\/p><\/li><li><p><strong>Correspondance photo d&rsquo;identit\u00e9<\/strong> : V\u00e9rification s\u00e9curis\u00e9e de l&rsquo;identit\u00e9 par le t\u00e9l\u00e9chargement d&rsquo;une pi\u00e8ce d&rsquo;identit\u00e9 et d&rsquo;un selfie.<\/p><\/li><\/ul><p> <\/p>\t\t\t\t\t\t\t\t<\/div>\n\t\t\t\t<\/div>\n\t\t\t\t<div class=\"elementor-element elementor-element-c9190db elementor-widget elementor-widget-image\" data-id=\"c9190db\" data-element_type=\"widget\" data-widget_type=\"image.default\">\n\t\t\t\t<div class=\"elementor-widget-container\">\n\t\t\t\t\t\t\t\t\t\t\t\t\t\t\t<img fetchpriority=\"high\" decoding=\"async\" width=\"300\" height=\"300\" src=\"https:\/\/www.18verified.com\/wp-content\/uploads\/2025\/07\/ChatGPT-Image-Jul-24-2025-11_08_29-AM-300x300.png\" class=\"attachment-medium size-medium wp-image-1913\" alt=\"\" srcset=\"https:\/\/www.18verified.com\/wp-content\/uploads\/2025\/07\/ChatGPT-Image-Jul-24-2025-11_08_29-AM-300x300.png 300w, https:\/\/www.18verified.com\/wp-content\/uploads\/2025\/07\/ChatGPT-Image-Jul-24-2025-11_08_29-AM-100x100.png 100w, https:\/\/www.18verified.com\/wp-content\/uploads\/2025\/07\/ChatGPT-Image-Jul-24-2025-11_08_29-AM-600x600.png 600w, https:\/\/www.18verified.com\/wp-content\/uploads\/2025\/07\/ChatGPT-Image-Jul-24-2025-11_08_29-AM-150x150.png 150w, https:\/\/www.18verified.com\/wp-content\/uploads\/2025\/07\/ChatGPT-Image-Jul-24-2025-11_08_29-AM-768x768.png 768w, https:\/\/www.18verified.com\/wp-content\/uploads\/2025\/07\/ChatGPT-Image-Jul-24-2025-11_08_29-AM.png 1024w\" sizes=\"(max-width: 300px) 100vw, 300px\" \/>\t\t\t\t\t\t\t\t\t\t\t\t\t\t\t<\/div>\n\t\t\t\t<\/div>\n\t\t\t\t<div class=\"elementor-element elementor-element-ecc53ac elementor-widget elementor-widget-text-editor\" data-id=\"ecc53ac\" data-element_type=\"widget\" data-widget_type=\"text-editor.default\">\n\t\t\t\t<div class=\"elementor-widget-container\">\n\t\t\t\t\t\t\t\t\t<h2>Pourquoi choisir 18Verified pour la conformit\u00e9 internationale ?<\/h2><h3>La confidentialit\u00e9 avant tout<\/h3><p>18Verified respecte les normes de confidentialit\u00e9 les plus \u00e9lev\u00e9es, assurant une r\u00e9tention minimale des donn\u00e9es, un chiffrement robuste et une stricte confidentialit\u00e9. La confidentialit\u00e9 de vos utilisateurs est toujours notre priorit\u00e9 absolue. <\/p><h3>Compatibilit\u00e9 mondiale<\/h3><p>Nos solutions s&rsquo;alignent parfaitement avec les exigences r\u00e9glementaires au Royaume-Uni, aux \u00c9tats-Unis, en Australie, en Europe et sur d&rsquo;autres march\u00e9s mondiaux, permettant \u00e0 votre entreprise de se d\u00e9velopper en toute confiance et s\u00e9curit\u00e9.<\/p><h3>Int\u00e9gration facile<\/h3><p>Les solutions de 18Verified offrent une mise en \u0153uvre facile via une API ou une int\u00e9gration Plug  Play, permettant un d\u00e9ploiement rapide ind\u00e9pendamment de vos capacit\u00e9s techniques ou de la taille de votre entreprise.<\/p><h3>Rentable<\/h3><p>Le mod\u00e8le unique par abonnement de 18Verified transf\u00e8re les co\u00fbts de v\u00e9rification directement aux utilisateurs, r\u00e9duisant consid\u00e9rablement vos d\u00e9penses commerciales par rapport aux mod\u00e8les traditionnels de paiement par v\u00e9rification.<\/p><h2>Gardez une longueur d&rsquo;avance sur les r\u00e9glementations avec 18Verified<\/h2><p>En choisissant 18Verified, vous assurez non seulement la conformit\u00e9 r\u00e9glementaire dans plusieurs juridictions, mais vous prot\u00e9gez \u00e9galement la confidentialit\u00e9 des utilisateurs, r\u00e9duisez les co\u00fbts commerciaux et am\u00e9liorez l&rsquo;exp\u00e9rience client.<\/p><p>Assurez la conformit\u00e9 mondiale aujourd&rsquo;hui et prot\u00e9gez votre entreprise pour demain.<\/p><p><a href=\"https:\/\/www.18verified.com\/fr\/plans\/\">Rejoignez 18Verified maintenant<\/a>.<\/p>\t\t\t\t\t\t\t\t<\/div>\n\t\t\t\t<\/div>\n\t\t\t\t\t<\/div>\n\t\t\t\t<\/div>\n\t\t\t\t<\/div>\n\t\t","protected":false},"excerpt":{"rendered":"<p>Quelles sont les nouvelles lois ? Accueil \/ nouvelles lois Nouvelles lois sur la v\u00e9rification de l&rsquo;\u00e2ge : comment 18Verified assure la conformit\u00e9 mondiale de votre site web Les gouvernements du monde entier, notamment au Royaume-Uni, aux \u00c9tats-Unis, en Australie et en Europe, ont introduit des lois rigoureuses de v\u00e9rification de l&rsquo;\u00e2ge visant \u00e0 prot\u00e9ger [&hellip;]<\/p>\n","protected":false},"author":1,"featured_media":0,"parent":0,"menu_order":0,"comment_status":"closed","ping_status":"closed","template":"elementor_header_footer","meta":{"postBodyCss":"","postBodyMargin":[],"postBodyPadding":[],"postBodyBackground":{"backgroundType":"classic","gradient":""},"footnotes":""},"class_list":["post-2142","page","type-page","status-publish","hentry"],"_links":{"self":[{"href":"https:\/\/www.18verified.com\/fr\/wp-json\/wp\/v2\/pages\/2142","targetHints":{"allow":["GET"]}}],"collection":[{"href":"https:\/\/www.18verified.com\/fr\/wp-json\/wp\/v2\/pages"}],"about":[{"href":"https:\/\/www.18verified.com\/fr\/wp-json\/wp\/v2\/types\/page"}],"author":[{"embeddable":true,"href":"https:\/\/www.18verified.com\/fr\/wp-json\/wp\/v2\/users\/1"}],"replies":[{"embeddable":true,"href":"https:\/\/www.18verified.com\/fr\/wp-json\/wp\/v2\/comments?post=2142"}],"version-history":[{"count":1,"href":"https:\/\/www.18verified.com\/fr\/wp-json\/wp\/v2\/pages\/2142\/revisions"}],"predecessor-version":[{"id":2143,"href":"https:\/\/www.18verified.com\/fr\/wp-json\/wp\/v2\/pages\/2142\/revisions\/2143"}],"wp:attachment":[{"href":"https:\/\/www.18verified.com\/fr\/wp-json\/wp\/v2\/media?parent=2142"}],"curies":[{"name":"wp","href":"https:\/\/api.w.org\/{rel}","templated":true}]}}