{"id":2160,"date":"2025-06-05T08:17:55","date_gmt":"2025-06-05T08:17:55","guid":{"rendered":"https:\/\/www.18verified.com\/pourquoi-choisir-18verified\/"},"modified":"2025-09-12T09:11:08","modified_gmt":"2025-09-12T09:11:08","slug":"pourquoi-choisir-18verified","status":"publish","type":"page","link":"https:\/\/www.18verified.com\/fr\/pourquoi-choisir-18verified\/","title":{"rendered":"Pourquoi choisir 18Verified ?"},"content":{"rendered":"\t\t<div data-elementor-type=\"wp-page\" data-elementor-id=\"2160\" class=\"elementor elementor-2160 elementor-367\" data-elementor-post-type=\"page\">\n\t\t\t\t<div class=\"elementor-element elementor-element-7f92e790 e-flex e-con-boxed e-con e-parent\" data-id=\"7f92e790\" data-element_type=\"container\" data-settings=\"{&quot;background_background&quot;:&quot;classic&quot;}\">\n\t\t\t\t\t<div class=\"e-con-inner\">\n\t\t\t\t<div class=\"elementor-element elementor-element-78c46843 elementor-widget elementor-widget-elementskit-heading\" data-id=\"78c46843\" data-element_type=\"widget\" data-widget_type=\"elementskit-heading.default\">\n\t\t\t\t<div class=\"elementor-widget-container\">\n\t\t\t\t\t<div class=\"ekit-wid-con\" ><div class=\"ekit-heading elementskit-section-title-wraper text_center   ekit_heading_tablet-   ekit_heading_mobile-\"><h2 class=\"ekit-heading--title elementskit-section-title \">Pourquoi choisir 18Verified ?<\/h2><h3 class=\"ekit-heading--subtitle elementskit-section-subtitle  \">\n\t\t\t\t\t\tAccueil \/ Pourquoi v\u00e9rifier ?\n\t\t\t\t\t<\/h3><\/div><\/div>\t\t\t\t<\/div>\n\t\t\t\t<\/div>\n\t\t\t\t\t<\/div>\n\t\t\t\t<\/div>\n\t\t<div class=\"elementor-element elementor-element-9f3228c e-flex e-con-boxed e-con e-parent\" data-id=\"9f3228c\" data-element_type=\"container\">\n\t\t\t\t\t<div class=\"e-con-inner\">\n\t\t\t\t<div class=\"elementor-element elementor-element-5bcccf8 elementor-widget elementor-widget-text-editor\" data-id=\"5bcccf8\" data-element_type=\"widget\" data-widget_type=\"text-editor.default\">\n\t\t\t\t<div class=\"elementor-widget-container\">\n\t\t\t\t\t\t\t\t\t<h1 data-pm-slice=\"1 1 []\">Pourquoi la v\u00e9rification de l\u2019\u00e2ge est d\u00e9sormais essentielle \u00e0 l\u2019\u00e9chelle mondiale \u2013 et pourquoi 18Verified est votre meilleur choix.<\/h1><p data-pm-slice=\"1 1 []\">Ces derni\u00e8res ann\u00e9es, la v\u00e9rification de l&rsquo;\u00e2ge en ligne est devenue une exigence essentielle dans de nombreux pays. Des pays comme le Royaume-Uni, les \u00c9tats-Unis, l&rsquo;Australie et plusieurs autres ont adopt\u00e9 des lois strictes en la mati\u00e8re afin de prot\u00e9ger les mineurs contre les contenus et produits inappropri\u00e9s en ligne. Face \u00e0 la mont\u00e9e en puissance de ces r\u00e9glementations \u00e0 l&rsquo;\u00e9chelle mondiale, les entreprises des secteurs concern\u00e9s sont confront\u00e9es \u00e0 d&rsquo;importants d\u00e9fis de conformit\u00e9.  <\/p><p>Voici pourquoi la v\u00e9rification internationale de l\u2019\u00e2ge est importante et pourquoi 18Verified est la solution mondiale id\u00e9ale pour votre entreprise.<\/p><h2 data-pm-slice=\"1 1 []\">L&rsquo;essor des exigences mondiales en mati\u00e8re de v\u00e9rification de l&rsquo;\u00e2ge<\/h2><p data-pm-slice=\"1 1 []\">Alors que les gouvernements du monde entier prennent des mesures pour prot\u00e9ger les mineurs, la v\u00e9rification obligatoire de l&rsquo;\u00e2ge s&rsquo;\u00e9tend d\u00e9sormais au-del\u00e0 des secteurs traditionnels tels que les jeux d&rsquo;argent et la vente d&rsquo;alcool. D\u00e9sormais, les plateformes de contenu pour adultes, les boutiques de vapotage, les d\u00e9taillants de CBD, etc., sont tous tenus de mettre en place des processus rigoureux de v\u00e9rification de l&rsquo;\u00e2ge. Les principales r\u00e9gions \u00e0 l&rsquo;origine de cette initiative mondiale sont :  <\/p><ul data-spread=\"false\"><li><p><strong>Royaume-Uni <\/strong>: la loi sur la s\u00e9curit\u00e9 en ligne impose une v\u00e9rification rigoureuse de l&rsquo;\u00e2ge pour les contenus destin\u00e9s aux adultes.<\/p><\/li><li><p><strong>\u00c9tats-Unis :<\/strong> Plusieurs \u00c9tats disposent d\u00e9sormais de lois strictes concernant la v\u00e9rification de l\u2019\u00e2ge des utilisateurs, notamment dans le contexte du contenu pour adultes, du vapotage et des produits \u00e0 base de cannabis.<\/p><\/li><li><p><strong>Australia<\/strong>: Federal and state-level regulations require stringent age checks for online gambling, vaping products, and adult content websites.<\/p><\/li><\/ul><p>Ces lois en constante \u00e9volution obligent les entreprises \u00e0 adopter de toute urgence des solutions de v\u00e9rification conformes, fiables et s\u00e9curis\u00e9es.<\/p><h2 data-pm-slice=\"1 1 []\">Pourquoi choisir 18Verified pour la conformit\u00e9 mondiale ?<\/h2><h3>Solution de v\u00e9rification universelle<\/h3><p>18Verified s&rsquo;adapte parfaitement aux cadres r\u00e9glementaires du Royaume-Uni, des \u00c9tats-Unis, de l&rsquo;Australie et d&rsquo;ailleurs. Nos m\u00e9thodes de v\u00e9rification (v\u00e9rification des cartes de cr\u00e9dit, v\u00e9rification des pi\u00e8ces d&rsquo;identit\u00e9 avec photo et v\u00e9rifications s\u00e9curis\u00e9es de l&rsquo;identit\u00e9 num\u00e9rique) sont largement accept\u00e9es \u00e0 l&rsquo;international, garantissant ainsi la conformit\u00e9 de votre entreprise, quel que soit le lieu d&rsquo;implantation de vos clients. <\/p><h3>Confidentialit\u00e9 et s\u00e9curit\u00e9<\/h3><p>At 18Verified, user privacy is paramount. Our solution ensures minimal data collection, robust encryption, and a strict no-tracking policy, reassuring your customers that their data is safe. Our approach is simple: Verify once, use everywhere, without compromising privacy.  <\/p><h3>Mod\u00e8le d&rsquo;abonnement rentable<\/h3><p>Les mod\u00e8les traditionnels de paiement \u00e0 la v\u00e9rification peuvent devenir prohibitifs, notamment face \u00e0 la croissance du trafic mondial. 18Verified propose un mod\u00e8le par abonnement qui r\u00e9duit consid\u00e9rablement les co\u00fbts de v\u00e9rification en les transf\u00e9rant directement \u00e0 l&rsquo;utilisateur. Cette approche permet une budg\u00e9tisation pr\u00e9visible et \u00e9vite les d\u00e9penses de conformit\u00e9 impr\u00e9vues.  <\/p><h3>Mise en \u0153uvre facile dans le monde entier<\/h3><p>18Verified propose une int\u00e9gration API et des options Plug &amp; Play, facilitant ainsi sa mise en \u0153uvre, quelle que soit la taille de votre entreprise ou ses capacit\u00e9s techniques. Cette simplicit\u00e9 de mise en \u0153uvre est id\u00e9ale pour les entreprises recherchant des solutions de conformit\u00e9 rapides sur plusieurs march\u00e9s internationaux. <\/p><h3>Exp\u00e9rience utilisateur am\u00e9lior\u00e9e<\/h3><p>Notre processus simplifi\u00e9 permet aux utilisateurs de v\u00e9rifier rapidement leur \u00e2ge, soit en t\u00e9l\u00e9chargeant une pi\u00e8ce d&rsquo;identit\u00e9 valide, soit par v\u00e9rification de carte bancaire. Cette approche efficace simplifie les \u00e9changes, am\u00e9liorant ainsi l&rsquo;exp\u00e9rience client et la fid\u00e9lisation. <\/p><h2>Conformit\u00e9 aux normes r\u00e9glementaires mondiales<\/h2><p>18Verified est sp\u00e9cifiquement con\u00e7u pour r\u00e9pondre aux normes r\u00e9glementaires strictes dans diverses juridictions, notamment :<\/p><ul data-spread=\"false\"><li><p><strong>Loi britannique sur la s\u00e9curit\u00e9 en ligne<\/strong><\/p><\/li><li><p><strong>R\u00e9glementations sp\u00e9cifiques aux \u00c9tats am\u00e9ricains (Californie, Louisiane, Utah, etc.)<\/strong><\/p><\/li><li><p><strong>Australian digital age verification mandates<\/strong><\/p><\/li><\/ul><h2>Comment fonctionne 18Verified<\/h2><p>18Verified propose deux m\u00e9thodes principales pour confirmer l&rsquo;\u00e2ge des utilisateurs \u00e0 l&rsquo;\u00e9chelle mondiale :<\/p><ul data-spread=\"false\"><li><p><strong>V\u00e9rification de carte de cr\u00e9dit<\/strong> : v\u00e9rifie rapidement l&rsquo;\u00e2ge sans traiter les transactions, offrant un maximum de commodit\u00e9 et de confidentialit\u00e9.<\/p><\/li><li><p><strong>Correspondance de photo d&rsquo;identit\u00e9<\/strong> : les utilisateurs t\u00e9l\u00e9chargent en toute s\u00e9curit\u00e9 une pi\u00e8ce d&rsquo;identit\u00e9, confirmant ainsi leur identit\u00e9 rapidement et avec pr\u00e9cision.<\/p><\/li><\/ul><p>Ces m\u00e9thodes garantissent une conformit\u00e9 totale avec les normes internationales, permettant aux entreprises d\u2019op\u00e9rer en toute confiance dans plusieurs juridictions.<\/p><h2>Conclusion: Choose Compliance, Privacy, and Global Scalability with 18Verified<\/h2><p>Avec l&rsquo;expansion mondiale rapide de la v\u00e9rification obligatoire de l&rsquo;\u00e2ge, le choix d&rsquo;une solution fiable, efficace et conviviale est essentiel. 18Verified permet aux entreprises du monde entier de garantir une conformit\u00e9 transparente et rentable qui privil\u00e9gie la confidentialit\u00e9 et la commodit\u00e9 des utilisateurs. <\/p><p>Pr\u00eat \u00e0 assurer votre conformit\u00e9 mondiale sans effort ?<\/p><p><a href=\"https:\/\/www.18verified.com\/fr\/plans\/\">Rejoignez 18Verified aujourd&rsquo;hui.<\/a><\/p>\t\t\t\t\t\t\t\t<\/div>\n\t\t\t\t<\/div>\n\t\t\t\t\t<\/div>\n\t\t\t\t<\/div>\n\t\t\t\t<\/div>\n\t\t","protected":false},"excerpt":{"rendered":"<p>Pourquoi choisir 18Verified ? Accueil \/ Pourquoi v\u00e9rifier ? Pourquoi la v\u00e9rification de l\u2019\u00e2ge est d\u00e9sormais essentielle \u00e0 l\u2019\u00e9chelle mondiale \u2013 et pourquoi 18Verified est votre meilleur choix. Ces derni\u00e8res ann\u00e9es, la v\u00e9rification de l&rsquo;\u00e2ge en ligne est devenue une exigence essentielle dans de nombreux pays. Des pays comme le Royaume-Uni, les \u00c9tats-Unis, l&rsquo;Australie et [&hellip;]<\/p>\n","protected":false},"author":1,"featured_media":0,"parent":0,"menu_order":0,"comment_status":"closed","ping_status":"closed","template":"elementor_header_footer","meta":{"postBodyCss":"","postBodyMargin":[],"postBodyPadding":[],"postBodyBackground":{"backgroundType":"classic","gradient":""},"footnotes":""},"class_list":["post-2160","page","type-page","status-publish","hentry"],"_links":{"self":[{"href":"https:\/\/www.18verified.com\/fr\/wp-json\/wp\/v2\/pages\/2160","targetHints":{"allow":["GET"]}}],"collection":[{"href":"https:\/\/www.18verified.com\/fr\/wp-json\/wp\/v2\/pages"}],"about":[{"href":"https:\/\/www.18verified.com\/fr\/wp-json\/wp\/v2\/types\/page"}],"author":[{"embeddable":true,"href":"https:\/\/www.18verified.com\/fr\/wp-json\/wp\/v2\/users\/1"}],"replies":[{"embeddable":true,"href":"https:\/\/www.18verified.com\/fr\/wp-json\/wp\/v2\/comments?post=2160"}],"version-history":[{"count":3,"href":"https:\/\/www.18verified.com\/fr\/wp-json\/wp\/v2\/pages\/2160\/revisions"}],"predecessor-version":[{"id":2168,"href":"https:\/\/www.18verified.com\/fr\/wp-json\/wp\/v2\/pages\/2160\/revisions\/2168"}],"wp:attachment":[{"href":"https:\/\/www.18verified.com\/fr\/wp-json\/wp\/v2\/media?parent=2160"}],"curies":[{"name":"wp","href":"https:\/\/api.w.org\/{rel}","templated":true}]}}